    {"id":93,"date":"2025-06-29T16:54:22","date_gmt":"2025-06-29T16:54:22","guid":{"rendered":"https:\/\/thetheniv.com\/?page_id=93"},"modified":"2025-06-29T16:54:22","modified_gmt":"2025-06-29T16:54:22","slug":"about-us","status":"publish","type":"page","link":"https:\/\/thetheniv.com\/bs\/about-us\/","title":{"rendered":"O nama"},"content":{"rendered":"<p>Dobrodo\u0161li u <strong>Theniv<\/strong> \u2013 va\u0161e sredi\u0161te sadr\u017eaja za digitalne inovacije, tehnolo\u0161ku komunikaciju i modernu transformaciju. Bez obzira da li tek ulazite u tehnolo\u0161ki prostor, razvijate svoju strategiju sadr\u017eaja ili tra\u017eite svje\u017ee perspektive, <strong>Theniv<\/strong> je tu da vas prati na svakom koraku.<\/p>\n\n\n\n<h3 class=\"wp-block-heading\"><strong>\u0160ta nas pokre\u0107e<\/strong><\/h3>\n\n\n\n<p>U <strong>Theniv<\/strong>, vjerujemo da informacije trebaju biti pronicljive, primjenjive i uskla\u0111ene s dana\u0161njim digitalnim svijetom. Na\u0161a misija je jednostavna: objavljivati visokokvalitetan, lako razumljiv sadr\u017eaj koji poma\u017ee kreatorima, profesionalcima i timovima da ostanu informirani, inspirirani i ispred svih. Znanje nije samo o trendovima \u2013 ono je o jasno\u0107i i smjeru.<\/p>\n\n\n\n<h3 class=\"wp-block-heading\"><strong>Ko smo mi<\/strong><\/h3>\n\n\n\n<p>Mi smo tim pisaca, stratega i tehnolo\u0161kih entuzijasta strastvenih u pojednostavljivanju slo\u017eenih ideja. <strong>Theniv<\/strong> nastao je iz \u017eelje da se smanji jaz izme\u0111u inovacije i komunikacije. To zna\u010di da se fokusiramo na sadr\u017eaj koji je ne samo zanimljiv, ve\u0107 i utemeljen na relevantnosti za stvarni svijet \u2013 bilo da se radi o novoj tehnologiji, digitalnoj strategiji, komunikacijskim alatima ili dizajnu sadr\u017eaja.<\/p>\n\n\n\n<p>Ovdje niste samo \u010ditalac. Vi ste dio rastu\u0107e zajednice koja cijeni dubinu, znati\u017eelju i napredak.<\/p>\n\n\n\n<h3 class=\"wp-block-heading\"><strong>Uklju\u010dite se<\/strong><\/h3>\n\n\n\n<p>Imate li ideju za \u010dlanak? \u017delite li podijeliti svoje mi\u0161ljenje ili preporu\u010diti temu koju bismo trebali obraditi? Voljeli bismo \u010duti va\u0161e mi\u0161ljenje. Na <strong>Theniv<\/strong>, va\u0161e povratne informacije podsti\u010du na\u0161e sljede\u0107e korake, a va\u0161 doprinos poma\u017ee u oblikovanju smjera modernog digitalnog izdava\u0161tva.<\/p>\n\n\n\n<p>Izgradimo ne\u0161to bolje, zajedno \u2013 jednu temu, jedan uvid, jednu transformaciju u isto vrijeme.<\/p>","protected":false},"excerpt":{"rendered":"<p>Welcome to TheTheniv \u2013 your content hub for digital innovation, tech communication, and modern transformation. Whether you\u2019re just entering the tech space, evolving your content strategy, or seeking fresh perspectives, TheTheniv is here to walk with you every step of the way. What drives us At TheTheniv, we believe that information should be insightful, actionable, [&hellip;]<\/p>","protected":false},"author":198,"featured_media":0,"parent":0,"menu_order":0,"comment_status":"closed","ping_status":"closed","template":"","meta":{"footnotes":""},"_links":{"self":[{"href":"https:\/\/thetheniv.com\/bs\/wp-json\/wp\/v2\/pages\/93"}],"collection":[{"href":"https:\/\/thetheniv.com\/bs\/wp-json\/wp\/v2\/pages"}],"about":[{"href":"https:\/\/thetheniv.com\/bs\/wp-json\/wp\/v2\/types\/page"}],"author":[{"embeddable":true,"href":"https:\/\/thetheniv.com\/bs\/wp-json\/wp\/v2\/users\/198"}],"replies":[{"embeddable":true,"href":"https:\/\/thetheniv.com\/bs\/wp-json\/wp\/v2\/comments?post=93"}],"version-history":[{"count":1,"href":"https:\/\/thetheniv.com\/bs\/wp-json\/wp\/v2\/pages\/93\/revisions"}],"predecessor-version":[{"id":94,"href":"https:\/\/thetheniv.com\/bs\/wp-json\/wp\/v2\/pages\/93\/revisions\/94"}],"wp:attachment":[{"href":"https:\/\/thetheniv.com\/bs\/wp-json\/wp\/v2\/media?parent=93"}],"curies":[{"name":"wp","href":"https:\/\/api.w.org\/{rel}","templated":true}]}}