    {"id":90,"date":"2025-06-29T16:53:39","date_gmt":"2025-06-29T16:53:39","guid":{"rendered":"https:\/\/thetheniv.com\/?page_id=90"},"modified":"2025-10-23T14:35:30","modified_gmt":"2025-10-23T14:35:30","slug":"terms-of-use","status":"publish","type":"page","link":"https:\/\/thetheniv.com\/cs\/terms-of-use\/","title":{"rendered":"Podm\u00ednky pou\u017eit\u00ed"},"content":{"rendered":"<p><strong>Posledn\u00ed aktualizace: 29. \u010dervna 2025<\/strong><\/p>\n\n\n\n<p><strong>Theniv<\/strong> (<a class=\"\" href=\"https:\/\/thetheniv.com\/cs\/\">https:\/\/thetheniv.com<\/a>) funguje jako nez\u00e1visl\u00e1 platforma pro digit\u00e1ln\u00ed publikov\u00e1n\u00ed, kter\u00e1 nab\u00edz\u00ed technick\u00fd obsah a \u010dl\u00e1nky zam\u011b\u0159en\u00e9 na inovace, digit\u00e1ln\u00ed transformaci a komunikaci v technologick\u00e9m prostoru. P\u0159\u00edstupem na tyto webov\u00e9 str\u00e1nky nebo jejich pou\u017e\u00edv\u00e1n\u00edm souhlas\u00edte s dodr\u017eov\u00e1n\u00edm n\u00ed\u017ee uveden\u00fdch podm\u00ednek a z\u00e1sad.<\/p>\n\n\n\n<p>Tyto Podm\u00ednky pou\u017eit\u00ed definuj\u00ed pr\u00e1va a povinnosti u\u017eivatel\u016f interaguj\u00edc\u00edch s <strong>Theniv<\/strong> platformu. Pou\u017e\u00edv\u00e1n\u00ed webov\u00fdch str\u00e1nek se rovn\u011b\u017e \u0159\u00edd\u00ed na\u0161imi Z\u00e1sadami ochrany osobn\u00edch \u00fadaj\u016f.<\/p>\n\n\n\n<p><strong>POZORN\u011a SI P\u0158E\u010cT\u011aTE TYTO PODM\u00cdNKY. POKUD S NIM NESOUHLAS\u00cdTE, NEPOU\u017d\u00cdVEJTE PROS\u00cdM THETHENIV ANI \u017d\u00c1DNOU Z JEHO SLU\u017dEB.<\/strong><\/p>\n\n\n\n<h3 class=\"wp-block-heading\"><strong>\u010cl\u00e1nek I \u2013 U\u017eivatelsk\u00e1 smlouva<\/strong><\/h3>\n\n\n\n<p>1.1 Pou\u017eit\u00edm <strong>Theniv<\/strong>, potvrzujete sv\u016fj pln\u00fd souhlas s t\u011bmito Podm\u00ednkami pou\u017eit\u00ed a na\u0161imi Z\u00e1sadami ochrany osobn\u00edch \u00fadaj\u016f.<br>1.2 Pro pou\u017e\u00edv\u00e1n\u00ed t\u00e9to platformy mus\u00edte b\u00fdt star\u0161\u00ed 18 let nebo m\u00edt ve va\u0161\u00ed jurisdikci zp\u016fsobilost k pr\u00e1vn\u00edm \u00fakon\u016fm.<br>1.3 Pokud tyto podm\u00ednky nespl\u0148ujete nebo s jakoukoli \u010d\u00e1st\u00ed t\u011bchto podm\u00ednek nesouhlas\u00edte, nem\u016f\u017eete k na\u0161im slu\u017eb\u00e1m p\u0159istupovat ani je pou\u017e\u00edvat.<\/p>\n\n\n\n<h3 class=\"wp-block-heading\"><strong>\u010cl\u00e1nek II \u2013 Komunikace<\/strong><\/h3>\n\n\n\n<p>2.1 <strong>Theniv<\/strong> poskytuje komunika\u010dn\u00ed kan\u00e1ly, kter\u00fdmi mohou u\u017eivatel\u00e9 kl\u00e1st ot\u00e1zky, zas\u00edlat n\u00e1vrhy nebo hl\u00e1sit technick\u00e9 probl\u00e9my.<br>2.2 M\u016f\u017eete n\u00e1s kontaktovat prost\u0159ednictv\u00edm na\u0161\u00ed kontaktn\u00ed str\u00e1nky nebo prost\u0159ednictv\u00edm tam uveden\u00fdch e-mailov\u00fdch adres.<\/p>\n\n\n\n<h3 class=\"wp-block-heading\"><strong>\u010cl\u00e1nek III \u2013 Odpov\u011bdnosti stran<\/strong><\/h3>\n\n\n\n<p>3.1 U\u017eivatel\u00e9 mus\u00ed souhlasit s t\u011bmito Podm\u00ednkami pou\u017e\u00edv\u00e1n\u00ed a Z\u00e1sadami ochrany osobn\u00edch \u00fadaj\u016f a dodr\u017eovat je p\u0159i interakci s <strong>Theniv<\/strong> obsah nebo slu\u017eby.<br>3.2 <strong>Theniv<\/strong> m\u016f\u017ee obsahovat odkazy na webov\u00e9 str\u00e1nky t\u0159et\u00edch stran s dal\u0161\u00edmi informacemi nebo referencemi. Tyto odkazy jsou poskytov\u00e1ny pouze pro va\u0161e pohodl\u00ed.<br>3.3 Po p\u0159esm\u011brov\u00e1n\u00ed se na v\u00e1s vztahuj\u00ed z\u00e1sady webu t\u0159et\u00ed strany. <strong>Theniv<\/strong> nenese odpov\u011bdnost za p\u0159esnost, postupy ani spolehlivost extern\u00edch webov\u00fdch str\u00e1nek.<br>3.4 U\u017eivatel\u00e9 jsou v\u00fdhradn\u011b zodpov\u011bdn\u00ed za bezpe\u010dnost sv\u00e9ho internetov\u00e9ho p\u0159ipojen\u00ed, za\u0159\u00edzen\u00ed a p\u0159\u00edstupu k \u00fa\u010dtu b\u011bhem pou\u017e\u00edv\u00e1n\u00ed <strong>Theniv<\/strong>.<br>3.5 <strong>Theniv<\/strong> nenese odpov\u011bdnost za \u0161kody zp\u016fsoben\u00e9 technick\u00fdmi selh\u00e1n\u00edmi, neopr\u00e1vn\u011bn\u00fdm p\u0159\u00edstupem nebo zneu\u017eit\u00edm platformy mimo na\u0161i kontrolu.<br>3.6 Nikdy nebudeme po\u017eadovat bankovn\u00ed p\u0159evody, d\u016fv\u011brn\u00e9 \u00fadaje ani citliv\u00e9 osobn\u00ed informace prost\u0159ednictv\u00edm neofici\u00e1ln\u00edch kan\u00e1l\u016f.<br>3.7 Jak\u00e9koli podez\u0159el\u00e9 zpr\u00e1vy nebo aktivity jm\u00e9nem <strong>Theniv<\/strong> by m\u011bly b\u00fdt neprodlen\u011b nahl\u00e1\u0161eny prost\u0159ednictv\u00edm na\u0161\u00ed kontaktn\u00ed str\u00e1nky.<\/p>\n\n\n\n<h3 class=\"wp-block-heading\"><strong>\u010cl\u00e1nek IV \u2013 Zak\u00e1zan\u00e9 chov\u00e1n\u00ed<\/strong><\/h3>\n\n\n\n<p>U\u017eivatel\u016fm je p\u0159\u00edsn\u011b zak\u00e1z\u00e1no:<\/p>\n\n\n\n<ul>\n<li>Zapojen\u00ed se do nez\u00e1konn\u00e9ho, podvodn\u00e9ho nebo zlomysln\u00e9ho chov\u00e1n\u00ed;<\/li>\n\n\n\n<li>Poru\u0161en\u00ed pr\u00e1v du\u0161evn\u00edho vlastnictv\u00ed nebo z\u00e1kon\u016f na ochranu soukrom\u00ed;<\/li>\n\n\n\n<li>Nahr\u00e1v\u00e1n\u00ed nebo distribuce vir\u016f \u010di \u0161kodliv\u00e9ho k\u00f3du;<\/li>\n\n\n\n<li>Vyd\u00e1v\u00e1n\u00ed se za jednotlivce nebo subjekty;<\/li>\n\n\n\n<li>Shroma\u017e\u010fov\u00e1n\u00ed \u00fadaj\u016f bez souhlasu;<\/li>\n\n\n\n<li>Sd\u00edlen\u00ed zav\u00e1d\u011bj\u00edc\u00edho nebo neopr\u00e1vn\u011bn\u00e9ho obsahu;<\/li>\n\n\n\n<li>Obt\u011b\u017eov\u00e1n\u00ed, pomlouv\u00e1n\u00ed nebo vyhro\u017eov\u00e1n\u00ed ostatn\u00edm;<\/li>\n\n\n\n<li>Pokus o hacknut\u00ed nebo naru\u0161en\u00ed provozu platformy.<\/li>\n<\/ul>\n\n\n\n<p>Poru\u0161en\u00ed m\u016f\u017ee v\u00e9st k pozastaven\u00ed nebo trval\u00e9mu ukon\u010den\u00ed p\u0159\u00edstupu k <strong>Theniv<\/strong>, bez p\u0159edchoz\u00edho upozorn\u011bn\u00ed.<\/p>\n\n\n\n<h3 class=\"wp-block-heading\"><strong>\u010cl\u00e1nek V \u2013 Omezen\u00ed odpov\u011bdnosti a z\u00e1ruky<\/strong><\/h3>\n\n\n\n<p><strong>Theniv<\/strong> poskytuje sv\u00e9 slu\u017eby a obsah \u201etak, jak jsou\u201c a \u201etak, jak jsou k dispozici\u201c, bez v\u00fdslovn\u00fdch nebo implicitn\u00edch z\u00e1ruk.<br>Nezaru\u010dujeme nep\u0159eru\u0161ovan\u00fd p\u0159\u00edstup, bezchybn\u00e9 materi\u00e1ly ani to, \u017ee obsah bude v\u017edy aktu\u00e1ln\u00ed \u010di vhodn\u00fd pro v\u0161echny \u00fa\u010dely.<br>V maxim\u00e1ln\u00edm rozsahu povolen\u00e9m z\u00e1konem, <strong>Theniv<\/strong> se z\u0159\u00edk\u00e1 odpov\u011bdnosti za jak\u00e9koli p\u0159\u00edm\u00e9, nep\u0159\u00edm\u00e9, n\u00e1hodn\u00e9 nebo n\u00e1sledn\u00e9 \u0161kody souvisej\u00edc\u00ed s pou\u017e\u00edv\u00e1n\u00edm str\u00e1nek nebo jejich obsahu.<\/p>\n\n\n\n<h3 class=\"wp-block-heading\"><strong>\u010cl\u00e1nek VI \u2013 Lh\u016fta a z\u00e1konn\u00fd r\u00e1mec<\/strong><\/h3>\n\n\n\n<p>Tyto Podm\u00ednky pou\u017e\u00edv\u00e1n\u00ed z\u016fst\u00e1vaj\u00ed v platnosti na dobu neur\u010ditou. Ve\u0161ker\u00e9 pr\u00e1vn\u00ed n\u00e1roky nebo spory t\u00fdkaj\u00edc\u00ed se platformy mus\u00ed b\u00fdt uplatn\u011bny do 90 (devades\u00e1ti) dn\u016f od ud\u00e1losti, kter\u00e1 zalo\u017eila n\u00e1rok.<\/p>\n\n\n\n<h3 class=\"wp-block-heading\"><strong>\u010cl\u00e1nek VII \u2013 Rozhodn\u00e9 pr\u00e1vo a jurisdikce<\/strong><\/h3>\n\n\n\n<p>These Terms of Use shall be governed by and construed in accordance with the <strong>laws of the Republic of Estonia<\/strong>. Any dispute, controversy, or claim arising out of or relating to these Terms or the use of this website shall be resolved in accordance with Estonian law, under the <strong>exclusive jurisdiction of the courts located in Tallinn, Estonia<\/strong>.<br>This clause ensures legal transparency and alignment with international compliance best practices, as provided by the Estonian <em>Law of Obligations Act<\/em> a <em>Private International Law Act<\/em>.<\/p>\n\n\n\n<h3 class=\"wp-block-heading\"><strong>\u010cl\u00e1nek VIII \u2013 Du\u0161evn\u00ed vlastnictv\u00ed<\/strong><\/h3>\n\n\n\n<p>8.1 Ve\u0161ker\u00fd obsah na <strong>Theniv<\/strong>, v\u010detn\u011b \u010dl\u00e1nk\u016f, grafiky, textu a brandingu, je chr\u00e1n\u011bno z\u00e1kony o du\u0161evn\u00edm vlastnictv\u00ed.<br>8.2 Bez p\u00edsemn\u00e9ho souhlasu nesm\u00edte kop\u00edrovat, reprodukovat, znovu publikovat ani distribuovat \u017e\u00e1dnou \u010d\u00e1st obsahu <strong>Theniv<\/strong>.<br>8.3 Za obsah odeslan\u00fd u\u017eivateli z\u016fst\u00e1v\u00e1 odpov\u011bdnost p\u0159isp\u011bvatele. <strong>Theniv<\/strong> si vyhrazuje pr\u00e1vo odstranit jak\u00fdkoli obsah, kter\u00fd poru\u0161uje pr\u00e1vn\u00ed nebo etick\u00e9 normy.<\/p>\n\n\n\n<h3 class=\"wp-block-heading\"><strong>\u010cl\u00e1nek IX \u2013 Zm\u011bny podm\u00ednek<\/strong><\/h3>\n\n\n\n<p><strong>Theniv<\/strong> si vyhrazuje pr\u00e1vo kdykoli aktualizovat, upravit nebo ukon\u010dit jakoukoli \u010d\u00e1st t\u011bchto Podm\u00ednek nebo slu\u017eeb bez p\u0159edchoz\u00edho upozorn\u011bn\u00ed.<br>Je va\u0161\u00ed odpov\u011bdnost\u00ed tuto str\u00e1nku pravideln\u011b kontrolovat. Pokra\u010dov\u00e1n\u00edm v pou\u017e\u00edv\u00e1n\u00ed platformy souhlas\u00edte s ve\u0161ker\u00fdmi revidovan\u00fdmi podm\u00ednkami.<\/p>\n\n\n\n<h3 class=\"wp-block-heading\"><strong>\u010cl\u00e1nek X \u2013 Kontakt<\/strong><\/h3>\n\n\n\n<p>S dotazy nebo obavami t\u00fdkaj\u00edc\u00edmi se t\u011bchto Podm\u00ednek pou\u017e\u00edv\u00e1n\u00ed n\u00e1s m\u016f\u017eete kontaktovat na adrese:<br><a>https:\/\/thetheniv.com\/contact<\/a><br>E-mail: <a>info@thetheniv.com<\/a><\/p>\n\n\n\n<p><strong>POKUD S T\u011aMITO PODM\u00cdNKAMI NESOUHLAS\u00cdTE, ZDR\u017dTE SE PROS\u00cdM POU\u017d\u00cdV\u00c1N\u00cd SPOLE\u010cNOSTI THETHENIV A JEHO SLU\u017dEB.<\/strong><\/p>","protected":false},"excerpt":{"rendered":"<p>Last updated: June 29, 2025 TheTheniv (https:\/\/thetheniv.com) operates as an independent digital publishing platform offering technical content and articles focused on innovation, digital transformation, and communication in the tech space. By accessing or using this website, you agree to abide by the terms, conditions, and policies outlined below. These Terms of Use define the rights [&hellip;]<\/p>","protected":false},"author":198,"featured_media":0,"parent":0,"menu_order":0,"comment_status":"closed","ping_status":"closed","template":"","meta":{"footnotes":""},"_links":{"self":[{"href":"https:\/\/thetheniv.com\/cs\/wp-json\/wp\/v2\/pages\/90"}],"collection":[{"href":"https:\/\/thetheniv.com\/cs\/wp-json\/wp\/v2\/pages"}],"about":[{"href":"https:\/\/thetheniv.com\/cs\/wp-json\/wp\/v2\/types\/page"}],"author":[{"embeddable":true,"href":"https:\/\/thetheniv.com\/cs\/wp-json\/wp\/v2\/users\/198"}],"replies":[{"embeddable":true,"href":"https:\/\/thetheniv.com\/cs\/wp-json\/wp\/v2\/comments?post=90"}],"version-history":[{"count":2,"href":"https:\/\/thetheniv.com\/cs\/wp-json\/wp\/v2\/pages\/90\/revisions"}],"predecessor-version":[{"id":494,"href":"https:\/\/thetheniv.com\/cs\/wp-json\/wp\/v2\/pages\/90\/revisions\/494"}],"wp:attachment":[{"href":"https:\/\/thetheniv.com\/cs\/wp-json\/wp\/v2\/media?parent=90"}],"curies":[{"name":"wp","href":"https:\/\/api.w.org\/{rel}","templated":true}]}}