    {"id":93,"date":"2025-06-29T16:54:22","date_gmt":"2025-06-29T16:54:22","guid":{"rendered":"https:\/\/thetheniv.com\/?page_id=93"},"modified":"2025-06-29T16:54:22","modified_gmt":"2025-06-29T16:54:22","slug":"about-us","status":"publish","type":"page","link":"https:\/\/thetheniv.com\/cs\/about-us\/","title":{"rendered":"O n\u00e1s"},"content":{"rendered":"<p>V\u00edtejte v <strong>Theniv<\/strong> \u2013 va\u0161e centrum obsahu pro digit\u00e1ln\u00ed inovace, technologickou komunikaci a modern\u00ed transformaci. A\u0165 u\u017e do technologick\u00e9ho prostoru teprve vstupujete, vyv\u00edj\u00edte svou obsahovou strategii nebo hled\u00e1te nov\u00e9 perspektivy, <strong>Theniv<\/strong> je tu, aby s v\u00e1mi kr\u00e1\u010del na ka\u017ed\u00e9m kroku.<\/p>\n\n\n\n<h3 class=\"wp-block-heading\"><strong>Co n\u00e1s \u017eene vp\u0159ed<\/strong><\/h3>\n\n\n\n<p>Na <strong>Theniv<\/strong>V\u011b\u0159\u00edme, \u017ee informace by m\u011bly b\u00fdt u\u017eite\u010dn\u00e9, praktick\u00e9 a v souladu s dne\u0161n\u00edm digit\u00e1ln\u00edm sv\u011btem. Na\u0161\u00edm posl\u00e1n\u00edm je jednoduch\u00e9: publikovat vysoce kvalitn\u00ed a snadno sledovateln\u00fd obsah, kter\u00fd pom\u00e1h\u00e1 tv\u016frc\u016fm, profesion\u00e1l\u016fm a t\u00fdm\u016fm z\u016fstat informovan\u00ed, inspirovan\u00ed a m\u00edt n\u00e1skok p\u0159ed ostatn\u00edmi. Znalosti nejsou jen o trendech \u2013 jde o jasnost a sm\u011br.<\/p>\n\n\n\n<h3 class=\"wp-block-heading\"><strong>Kdo jsme<\/strong><\/h3>\n\n\n\n<p>Jsme t\u00fdm autor\u016f, strat\u00e9g\u016f a technologick\u00fdch nad\u0161enc\u016f, kte\u0159\u00ed s v\u00e1\u0161n\u00ed zjednodu\u0161uj\u00ed slo\u017eit\u00e9 my\u0161lenky. <strong>Theniv<\/strong> se zrodila z touhy p\u0159eklenout propast mezi inovac\u00ed a komunikac\u00ed. To znamen\u00e1, \u017ee se zam\u011b\u0159ujeme na obsah, kter\u00fd je nejen poutav\u00fd, ale tak\u00e9 relevantn\u00ed pro re\u00e1ln\u00fd sv\u011bt \u2013 a\u0165 u\u017e se jedn\u00e1 o nov\u011b vznikaj\u00edc\u00ed technologie, digit\u00e1ln\u00ed strategii, komunika\u010dn\u00ed n\u00e1stroje nebo design obsahu.<\/p>\n\n\n\n<p>Zde nejste jen \u010dten\u00e1\u0159. Jste sou\u010d\u00e1st\u00ed rostouc\u00ed komunity, kter\u00e1 si cen\u00ed hloubky, zv\u011bdavosti a pokroku.<\/p>\n\n\n\n<h3 class=\"wp-block-heading\"><strong>Zapojte se<\/strong><\/h3>\n\n\n\n<p>M\u00e1te n\u00e1pad na \u010dl\u00e1nek? Chcete se pod\u011blit o sv\u016fj n\u00e1zor nebo doporu\u010dit t\u00e9ma, kter\u00e9mu bychom se m\u011bli v\u011bnovat? R\u00e1di bychom od v\u00e1s sly\u0161eli. Na <strong>Theniv<\/strong>, va\u0161e zp\u011btn\u00e1 vazba podn\u011bcuje na\u0161e dal\u0161\u00ed kroky a v\u00e1\u0161 p\u0159\u00edsp\u011bvek pom\u00e1h\u00e1 utv\u00e1\u0159et sm\u011br modern\u00edho digit\u00e1ln\u00edho publikov\u00e1n\u00ed.<\/p>\n\n\n\n<p>Poj\u010fme spole\u010dn\u011b vybudovat n\u011bco lep\u0161\u00edho \u2013 jedno t\u00e9ma, jeden vhled, jednu transformaci po druh\u00e9m.<\/p>","protected":false},"excerpt":{"rendered":"<p>V\u00edtejte v TheTheniv \u2013 va\u0161em centru obsahu pro digit\u00e1ln\u00ed inovace, technologickou komunikaci a modern\u00ed transformaci. A\u0165 u\u017e do technologick\u00e9ho prostoru teprve vstupujete, vyv\u00edj\u00edte svou obsahovou strategii nebo hled\u00e1te nov\u00e9 perspektivy, TheTheniv je tu, aby v\u00e1s s sebou provedl na ka\u017ed\u00e9m kroku. Co n\u00e1s \u017eene vp\u0159ed V TheTheniv v\u011b\u0159\u00edme, \u017ee informace by m\u011bly b\u00fdt u\u017eite\u010dn\u00e9, praktick\u00e9, [\u2026]<\/p>","protected":false},"author":198,"featured_media":0,"parent":0,"menu_order":0,"comment_status":"closed","ping_status":"closed","template":"","meta":{"footnotes":""},"_links":{"self":[{"href":"https:\/\/thetheniv.com\/cs\/wp-json\/wp\/v2\/pages\/93"}],"collection":[{"href":"https:\/\/thetheniv.com\/cs\/wp-json\/wp\/v2\/pages"}],"about":[{"href":"https:\/\/thetheniv.com\/cs\/wp-json\/wp\/v2\/types\/page"}],"author":[{"embeddable":true,"href":"https:\/\/thetheniv.com\/cs\/wp-json\/wp\/v2\/users\/198"}],"replies":[{"embeddable":true,"href":"https:\/\/thetheniv.com\/cs\/wp-json\/wp\/v2\/comments?post=93"}],"version-history":[{"count":1,"href":"https:\/\/thetheniv.com\/cs\/wp-json\/wp\/v2\/pages\/93\/revisions"}],"predecessor-version":[{"id":94,"href":"https:\/\/thetheniv.com\/cs\/wp-json\/wp\/v2\/pages\/93\/revisions\/94"}],"wp:attachment":[{"href":"https:\/\/thetheniv.com\/cs\/wp-json\/wp\/v2\/media?parent=93"}],"curies":[{"name":"wp","href":"https:\/\/api.w.org\/{rel}","templated":true}]}}