    {"id":93,"date":"2025-06-29T16:54:22","date_gmt":"2025-06-29T16:54:22","guid":{"rendered":"https:\/\/thetheniv.com\/?page_id=93"},"modified":"2025-06-29T16:54:22","modified_gmt":"2025-06-29T16:54:22","slug":"about-us","status":"publish","type":"page","link":"https:\/\/thetheniv.com\/de\/about-us\/","title":{"rendered":"\u00dcber uns"},"content":{"rendered":"<p>Willkommen bei <strong>TheTheniv<\/strong> \u2013 Ihre Content-Plattform f\u00fcr digitale Innovation, Technologiekommunikation und modernen Wandel. Egal, ob Sie gerade erst in die Tech-Branche einsteigen, Ihre Content-Strategie weiterentwickeln oder nach neuen Perspektiven suchen, <strong>TheTheniv<\/strong> ist hier, um Sie auf jedem Schritt Ihres Weges zu begleiten.<\/p>\n\n\n\n<h3 class=\"wp-block-heading\"><strong>Was uns antreibt<\/strong><\/h3>\n\n\n\n<p>Bei <strong>TheTheniv<\/strong>Wir sind \u00fcberzeugt, dass Informationen aufschlussreich, praxisorientiert und auf die heutige digitale Welt zugeschnitten sein sollten. Unsere Mission ist einfach: Wir ver\u00f6ffentlichen hochwertige, leicht verst\u00e4ndliche Inhalte, die Kreativen, Fachleuten und Teams helfen, informiert, inspiriert und zukunftsorientiert zu bleiben. Wissen bedeutet mehr als nur Trends \u2013 es bedeutet Klarheit und Orientierung.<\/p>\n\n\n\n<h3 class=\"wp-block-heading\"><strong>Wer wir sind<\/strong><\/h3>\n\n\n\n<p>Wir sind ein Team aus Autoren, Strategen und Technikbegeisterten, die mit Leidenschaft komplexe Ideen vereinfachen wollen. <strong>TheTheniv<\/strong> Entstanden aus dem Wunsch, die L\u00fccke zwischen Innovation und Kommunikation zu schlie\u00dfen. Das bedeutet, dass wir uns auf Inhalte konzentrieren, die nicht nur fesselnd, sondern auch praxisrelevant sind \u2013 sei es im Bereich neuer Technologien, digitaler Strategien, Kommunikationstools oder Content-Design.<\/p>\n\n\n\n<p>Hier sind Sie nicht nur ein Leser. Sie sind Teil einer wachsenden Gemeinschaft, die Wert auf Tiefgang, Neugier und Fortschritt legt.<\/p>\n\n\n\n<h3 class=\"wp-block-heading\"><strong>Mach mit!<\/strong><\/h3>\n\n\n\n<p>Haben Sie eine Idee f\u00fcr einen Artikel? M\u00f6chten Sie Ihre Meinung \u00e4u\u00dfern oder uns ein Thema vorschlagen, \u00fcber das wir berichten sollten? Wir freuen uns, von Ihnen zu h\u00f6ren. <strong>TheTheniv<\/strong>Ihr Feedback ist die Grundlage f\u00fcr unsere n\u00e4chsten Schritte, und Ihre Anregungen helfen uns, die Richtung des modernen digitalen Publizierens zu gestalten.<\/p>\n\n\n\n<p>Lasst uns gemeinsam etwas Besseres aufbauen \u2013 ein Thema, eine Erkenntnis, eine Transformation nach der anderen.<\/p>","protected":false},"excerpt":{"rendered":"<p>Willkommen bei TheTheniv \u2013 Ihrem Content-Hub f\u00fcr digitale Innovation, Tech-Kommunikation und modernen Wandel. Egal, ob Sie gerade erst in die Tech-Welt einsteigen, Ihre Content-Strategie weiterentwickeln oder nach neuen Perspektiven suchen: TheTheniv begleitet Sie auf jedem Schritt Ihres Weges. Was uns antreibt: Wir bei TheTheniv glauben, dass Informationen aufschlussreich und handlungsorientiert sein sollten. [\u2026]<\/p>","protected":false},"author":198,"featured_media":0,"parent":0,"menu_order":0,"comment_status":"closed","ping_status":"closed","template":"","meta":{"footnotes":""},"_links":{"self":[{"href":"https:\/\/thetheniv.com\/de\/wp-json\/wp\/v2\/pages\/93"}],"collection":[{"href":"https:\/\/thetheniv.com\/de\/wp-json\/wp\/v2\/pages"}],"about":[{"href":"https:\/\/thetheniv.com\/de\/wp-json\/wp\/v2\/types\/page"}],"author":[{"embeddable":true,"href":"https:\/\/thetheniv.com\/de\/wp-json\/wp\/v2\/users\/198"}],"replies":[{"embeddable":true,"href":"https:\/\/thetheniv.com\/de\/wp-json\/wp\/v2\/comments?post=93"}],"version-history":[{"count":1,"href":"https:\/\/thetheniv.com\/de\/wp-json\/wp\/v2\/pages\/93\/revisions"}],"predecessor-version":[{"id":94,"href":"https:\/\/thetheniv.com\/de\/wp-json\/wp\/v2\/pages\/93\/revisions\/94"}],"wp:attachment":[{"href":"https:\/\/thetheniv.com\/de\/wp-json\/wp\/v2\/media?parent=93"}],"curies":[{"name":"wp","href":"https:\/\/api.w.org\/{rel}","templated":true}]}}