    {"id":95,"date":"2025-06-29T16:55:05","date_gmt":"2025-06-29T16:55:05","guid":{"rendered":"https:\/\/thetheniv.com\/?page_id=95"},"modified":"2025-06-29T16:55:05","modified_gmt":"2025-06-29T16:55:05","slug":"contact","status":"publish","type":"page","link":"https:\/\/thetheniv.com\/de\/contact\/","title":{"rendered":"Kontakt"},"content":{"rendered":"<p>Vielen Dank f\u00fcr Ihren Besuch <strong>TheTheniv<\/strong>Wir sind Ihre vertrauensw\u00fcrdige Plattform f\u00fcr Technologie-Einblicke, digitale Kommunikation und inhaltsgetriebene Innovation. Ihre Botschaften sind uns wichtig, und wir unterst\u00fctzen, vernetzen uns und arbeiten gerne mit Ihnen zusammen.<\/p>\n\n\n\n<h3 class=\"wp-block-heading\"><strong>Allgemeine Anfragen<\/strong><\/h3>\n\n\n\n<p>Haben Sie eine Frage zu <strong>TheTheniv<\/strong> Oder m\u00f6chten Sie einfach nur Kontakt aufnehmen? Schreiben Sie uns eine E-Mail an <strong><a>contact@thetheniv.com<\/a><\/strong><br>Wir freuen uns \u00fcber R\u00fcckmeldungen aus unserer Community und melden uns so schnell wie m\u00f6glich bei Ihnen zur\u00fcck.<\/p>\n\n\n\n<h3 class=\"wp-block-heading\"><strong>Inhaltsvorschl\u00e4ge &amp; Beitr\u00e4ge<\/strong><\/h3>\n\n\n\n<p>Haben Sie eine Idee f\u00fcr einen neuen Artikel? M\u00f6chten Sie Ihr Fachwissen teilen oder ein Thema vorschlagen, das wir behandeln sollten? Kontaktieren Sie uns! <strong><a>editor@thetheniv.com<\/a><\/strong><br>Wir sind stets auf der Suche nach neuen Perspektiven und Stimmen in der Welt der Technologie, Kommunikation und des digitalen Publizierens.<\/p>\n\n\n\n<h3 class=\"wp-block-heading\"><strong>Technische Unterst\u00fctzung<\/strong><\/h3>\n\n\n\n<p>Sollten Sie Probleme mit unserer Plattform haben oder Hilfe beim Zugriff auf ver\u00f6ffentlichte Inhalte ben\u00f6tigen, z\u00f6gern Sie nicht, uns zu kontaktieren unter <strong><a>support@thetheniv.com<\/a><\/strong><br>Wir sind hier, um sicherzustellen, dass Ihre Erfahrung mit <strong>TheTheniv<\/strong> ist so reibungslos wie m\u00f6glich.<\/p>\n\n\n\n<h3 class=\"wp-block-heading\"><strong>Bleiben Sie in Verbindung<\/strong><\/h3>\n\n\n\n<p><strong>TheTheniv<\/strong> ist eine digitale Plattform f\u00fcr Fachleute und Leser weltweit. Obwohl wir kein physisches B\u00fcro haben, sind wir immer online \u2013 bereit, Ihnen zuzuh\u00f6ren, Sie zu unterst\u00fctzen und mit Ihnen zu wachsen.<\/p>\n\n\n\n<p>Vielen Dank noch einmal, dass Sie Teil davon waren. <strong>TheTheniv<\/strong> Wir freuen uns darauf, von Ihnen zu h\u00f6ren!<\/p>\n\n\n\n<p><strong>Herzliche Gr\u00fc\u00dfe,<\/strong><br><strong>Das TheTheniv-Team<\/strong><\/p>","protected":false},"excerpt":{"rendered":"<p>Vielen Dank f\u00fcr Ihren Besuch bei TheTheniv, Ihrer vertrauensw\u00fcrdigen Plattform f\u00fcr Technologie-Einblicke, digitale Kommunikation und inhaltsgetriebene Innovation. Wir sch\u00e4tzen Ihre Beitr\u00e4ge sehr und unterst\u00fctzen Sie gerne, vernetzen uns mit Ihnen und arbeiten mit Ihnen zusammen. Allgemeine Anfragen Haben Sie eine Frage zu TheTheniv oder m\u00f6chten Sie einfach Kontakt aufnehmen? Schreiben Sie uns eine E-Mail an contact@thetheniv.com. Wir freuen uns \u00fcber R\u00fcckmeldungen aus unserer Community und werden [\u2026]<\/p>","protected":false},"author":198,"featured_media":0,"parent":0,"menu_order":0,"comment_status":"closed","ping_status":"closed","template":"","meta":{"footnotes":""},"_links":{"self":[{"href":"https:\/\/thetheniv.com\/de\/wp-json\/wp\/v2\/pages\/95"}],"collection":[{"href":"https:\/\/thetheniv.com\/de\/wp-json\/wp\/v2\/pages"}],"about":[{"href":"https:\/\/thetheniv.com\/de\/wp-json\/wp\/v2\/types\/page"}],"author":[{"embeddable":true,"href":"https:\/\/thetheniv.com\/de\/wp-json\/wp\/v2\/users\/198"}],"replies":[{"embeddable":true,"href":"https:\/\/thetheniv.com\/de\/wp-json\/wp\/v2\/comments?post=95"}],"version-history":[{"count":1,"href":"https:\/\/thetheniv.com\/de\/wp-json\/wp\/v2\/pages\/95\/revisions"}],"predecessor-version":[{"id":96,"href":"https:\/\/thetheniv.com\/de\/wp-json\/wp\/v2\/pages\/95\/revisions\/96"}],"wp:attachment":[{"href":"https:\/\/thetheniv.com\/de\/wp-json\/wp\/v2\/media?parent=95"}],"curies":[{"name":"wp","href":"https:\/\/api.w.org\/{rel}","templated":true}]}}