    {"id":97,"date":"2025-06-29T16:56:10","date_gmt":"2025-06-29T16:56:10","guid":{"rendered":"https:\/\/thetheniv.com\/?page_id=97"},"modified":"2025-10-21T18:49:26","modified_gmt":"2025-10-21T18:49:26","slug":"privacy-policy","status":"publish","type":"page","link":"https:\/\/thetheniv.com\/de\/privacy-policy\/","title":{"rendered":"Datenschutzrichtlinie"},"content":{"rendered":"<p>Ihre Privatsph\u00e4re ist uns wichtig. <strong>THETHENIV<\/strong>Die Richtlinie von [Name des Unternehmens] respektiert Ihre Privatsph\u00e4re hinsichtlich aller Informationen, die wir \u00fcber unsere Website von Ihnen erfassen. <strong>THETHENIV<\/strong>und andere Websites, die wir besitzen und betreiben.<\/p>\n\n\n\n<p>Wir fragen nur dann nach pers\u00f6nlichen Daten, wenn wir diese unbedingt ben\u00f6tigen, um Ihnen eine Dienstleistung anbieten zu k\u00f6nnen. Wir erheben diese Daten auf faire und rechtm\u00e4\u00dfige Weise, mit Ihrem Wissen und Ihrer Einwilligung. Wir informieren Sie au\u00dferdem dar\u00fcber, warum wir die Daten erheben und wie sie verwendet werden.<\/p>\n\n\n\n<p>Wir speichern die erhobenen Daten nur so lange, wie es f\u00fcr die Erbringung der von Ihnen angeforderten Dienstleistung erforderlich ist. Die gespeicherten Daten sch\u00fctzen wir mit wirtschaftlich angemessenen Mitteln vor Verlust, Diebstahl, unbefugtem Zugriff, Offenlegung, Kopieren, Verwendung oder Ver\u00e4nderung.<\/p>\n\n\n\n<p>Wir geben keine personenbezogenen Daten \u00f6ffentlich oder an Dritte weiter, es sei denn, dies ist gesetzlich vorgeschrieben.<\/p>\n\n\n\n<p>Unsere Website kann Links zu externen Websites enthalten, die nicht von uns betrieben werden. Bitte beachten Sie, dass wir keinen Einfluss auf die Inhalte und Praktiken dieser Websites haben und keine Verantwortung oder Haftung f\u00fcr deren Datenschutzrichtlinien \u00fcbernehmen k\u00f6nnen.<\/p>\n\n\n\n<p>Es steht Ihnen frei, unsere Anfrage nach Ihren pers\u00f6nlichen Daten abzulehnen. Bitte beachten Sie jedoch, dass wir Ihnen in diesem Fall m\u00f6glicherweise einige der von Ihnen gew\u00fcnschten Dienstleistungen nicht anbieten k\u00f6nnen.<\/p>\n\n\n\n<p>Durch die weitere Nutzung unserer Website erkl\u00e4ren Sie sich mit unseren Datenschutzbestimmungen einverstanden. Bei Fragen zum Umgang mit Nutzerdaten und personenbezogenen Daten k\u00f6nnen Sie sich jederzeit an uns wenden.<\/p>\n\n\n\n<h1 class=\"wp-block-heading\"><strong>Cookie-Richtlinie f\u00fcr THETHENIV<\/strong><\/h1>\n\n\n\n<p>Dies ist die Cookie-Richtlinie f\u00fcr <strong>THETHENIV<\/strong>, erreichbar von <a class=\"\" href=\"https:\/\/thetheniv.com\/de\/\">https:\/\/thetheniv.com<\/a><\/p>\n\n\n\n<h2 class=\"wp-block-heading\">Was sind Cookies?<\/h2>\n\n\n\n<p>Wie fast alle professionellen Websites verwendet auch diese Website Cookies. Dabei handelt es sich um kleine Dateien, die auf Ihren Computer heruntergeladen werden, um Ihr Nutzungserlebnis zu verbessern. Diese Seite beschreibt, welche Informationen Cookies sammeln, wie wir sie verwenden und warum wir sie manchmal speichern m\u00fcssen. Wir erkl\u00e4ren Ihnen auch, wie Sie das Speichern von Cookies verhindern k\u00f6nnen. Dies kann jedoch die Funktionalit\u00e4t bestimmter Website-Elemente beeintr\u00e4chtigen oder diese sogar au\u00dfer Kraft setzen.<\/p>\n\n\n\n<h2 class=\"wp-block-heading\">Wie wir Cookies verwenden<\/h2>\n\n\n\n<p>Wir verwenden Cookies aus verschiedenen Gr\u00fcnden, die im Folgenden erl\u00e4utert werden. Leider gibt es in den meisten F\u00e4llen keine branchen\u00fcblichen Optionen, Cookies zu deaktivieren, ohne die Funktionalit\u00e4t und die Funktionen, die sie dieser Website hinzuf\u00fcgen, vollst\u00e4ndig zu deaktivieren. Es wird empfohlen, alle Cookies aktiviert zu lassen, wenn Sie sich nicht sicher sind, ob Sie sie ben\u00f6tigen, da sie m\u00f6glicherweise f\u00fcr einen von Ihnen genutzten Dienst erforderlich sind.<\/p>\n\n\n\n<h2 class=\"wp-block-heading\">Cookies deaktivieren<\/h2>\n\n\n\n<p>Sie k\u00f6nnen das Setzen von Cookies verhindern, indem Sie die Einstellungen Ihres Browsers anpassen (siehe die Hilfe Ihres Browsers f\u00fcr weitere Informationen). Beachten Sie jedoch, dass die Deaktivierung von Cookies die Funktionalit\u00e4t dieser und vieler anderer Websites, die Sie besuchen, beeintr\u00e4chtigt. In der Regel f\u00fchrt die Deaktivierung von Cookies auch zur Deaktivierung bestimmter Funktionen dieser Website. Daher wird empfohlen, Cookies nicht zu deaktivieren.<\/p>\n\n\n\n<h2 class=\"wp-block-heading\">Die von uns gesetzten Cookies<\/h2>\n\n\n\n<p><strong>Kontobezogene Cookies<\/strong><br>Wenn Sie ein Konto bei uns erstellen, verwenden wir Cookies zur Verwaltung des Registrierungsprozesses und f\u00fcr allgemeine Verwaltungsaufgaben. Diese Cookies werden in der Regel beim Abmelden gel\u00f6scht. In einigen F\u00e4llen bleiben sie jedoch erhalten, um Ihre Website-Einstellungen auch nach dem Abmelden zu speichern.<\/p>\n\n\n\n<p><strong>Login-bezogene Cookies<\/strong><br>Wir verwenden Cookies, um Ihren Anmeldestatus zu speichern. Dadurch m\u00fcssen Sie sich nicht bei jedem Seitenaufruf erneut anmelden. Diese Cookies werden in der Regel beim Abmelden gel\u00f6scht, um sicherzustellen, dass Sie nur im angemeldeten Zustand auf gesch\u00fctzte Bereiche und Funktionen zugreifen k\u00f6nnen.<\/p>\n\n\n\n<p><strong>Cookies f\u00fcr E-Mail-Newsletter<\/strong><br>Diese Website bietet Newsletter- oder E-Mail-Abonnementdienste an. Es k\u00f6nnen Cookies verwendet werden, um sich zu merken, ob Sie bereits registriert sind und ob bestimmte Benachrichtigungen angezeigt werden sollen, die m\u00f6glicherweise nur f\u00fcr abonnierte\/nicht abonnierte Benutzer relevant sind.<\/p>\n\n\n\n<p><strong>Cookies zur Bestellabwicklung<\/strong><br>Diese Website bietet E-Commerce- bzw. Zahlungsfunktionen an, und einige Cookies sind unerl\u00e4sslich, um sicherzustellen, dass Ihre Bestellung seiten\u00fcbergreifend gespeichert wird, damit wir sie ordnungsgem\u00e4\u00df bearbeiten k\u00f6nnen.<\/p>\n\n\n\n<p><strong>Cookies im Zusammenhang mit Umfragen<\/strong><br>Wir bieten Ihnen regelm\u00e4\u00dfig Nutzerumfragen und Frageb\u00f6gen an, um Ihnen interessante Einblicke und hilfreiche Tools bereitzustellen oder unsere Nutzerbasis besser zu verstehen. Diese Umfragen verwenden m\u00f6glicherweise Cookies, um sich zu merken, wer bereits teilgenommen hat, oder um Ihnen nach einem Seitenwechsel korrekte Ergebnisse anzuzeigen.<\/p>\n\n\n\n<p><strong>Formularbezogene Cookies<\/strong><br>Wenn Sie Daten \u00fcber ein Formular \u00fcbermitteln, wie beispielsweise auf Kontaktseiten oder in Kommentarformularen, k\u00f6nnen Cookies gesetzt werden, um Ihre Benutzerdaten f\u00fcr die zuk\u00fcnftige Korrespondenz zu speichern.<\/p>\n\n\n\n<p><strong>Cookies f\u00fcr Website-Einstellungen<\/strong><br>Um Ihnen ein optimales Nutzungserlebnis auf dieser Website zu bieten, k\u00f6nnen Sie Ihre Pr\u00e4ferenzen f\u00fcr die Funktionsweise der Website festlegen. Damit Ihre Pr\u00e4ferenzen gespeichert werden, verwenden wir Cookies. So k\u00f6nnen wir diese Informationen abrufen, sobald Sie mit einer Seite interagieren, die von Ihren Pr\u00e4ferenzen betroffen ist.<\/p>\n\n\n\n<h2 class=\"wp-block-heading\">Cookies von Drittanbietern<\/h2>\n\n\n\n<p>In einigen Sonderf\u00e4llen verwenden wir auch Cookies von vertrauensw\u00fcrdigen Drittanbietern. Im folgenden Abschnitt erfahren Sie, welche Drittanbieter-Cookies auf dieser Website verwendet werden.<\/p>\n\n\n\n<p>Diese Website verwendet Google Analytics, eine der am weitesten verbreiteten und vertrauensw\u00fcrdigsten Analysel\u00f6sungen im Web. Sie hilft uns zu verstehen, wie Sie die Website nutzen und wie wir Ihr Nutzererlebnis verbessern k\u00f6nnen. Mithilfe dieser Cookies k\u00f6nnen wir beispielsweise erfassen, wie lange Sie auf der Website verweilen und welche Seiten Sie besuchen, damit wir weiterhin interessante Inhalte erstellen k\u00f6nnen. Weitere Informationen zu Google Analytics-Cookies finden Sie auf der offiziellen Google Analytics-Seite.<\/p>\n\n\n\n<p>Wir verwenden Analysetools von Drittanbietern, um die Nutzung dieser Website zu verfolgen und zu messen und so weiterhin interessante Inhalte zu erstellen. Diese Cookies erfassen beispielsweise, wie lange Sie auf der Website verweilen oder welche Seiten Sie besuchen. Dies hilft uns zu verstehen, wie wir die Website f\u00fcr Sie verbessern k\u00f6nnen.<\/p>\n\n\n\n<p>Wir testen regelm\u00e4\u00dfig neue Funktionen und nehmen kleinere \u00c4nderungen an der Darstellung der Website vor. W\u00e4hrend dieser Testphase k\u00f6nnen Cookies verwendet werden, um Ihnen ein einheitliches Nutzererlebnis zu bieten und gleichzeitig zu ermitteln, welche Optimierungen unsere Nutzer am meisten sch\u00e4tzen.<\/p>\n\n\n\n<p>Da wir Produkte verkaufen, ist es f\u00fcr uns wichtig, Statistiken dar\u00fcber zu erfassen, wie viele Besucher unserer Website tats\u00e4chlich einen Kauf t\u00e4tigen. Genau diese Daten werden mithilfe von Cookies erfasst. Dies ist auch f\u00fcr Sie wichtig, da wir so pr\u00e4zise Gesch\u00e4ftsprognosen erstellen und unsere Werbe- und Produktkosten \u00fcberwachen k\u00f6nnen, um Ihnen stets den bestm\u00f6glichen Preis zu bieten.<\/p>\n\n\n\n<p>Wir verwenden auf dieser Website auch Social-Media-Buttons und\/oder -Plugins, die Ihnen verschiedene M\u00f6glichkeiten bieten, sich mit Ihren sozialen Netzwerken zu verbinden. Damit diese funktionieren, setzen die folgenden Social-Media-Plattformen Cookies \u00fcber unsere Website. Diese Cookies k\u00f6nnen dazu verwendet werden, Ihr Profil auf der jeweiligen Plattform zu verbessern oder zu den Daten beizutragen, die diese Plattformen f\u00fcr verschiedene, in ihren jeweiligen Datenschutzrichtlinien beschriebene Zwecke speichern.<\/p>\n\n\n\n<h3 class=\"wp-block-heading\">Werbung (Google AdSense) &amp; Ihre Wahlm\u00f6glichkeiten<\/h3>\n\n\n\n<p>Diese Website nutzt Google AdSense zur Anzeigenschaltung. Google und seine Partner verwenden m\u00f6glicherweise Cookies oder \u00e4hnliche Technologien, um Anzeigen basierend auf Ihren Besuchen auf dieser und anderen Websites auszuliefern, deren Wirksamkeit zu messen und sie zu personalisieren.<\/p>\n\n\n\n<p>Um zu erfahren, wie Google Daten von Websites und Apps verwendet, die seine Dienste nutzen, besuchen Sie:<br><a href=\"https:\/\/policies.google.com\/technologies\/partner-sites\">https:\/\/policies.google.com\/technologies\/partner-sites<\/a><\/p>\n\n\n\n<p><strong>Personalisierte Werbung deaktivieren:<\/strong><br>Sie k\u00f6nnen personalisierte Werbung von Google deaktivieren, indem Sie Ihr Google-Konto besuchen. <strong><a href=\"https:\/\/adssettings.google.com\/\">Anzeigeneinstellungen (Mein Anzeigencenter)<\/a><\/strong>.<br>Alternativ k\u00f6nnen Sie interessenbasierte Werbung von vielen anderen Werbeanbietern deaktivieren, indem Sie besuchen <strong><a href=\"https:\/\/www.aboutads.info\/choices\/\">AboutAds.info\/choices<\/a><\/strong>.<\/p>\n\n\n\n<p>Hinweis: Auch wenn Sie sich abmelden, werden Ihnen weiterhin Anzeigen angezeigt, diese sind jedoch m\u00f6glicherweise weniger relevant f\u00fcr Ihre Interessen.<\/p>\n\n\n\n<h2 class=\"wp-block-heading\">Weitere Informationen<\/h2>\n\n\n\n<p>Ich hoffe, das hat Ihnen die Sache verdeutlicht. Wie bereits erw\u00e4hnt, ist es im Zweifelsfall meist sicherer, Cookies aktiviert zu lassen, falls diese mit einer der Funktionen interagieren, die Sie auf unserer Website nutzen.<\/p>\n\n\n\n<p><strong>Diese Richtlinie tritt im Oktober 2025 in Kraft.<\/strong><\/p>","protected":false},"excerpt":{"rendered":"<p>Your privacy is important to us. It is THETHENIV\u2019s policy to respect your privacy regarding any information we may collect from you across our website, THETHENIV, and other sites we own and operate. We only ask for personal information when we truly need it to provide a service to you. We collect it by fair [&hellip;]<\/p>","protected":false},"author":198,"featured_media":0,"parent":0,"menu_order":0,"comment_status":"closed","ping_status":"closed","template":"","meta":{"footnotes":""},"_links":{"self":[{"href":"https:\/\/thetheniv.com\/de\/wp-json\/wp\/v2\/pages\/97"}],"collection":[{"href":"https:\/\/thetheniv.com\/de\/wp-json\/wp\/v2\/pages"}],"about":[{"href":"https:\/\/thetheniv.com\/de\/wp-json\/wp\/v2\/types\/page"}],"author":[{"embeddable":true,"href":"https:\/\/thetheniv.com\/de\/wp-json\/wp\/v2\/users\/198"}],"replies":[{"embeddable":true,"href":"https:\/\/thetheniv.com\/de\/wp-json\/wp\/v2\/comments?post=97"}],"version-history":[{"count":2,"href":"https:\/\/thetheniv.com\/de\/wp-json\/wp\/v2\/pages\/97\/revisions"}],"predecessor-version":[{"id":486,"href":"https:\/\/thetheniv.com\/de\/wp-json\/wp\/v2\/pages\/97\/revisions\/486"}],"wp:attachment":[{"href":"https:\/\/thetheniv.com\/de\/wp-json\/wp\/v2\/media?parent=97"}],"curies":[{"name":"wp","href":"https:\/\/api.w.org\/{rel}","templated":true}]}}