    {"id":93,"date":"2025-06-29T16:54:22","date_gmt":"2025-06-29T16:54:22","guid":{"rendered":"https:\/\/thetheniv.com\/?page_id=93"},"modified":"2025-06-29T16:54:22","modified_gmt":"2025-06-29T16:54:22","slug":"about-us","status":"publish","type":"page","link":"https:\/\/thetheniv.com\/es\/about-us\/","title":{"rendered":"Sobre nosotros"},"content":{"rendered":"<p>Bienvenido a <strong>ElTheniv<\/strong> Tu centro de contenido para la innovaci\u00f3n digital, la comunicaci\u00f3n tecnol\u00f3gica y la transformaci\u00f3n moderna. Ya sea que te est\u00e9s iniciando en el sector tecnol\u00f3gico, est\u00e9s evolucionando tu estrategia de contenido o busques nuevas perspectivas, <strong>ElTheniv<\/strong> Est\u00e1 aqu\u00ed para caminar contigo en cada paso del camino.<\/p>\n\n\n\n<h3 class=\"wp-block-heading\"><strong>\u00bfQu\u00e9 nos motiva?<\/strong><\/h3>\n\n\n\n<p>En <strong>ElTheniv<\/strong>Creemos que la informaci\u00f3n debe ser perspicaz, pr\u00e1ctica y estar alineada con el mundo digital actual. Nuestra misi\u00f3n es simple: publicar contenido de alta calidad y f\u00e1cil de seguir que ayude a creadores, profesionales y equipos a mantenerse informados, inspirados y a la vanguardia. El conocimiento no se trata solo de tendencias, sino de claridad y direcci\u00f3n.<\/p>\n\n\n\n<h3 class=\"wp-block-heading\"><strong>Quienes somos<\/strong><\/h3>\n\n\n\n<p>Somos un equipo de escritores, estrategas y entusiastas de la tecnolog\u00eda apasionados por simplificar ideas complejas. <strong>ElTheniv<\/strong> Naci\u00f3 del deseo de acortar la distancia entre la innovaci\u00f3n y la comunicaci\u00f3n. Esto significa que nos centramos en contenido atractivo y relevante para el mundo real, ya sea tecnolog\u00eda emergente, estrategia digital, herramientas de comunicaci\u00f3n o dise\u00f1o de contenido.<\/p>\n\n\n\n<p>Aqu\u00ed, no eres solo un lector. Formas parte de una comunidad en crecimiento que valora la profundidad, la curiosidad y el progreso.<\/p>\n\n\n\n<h3 class=\"wp-block-heading\"><strong>Complicarse<\/strong><\/h3>\n\n\n\n<p>\u00bfTienes una idea para un art\u00edculo? \u00bfQuieres compartir tu opini\u00f3n o recomendar un tema que deber\u00edamos tratar? Nos encantar\u00eda saber de ti. En <strong>ElTheniv<\/strong>Sus comentarios impulsan nuestros pr\u00f3ximos pasos y su aporte ayuda a dar forma a la direcci\u00f3n de la publicaci\u00f3n digital moderna.<\/p>\n\n\n\n<p>Construyamos algo mejor, juntos: un tema, una idea, una transformaci\u00f3n a la vez.<\/p>","protected":false},"excerpt":{"rendered":"<p>Welcome to TheTheniv \u2013 your content hub for digital innovation, tech communication, and modern transformation. Whether you\u2019re just entering the tech space, evolving your content strategy, or seeking fresh perspectives, TheTheniv is here to walk with you every step of the way. What drives us At TheTheniv, we believe that information should be insightful, actionable, [&hellip;]<\/p>","protected":false},"author":198,"featured_media":0,"parent":0,"menu_order":0,"comment_status":"closed","ping_status":"closed","template":"","meta":{"footnotes":""},"_links":{"self":[{"href":"https:\/\/thetheniv.com\/es\/wp-json\/wp\/v2\/pages\/93"}],"collection":[{"href":"https:\/\/thetheniv.com\/es\/wp-json\/wp\/v2\/pages"}],"about":[{"href":"https:\/\/thetheniv.com\/es\/wp-json\/wp\/v2\/types\/page"}],"author":[{"embeddable":true,"href":"https:\/\/thetheniv.com\/es\/wp-json\/wp\/v2\/users\/198"}],"replies":[{"embeddable":true,"href":"https:\/\/thetheniv.com\/es\/wp-json\/wp\/v2\/comments?post=93"}],"version-history":[{"count":1,"href":"https:\/\/thetheniv.com\/es\/wp-json\/wp\/v2\/pages\/93\/revisions"}],"predecessor-version":[{"id":94,"href":"https:\/\/thetheniv.com\/es\/wp-json\/wp\/v2\/pages\/93\/revisions\/94"}],"wp:attachment":[{"href":"https:\/\/thetheniv.com\/es\/wp-json\/wp\/v2\/media?parent=93"}],"curies":[{"name":"wp","href":"https:\/\/api.w.org\/{rel}","templated":true}]}}