    {"id":95,"date":"2025-06-29T16:55:05","date_gmt":"2025-06-29T16:55:05","guid":{"rendered":"https:\/\/thetheniv.com\/?page_id=95"},"modified":"2025-06-29T16:55:05","modified_gmt":"2025-06-29T16:55:05","slug":"contact","status":"publish","type":"page","link":"https:\/\/thetheniv.com\/es\/contact\/","title":{"rendered":"Contacto"},"content":{"rendered":"<p>Gracias por visitarnos <strong>ElTheniv<\/strong>Tu plataforma de confianza para informaci\u00f3n tecnol\u00f3gica, comunicaci\u00f3n digital e innovaci\u00f3n basada en contenido. Valoramos mucho tus mensajes y estamos aqu\u00ed para apoyarte, conectarte y colaborar contigo.<\/p>\n\n\n\n<h3 class=\"wp-block-heading\"><strong>Consultas generales<\/strong><\/h3>\n\n\n\n<p>\u00bfTienes alguna pregunta sobre? <strong>ElTheniv<\/strong> \u00bfO simplemente quieres contactarnos? Env\u00edanos un correo electr\u00f3nico a <strong><a>contacto@thetheniv.com<\/a><\/strong><br>Nos encanta escuchar de nuestra comunidad y nos comunicaremos con usted lo antes posible.<\/p>\n\n\n\n<h3 class=\"wp-block-heading\"><strong>Sugerencias y contribuciones de contenido<\/strong><\/h3>\n\n\n\n<p>\u00bfTienes una idea para un nuevo art\u00edculo? \u00bfQuieres compartir tu experiencia o sugerir un tema que deber\u00edamos tratar? Cont\u00e1ctanos. <strong><a>editor@thetheniv.com<\/a><\/strong><br>Siempre estamos buscando nuevas perspectivas y voces en el mundo de la tecnolog\u00eda, la comunicaci\u00f3n y la publicaci\u00f3n digital.<\/p>\n\n\n\n<h3 class=\"wp-block-heading\"><strong>Apoyo t\u00e9cnico<\/strong><\/h3>\n\n\n\n<p>Si tiene alg\u00fan problema con nuestra plataforma o necesita ayuda para acceder al contenido publicado, no dude en contactarnos en <strong><a>soporte@thetheniv.com<\/a><\/strong><br>Estamos aqu\u00ed para garantizar su experiencia con <strong>ElTheniv<\/strong> Es lo m\u00e1s suave posible.<\/p>\n\n\n\n<h3 class=\"wp-block-heading\"><strong>Mantente conectado<\/strong><\/h3>\n\n\n\n<p><strong>ElTheniv<\/strong> Es una plataforma digital dise\u00f1ada para profesionales y lectores de todo el mundo. Si bien no operamos desde una oficina f\u00edsica, siempre estamos en l\u00ednea, listos para escucharte, apoyarte y crecer contigo.<\/p>\n\n\n\n<p>Gracias nuevamente por ser parte de la <strong>ElTheniv<\/strong> Comunidad. \u00a1Esperamos saber de usted!<\/p>\n\n\n\n<p><strong>Un cordial saludo,<\/strong><br><strong>El equipo de TheTheniv<\/strong><\/p>","protected":false},"excerpt":{"rendered":"<p>Gracias por visitar TheTheniv, su plataforma de confianza para obtener informaci\u00f3n tecnol\u00f3gica, comunicaci\u00f3n digital e innovaci\u00f3n basada en contenido. Valoramos mucho sus mensajes y estamos aqu\u00ed para apoyarlos, conectar con ustedes y colaborar con ustedes. Consultas generales: \u00bfTiene alguna pregunta sobre TheTheniv o simplemente quiere contactarnos? Env\u00edenos un correo electr\u00f3nico a contact@thetheniv.com. Nos encanta saber de nuestra comunidad y [\u2026]<\/p>","protected":false},"author":198,"featured_media":0,"parent":0,"menu_order":0,"comment_status":"closed","ping_status":"closed","template":"","meta":{"footnotes":""},"_links":{"self":[{"href":"https:\/\/thetheniv.com\/es\/wp-json\/wp\/v2\/pages\/95"}],"collection":[{"href":"https:\/\/thetheniv.com\/es\/wp-json\/wp\/v2\/pages"}],"about":[{"href":"https:\/\/thetheniv.com\/es\/wp-json\/wp\/v2\/types\/page"}],"author":[{"embeddable":true,"href":"https:\/\/thetheniv.com\/es\/wp-json\/wp\/v2\/users\/198"}],"replies":[{"embeddable":true,"href":"https:\/\/thetheniv.com\/es\/wp-json\/wp\/v2\/comments?post=95"}],"version-history":[{"count":1,"href":"https:\/\/thetheniv.com\/es\/wp-json\/wp\/v2\/pages\/95\/revisions"}],"predecessor-version":[{"id":96,"href":"https:\/\/thetheniv.com\/es\/wp-json\/wp\/v2\/pages\/95\/revisions\/96"}],"wp:attachment":[{"href":"https:\/\/thetheniv.com\/es\/wp-json\/wp\/v2\/media?parent=95"}],"curies":[{"name":"wp","href":"https:\/\/api.w.org\/{rel}","templated":true}]}}