    {"id":90,"date":"2025-06-29T16:53:39","date_gmt":"2025-06-29T16:53:39","guid":{"rendered":"https:\/\/thetheniv.com\/?page_id=90"},"modified":"2025-10-23T14:35:30","modified_gmt":"2025-10-23T14:35:30","slug":"terms-of-use","status":"publish","type":"page","link":"https:\/\/thetheniv.com\/fr\/terms-of-use\/","title":{"rendered":"Conditions d&#039;utilisation"},"content":{"rendered":"<p><strong>Derni\u00e8re mise \u00e0 jour\u00a0: 29 juin 2025<\/strong><\/p>\n\n\n\n<p><strong>LeTheniv<\/strong> (<a class=\"\" href=\"https:\/\/thetheniv.com\/fr\/\">https:\/\/thetheniv.com<\/a>) est une plateforme d&#039;\u00e9dition num\u00e9rique ind\u00e9pendante proposant du contenu technique et des articles ax\u00e9s sur l&#039;innovation, la transformation num\u00e9rique et la communication dans le secteur technologique. En acc\u00e9dant \u00e0 ce site web ou en l&#039;utilisant, vous acceptez de respecter les conditions g\u00e9n\u00e9rales et les politiques d\u00e9crites ci-dessous.<\/p>\n\n\n\n<p>Ces conditions d&#039;utilisation d\u00e9finissent les droits et responsabilit\u00e9s des utilisateurs interagissant avec le <strong>LeTheniv<\/strong> plateforme. L&#039;utilisation du site Web est \u00e9galement soumise \u00e0 notre politique de confidentialit\u00e9.<\/p>\n\n\n\n<p><strong>VEUILLEZ LIRE ATTENTIVEMENT CES CONDITIONS. SI VOUS N&#039;\u00caTES PAS D&#039;ACCORD AVEC CELLES-CI, VEUILLEZ NE PAS UTILISER THETENIV NI AUCUN DE SES SERVICES.<\/strong><\/p>\n\n\n\n<h3 class=\"wp-block-heading\"><strong>Article I \u2013 Contrat d&#039;utilisation<\/strong><\/h3>\n\n\n\n<p>1.1 En utilisant <strong>LeTheniv<\/strong>, vous confirmez votre acceptation pleine et enti\u00e8re des pr\u00e9sentes Conditions d&#039;utilisation et de notre Politique de confidentialit\u00e9.<br>1.2 Vous devez avoir au moins 18 ans ou avoir la capacit\u00e9 juridique dans votre juridiction pour utiliser cette plateforme.<br>1.3 Si vous ne respectez pas ces conditions ou n&#039;\u00eates pas d&#039;accord avec une partie quelconque de ces termes, vous ne pouvez pas acc\u00e9der \u00e0 nos services ni les utiliser.<\/p>\n\n\n\n<h3 class=\"wp-block-heading\"><strong>Article II \u2013 Communication<\/strong><\/h3>\n\n\n\n<p>2.1 <strong>LeTheniv<\/strong> fournit des canaux de communication permettant aux utilisateurs de poser des questions, d&#039;envoyer des suggestions ou de signaler des probl\u00e8mes techniques.<br>2.2 Vous pouvez nous contacter via notre page Contact ou via les adresses e-mail d\u00e9sign\u00e9es qui s&#039;y trouvent.<\/p>\n\n\n\n<h3 class=\"wp-block-heading\"><strong>Article III \u2013 Responsabilit\u00e9s des Parties<\/strong><\/h3>\n\n\n\n<p>3.1 Les utilisateurs doivent accepter et se conformer aux pr\u00e9sentes conditions d&#039;utilisation et \u00e0 la politique de confidentialit\u00e9 lorsqu&#039;ils interagissent avec <strong>LeTheniv<\/strong> contenu ou services.<br>3.2 <strong>LeTheniv<\/strong> peut inclure des liens vers des sites web tiers pour des informations compl\u00e9mentaires ou des r\u00e9f\u00e9rences. Ces liens sont fournis \u00e0 titre indicatif uniquement.<br>3.3 Une fois redirig\u00e9, vous \u00eates soumis aux politiques du site tiers. <strong>LeTheniv<\/strong> n&#039;est pas responsable de l&#039;exactitude, des pratiques ou de la fiabilit\u00e9 des sites Web externes.<br>3.4 Les utilisateurs sont seuls responsables de la s\u00e9curit\u00e9 de leur connexion Internet, de leur appareil et de l&#039;acc\u00e8s \u00e0 leur compte lors de l&#039;utilisation <strong>LeTheniv<\/strong>.<br>3.5 <strong>LeTheniv<\/strong> n&#039;est pas responsable des dommages caus\u00e9s par des d\u00e9faillances techniques, un acc\u00e8s non autoris\u00e9 ou une mauvaise utilisation de la plateforme hors de notre contr\u00f4le.<br>3.6 Nous ne demanderons jamais de virements bancaires, de donn\u00e9es confidentielles ou d&#039;informations personnelles sensibles via des canaux non officiels.<br>3.7 Tout message ou activit\u00e9 suspect au nom de <strong>LeTheniv<\/strong> doit \u00eatre signal\u00e9 imm\u00e9diatement via notre page de contact.<\/p>\n\n\n\n<h3 class=\"wp-block-heading\"><strong>Article IV \u2013 Conduite interdite<\/strong><\/h3>\n\n\n\n<p>Il est strictement interdit aux utilisateurs de :<\/p>\n\n\n\n<ul>\n<li>Se livrer \u00e0 un comportement ill\u00e9gal, frauduleux ou malveillant\u00a0;<\/li>\n\n\n\n<li>Violation des droits de propri\u00e9t\u00e9 intellectuelle ou des lois sur la confidentialit\u00e9\u00a0;<\/li>\n\n\n\n<li>T\u00e9l\u00e9chargement ou distribution de virus ou de codes nuisibles\u00a0;<\/li>\n\n\n\n<li>Usurper l\u2019identit\u00e9 d\u2019individus ou d\u2019entit\u00e9s ;<\/li>\n\n\n\n<li>Collecte de donn\u00e9es sans consentement ;<\/li>\n\n\n\n<li>Partage de contenu trompeur ou non autoris\u00e9\u00a0;<\/li>\n\n\n\n<li>Harceler, diffamer ou menacer autrui ;<\/li>\n\n\n\n<li>Tenter de pirater ou de perturber les op\u00e9rations de la plateforme.<\/li>\n<\/ul>\n\n\n\n<p>Les violations peuvent entra\u00eener la suspension ou la r\u00e9siliation d\u00e9finitive de l&#039;acc\u00e8s \u00e0 <strong>LeTheniv<\/strong>, sans pr\u00e9avis.<\/p>\n\n\n\n<h3 class=\"wp-block-heading\"><strong>Article V \u2013 Limitation de responsabilit\u00e9 et garanties<\/strong><\/h3>\n\n\n\n<p><strong>LeTheniv<\/strong> fournit ses services et son contenu \u00ab tels quels \u00bb et \u00ab tels que disponibles \u00bb, sans garanties expresses ou implicites.<br>Nous ne garantissons pas un acc\u00e8s ininterrompu, des documents sans erreur ou que le contenu sera toujours \u00e0 jour ou adapt\u00e9 \u00e0 tous les usages.<br>Dans toute la mesure permise par la loi, <strong>LeTheniv<\/strong> d\u00e9cline toute responsabilit\u00e9 pour tout dommage direct, indirect, accessoire ou cons\u00e9cutif li\u00e9 \u00e0 l&#039;utilisation du site ou de son contenu.<\/p>\n\n\n\n<h3 class=\"wp-block-heading\"><strong>Article VI \u2013 Dur\u00e9e et d\u00e9lai l\u00e9gal<\/strong><\/h3>\n\n\n\n<p>Les pr\u00e9sentes Conditions d&#039;utilisation sont valables ind\u00e9finiment. Toute r\u00e9clamation ou tout litige relatif \u00e0 la plateforme doit \u00eatre intent\u00e9 dans les 90 (quatre-vingt-dix) jours suivant l&#039;\u00e9v\u00e9nement donnant lieu \u00e0 la r\u00e9clamation.<\/p>\n\n\n\n<h3 class=\"wp-block-heading\"><strong>Article VII \u2013 Loi applicable et juridiction<\/strong><\/h3>\n\n\n\n<p>Les pr\u00e9sentes conditions d&#039;utilisation seront r\u00e9gies et interpr\u00e9t\u00e9es conform\u00e9ment aux <strong>lois de la R\u00e9publique d&#039;Estonie<\/strong>Tout litige, controverse ou r\u00e9clamation d\u00e9coulant de ou li\u00e9 aux pr\u00e9sentes Conditions ou \u00e0 l&#039;utilisation de ce site Web sera r\u00e9solu conform\u00e9ment au droit estonien, en vertu de la <strong>comp\u00e9tence exclusive des tribunaux situ\u00e9s \u00e0 Tallinn, Estonie<\/strong>.<br>Cette clause garantit la transparence juridique et l&#039;alignement sur les meilleures pratiques internationales en mati\u00e8re de conformit\u00e9, telles que pr\u00e9vues par la l\u00e9gislation estonienne. <em>Loi sur le droit des obligations<\/em> et <em>Loi sur le droit international priv\u00e9<\/em>.<\/p>\n\n\n\n<h3 class=\"wp-block-heading\"><strong>Article VIII \u2013 Propri\u00e9t\u00e9 intellectuelle<\/strong><\/h3>\n\n\n\n<p>8.1 Tout le contenu sur <strong>LeTheniv<\/strong>, y compris les articles, les graphiques, le texte et la marque, sont prot\u00e9g\u00e9s par les lois sur la propri\u00e9t\u00e9 intellectuelle.<br>8.2 Vous ne pouvez pas copier, reproduire, republier ou distribuer une partie quelconque du contenu sans l&#039;autorisation \u00e9crite de <strong>LeTheniv<\/strong>.<br>8.3 Le contenu soumis par l&#039;utilisateur reste sous la responsabilit\u00e9 du contributeur. <strong>LeTheniv<\/strong> se r\u00e9serve le droit de supprimer tout contenu qui contrevient aux normes l\u00e9gales ou \u00e9thiques.<\/p>\n\n\n\n<h3 class=\"wp-block-heading\"><strong>Article IX \u2013 Modifications des Conditions<\/strong><\/h3>\n\n\n\n<p><strong>LeTheniv<\/strong> se r\u00e9serve le droit de mettre \u00e0 jour, de modifier ou d&#039;interrompre toute partie de ces Conditions ou services \u00e0 tout moment, sans pr\u00e9avis.<br>Il est de votre responsabilit\u00e9 de consulter r\u00e9guli\u00e8rement cette page. L&#039;utilisation continue de la plateforme vaut acceptation des conditions r\u00e9vis\u00e9es.<\/p>\n\n\n\n<h3 class=\"wp-block-heading\"><strong>Article X \u2013 Contact<\/strong><\/h3>\n\n\n\n<p>Pour toute question ou pr\u00e9occupation relative aux pr\u00e9sentes conditions d&#039;utilisation, vous pouvez nous contacter \u00e0 l&#039;adresse suivante :<br><a>https:\/\/thetheniv.com\/contact<\/a><br>E-mail: <a>info@thetheniv.com<\/a><\/p>\n\n\n\n<p><strong>SI VOUS N&#039;\u00caTES PAS D&#039;ACCORD AVEC CES CONDITIONS, VEUILLEZ VOUS ABSTENIR D&#039;UTILISER THETHENIV ET SES SERVICES.<\/strong><\/p>","protected":false},"excerpt":{"rendered":"<p>Last updated: June 29, 2025 TheTheniv (https:\/\/thetheniv.com) operates as an independent digital publishing platform offering technical content and articles focused on innovation, digital transformation, and communication in the tech space. By accessing or using this website, you agree to abide by the terms, conditions, and policies outlined below. These Terms of Use define the rights [&hellip;]<\/p>","protected":false},"author":198,"featured_media":0,"parent":0,"menu_order":0,"comment_status":"closed","ping_status":"closed","template":"","meta":{"footnotes":""},"_links":{"self":[{"href":"https:\/\/thetheniv.com\/fr\/wp-json\/wp\/v2\/pages\/90"}],"collection":[{"href":"https:\/\/thetheniv.com\/fr\/wp-json\/wp\/v2\/pages"}],"about":[{"href":"https:\/\/thetheniv.com\/fr\/wp-json\/wp\/v2\/types\/page"}],"author":[{"embeddable":true,"href":"https:\/\/thetheniv.com\/fr\/wp-json\/wp\/v2\/users\/198"}],"replies":[{"embeddable":true,"href":"https:\/\/thetheniv.com\/fr\/wp-json\/wp\/v2\/comments?post=90"}],"version-history":[{"count":2,"href":"https:\/\/thetheniv.com\/fr\/wp-json\/wp\/v2\/pages\/90\/revisions"}],"predecessor-version":[{"id":494,"href":"https:\/\/thetheniv.com\/fr\/wp-json\/wp\/v2\/pages\/90\/revisions\/494"}],"wp:attachment":[{"href":"https:\/\/thetheniv.com\/fr\/wp-json\/wp\/v2\/media?parent=90"}],"curies":[{"name":"wp","href":"https:\/\/api.w.org\/{rel}","templated":true}]}}