    {"id":93,"date":"2025-06-29T16:54:22","date_gmt":"2025-06-29T16:54:22","guid":{"rendered":"https:\/\/thetheniv.com\/?page_id=93"},"modified":"2025-06-29T16:54:22","modified_gmt":"2025-06-29T16:54:22","slug":"about-us","status":"publish","type":"page","link":"https:\/\/thetheniv.com\/fr\/about-us\/","title":{"rendered":"\u00c0 propos de nous"},"content":{"rendered":"<p>Bienvenue \u00e0 <strong>LeTheniv<\/strong> \u2013 votre plateforme de contenu d\u00e9di\u00e9e \u00e0 l&#039;innovation num\u00e9rique, \u00e0 la communication technologique et \u00e0 la transformation moderne. Que vous d\u00e9butiez dans le secteur technologique, que vous fassiez \u00e9voluer votre strat\u00e9gie de contenu ou que vous cherchiez de nouvelles perspectives, <strong>LeTheniv<\/strong> est l\u00e0 pour vous accompagner \u00e0 chaque \u00e9tape du chemin.<\/p>\n\n\n\n<h3 class=\"wp-block-heading\"><strong>Ce qui nous motive<\/strong><\/h3>\n\n\n\n<p>\u00c0 <strong>LeTheniv<\/strong>Nous pensons que l&#039;information doit \u00eatre pertinente, exploitable et adapt\u00e9e au monde num\u00e9rique d&#039;aujourd&#039;hui. Notre mission est simple\u00a0: publier du contenu de qualit\u00e9 et facile \u00e0 suivre pour aider les cr\u00e9ateurs, les professionnels et les \u00e9quipes \u00e0 rester inform\u00e9s, inspir\u00e9s et \u00e0 garder une longueur d&#039;avance. La connaissance ne se r\u00e9sume pas aux tendances, mais aussi \u00e0 la clart\u00e9 et \u00e0 l&#039;orientation.<\/p>\n\n\n\n<h3 class=\"wp-block-heading\"><strong>Qui sommes-nous<\/strong><\/h3>\n\n\n\n<p>Nous sommes une \u00e9quipe de r\u00e9dacteurs, de strat\u00e8ges et de passionn\u00e9s de technologie, passionn\u00e9s par la simplification d&#039;id\u00e9es complexes. <strong>LeTheniv<\/strong> est n\u00e9 de la volont\u00e9 de combler le foss\u00e9 entre innovation et communication. Cela signifie que nous nous concentrons sur des contenus non seulement engageants, mais aussi pertinents pour le monde r\u00e9el, qu&#039;il s&#039;agisse de technologies \u00e9mergentes, de strat\u00e9gie num\u00e9rique, d&#039;outils de communication ou de conception de contenu.<\/p>\n\n\n\n<p>Ici, vous n&#039;\u00eates pas seulement un lecteur. Vous faites partie d&#039;une communaut\u00e9 grandissante qui valorise la profondeur, la curiosit\u00e9 et le progr\u00e8s.<\/p>\n\n\n\n<h3 class=\"wp-block-heading\"><strong>Impliquez-vous<\/strong><\/h3>\n\n\n\n<p>Vous avez une id\u00e9e d&#039;article\u00a0? Vous souhaitez partager votre opinion ou nous recommander un sujet\u00a0? N&#039;h\u00e9sitez pas \u00e0 nous contacter. <strong>LeTheniv<\/strong>, vos commentaires alimentent nos prochaines \u00e9tapes et votre contribution contribue \u00e0 fa\u00e7onner l\u2019orientation de l\u2019\u00e9dition num\u00e9rique moderne.<\/p>\n\n\n\n<p>Construisons quelque chose de meilleur, ensemble \u2013 un sujet, une id\u00e9e, une transformation \u00e0 la fois.<\/p>","protected":false},"excerpt":{"rendered":"<p>Welcome to TheTheniv \u2013 your content hub for digital innovation, tech communication, and modern transformation. Whether you\u2019re just entering the tech space, evolving your content strategy, or seeking fresh perspectives, TheTheniv is here to walk with you every step of the way. What drives us At TheTheniv, we believe that information should be insightful, actionable, [&hellip;]<\/p>","protected":false},"author":198,"featured_media":0,"parent":0,"menu_order":0,"comment_status":"closed","ping_status":"closed","template":"","meta":{"footnotes":""},"_links":{"self":[{"href":"https:\/\/thetheniv.com\/fr\/wp-json\/wp\/v2\/pages\/93"}],"collection":[{"href":"https:\/\/thetheniv.com\/fr\/wp-json\/wp\/v2\/pages"}],"about":[{"href":"https:\/\/thetheniv.com\/fr\/wp-json\/wp\/v2\/types\/page"}],"author":[{"embeddable":true,"href":"https:\/\/thetheniv.com\/fr\/wp-json\/wp\/v2\/users\/198"}],"replies":[{"embeddable":true,"href":"https:\/\/thetheniv.com\/fr\/wp-json\/wp\/v2\/comments?post=93"}],"version-history":[{"count":1,"href":"https:\/\/thetheniv.com\/fr\/wp-json\/wp\/v2\/pages\/93\/revisions"}],"predecessor-version":[{"id":94,"href":"https:\/\/thetheniv.com\/fr\/wp-json\/wp\/v2\/pages\/93\/revisions\/94"}],"wp:attachment":[{"href":"https:\/\/thetheniv.com\/fr\/wp-json\/wp\/v2\/media?parent=93"}],"curies":[{"name":"wp","href":"https:\/\/api.w.org\/{rel}","templated":true}]}}