    {"id":95,"date":"2025-06-29T16:55:05","date_gmt":"2025-06-29T16:55:05","guid":{"rendered":"https:\/\/thetheniv.com\/?page_id=95"},"modified":"2025-06-29T16:55:05","modified_gmt":"2025-06-29T16:55:05","slug":"contact","status":"publish","type":"page","link":"https:\/\/thetheniv.com\/fr\/contact\/","title":{"rendered":"Contact"},"content":{"rendered":"<p>Merci de votre visite <strong>LeTheniv<\/strong>, votre plateforme de confiance pour vos insights technologiques, votre communication digitale et vos innovations ax\u00e9es sur le contenu. Nous accordons une grande importance \u00e0 vos messages et sommes l\u00e0 pour vous accompagner, vous connecter et collaborer avec vous.<\/p>\n\n\n\n<h3 class=\"wp-block-heading\"><strong>Demandes g\u00e9n\u00e9rales<\/strong><\/h3>\n\n\n\n<p>Vous avez une question sur <strong>LeTheniv<\/strong> ou souhaitez simplement nous contacter\u00a0? Envoyez-nous un e-mail \u00e0 <strong><a>contact@thetheniv.com<\/a><\/strong><br>Nous aimons avoir des nouvelles de notre communaut\u00e9 et nous vous r\u00e9pondrons d\u00e8s que possible.<\/p>\n\n\n\n<h3 class=\"wp-block-heading\"><strong>Suggestions de contenu et contributions<\/strong><\/h3>\n\n\n\n<p>Vous avez une id\u00e9e d&#039;article\u00a0? Vous souhaitez partager votre expertise ou sugg\u00e9rer un sujet\u00a0? Contactez-nous. <strong><a>editor@thetheniv.com<\/a><\/strong><br>Nous sommes toujours \u00e0 la recherche de nouvelles perspectives et voix dans le monde de la technologie, de la communication et de l\u2019\u00e9dition num\u00e9rique.<\/p>\n\n\n\n<h3 class=\"wp-block-heading\"><strong>Support technique<\/strong><\/h3>\n\n\n\n<p>Si vous rencontrez des probl\u00e8mes avec notre plateforme ou avez besoin d&#039;aide pour acc\u00e9der au contenu publi\u00e9, n&#039;h\u00e9sitez pas \u00e0 nous contacter \u00e0 <strong><a>support@thetheniv.com<\/a><\/strong><br>Nous sommes l\u00e0 pour garantir votre exp\u00e9rience avec <strong>LeTheniv<\/strong> est aussi lisse que possible.<\/p>\n\n\n\n<h3 class=\"wp-block-heading\"><strong>Restez connect\u00e9<\/strong><\/h3>\n\n\n\n<p><strong>LeTheniv<\/strong> est une plateforme num\u00e9rique con\u00e7ue pour les professionnels et les lecteurs du monde entier. Bien que nous ne soyons pas bas\u00e9s dans un bureau physique, nous sommes toujours en ligne, pr\u00eats \u00e0 vous \u00e9couter, \u00e0 vous soutenir et \u00e0 \u00e9voluer avec vous.<\/p>\n\n\n\n<p>Merci encore de faire partie de la <strong>LeTheniv<\/strong> communaut\u00e9. Au plaisir de vous lire\u00a0!<\/p>\n\n\n\n<p><strong>Cordialement,<\/strong><br><strong>L&#039;\u00e9quipe TheTheniv<\/strong><\/p>","protected":false},"excerpt":{"rendered":"<p>Merci de votre visite sur TheTheniv, votre plateforme de confiance pour vos informations technologiques, votre communication num\u00e9rique et votre innovation ax\u00e9e sur le contenu. Nous accordons une grande importance \u00e0 vos messages et sommes l\u00e0 pour vous soutenir, vous connecter et collaborer avec vous. Renseignements g\u00e9n\u00e9raux\u00a0: vous avez une question sur TheTheniv ou vous souhaitez simplement nous contacter\u00a0? Contactez-nous par e-mail \u00e0 contact@thetheniv.com. Nous sommes \u00e0 l&#039;\u00e9coute de notre communaut\u00e9 et nous [\u2026]<\/p>","protected":false},"author":198,"featured_media":0,"parent":0,"menu_order":0,"comment_status":"closed","ping_status":"closed","template":"","meta":{"footnotes":""},"_links":{"self":[{"href":"https:\/\/thetheniv.com\/fr\/wp-json\/wp\/v2\/pages\/95"}],"collection":[{"href":"https:\/\/thetheniv.com\/fr\/wp-json\/wp\/v2\/pages"}],"about":[{"href":"https:\/\/thetheniv.com\/fr\/wp-json\/wp\/v2\/types\/page"}],"author":[{"embeddable":true,"href":"https:\/\/thetheniv.com\/fr\/wp-json\/wp\/v2\/users\/198"}],"replies":[{"embeddable":true,"href":"https:\/\/thetheniv.com\/fr\/wp-json\/wp\/v2\/comments?post=95"}],"version-history":[{"count":1,"href":"https:\/\/thetheniv.com\/fr\/wp-json\/wp\/v2\/pages\/95\/revisions"}],"predecessor-version":[{"id":96,"href":"https:\/\/thetheniv.com\/fr\/wp-json\/wp\/v2\/pages\/95\/revisions\/96"}],"wp:attachment":[{"href":"https:\/\/thetheniv.com\/fr\/wp-json\/wp\/v2\/media?parent=95"}],"curies":[{"name":"wp","href":"https:\/\/api.w.org\/{rel}","templated":true}]}}