    {"id":95,"date":"2025-06-29T16:55:05","date_gmt":"2025-06-29T16:55:05","guid":{"rendered":"https:\/\/thetheniv.com\/?page_id=95"},"modified":"2025-06-29T16:55:05","modified_gmt":"2025-06-29T16:55:05","slug":"contact","status":"publish","type":"page","link":"https:\/\/thetheniv.com\/hr\/contact\/","title":{"rendered":"Kontakt"},"content":{"rendered":"<p>Hvala na posjeti <strong>Theniv<\/strong>, va\u0161a pouzdana platforma za tehnolo\u0161ke uvide, digitalnu komunikaciju i inovacije temeljene na sadr\u017eaju. Zaista cijenimo va\u0161e poruke i tu smo da vas podr\u017eimo, pove\u017eemo se s vama i sura\u0111ujemo s vama.<\/p>\n\n\n\n<h3 class=\"wp-block-heading\"><strong>Op\u0107i upiti<\/strong><\/h3>\n\n\n\n<p>Imate pitanje o <strong>Theniv<\/strong> ili nas samo \u017eelite kontaktirati? Po\u0161aljite nam e-po\u0161tu na <strong><a>kontakt@thetheniv.com<\/a><\/strong><br>Volimo \u010duti od na\u0161e zajednice i javit \u0107emo vam se \u010dim prije budemo mogli.<\/p>\n\n\n\n<h3 class=\"wp-block-heading\"><strong>Prijedlozi i doprinosi sadr\u017eaja<\/strong><\/h3>\n\n\n\n<p>Imate li ideju za novi \u010dlanak? \u017delite li podijeliti svoje stru\u010dno znanje ili predlo\u017eiti temu koju bismo trebali obraditi? Kontaktirajte nas <strong><a>editor@thetheniv.com<\/a><\/strong><br>Uvijek tra\u017eimo nove perspektive i glasove u svijetu tehnologije, komunikacije i digitalnog izdava\u0161tva.<\/p>\n\n\n\n<h3 class=\"wp-block-heading\"><strong>Tehni\u010dka podr\u0161ka<\/strong><\/h3>\n\n\n\n<p>Ako imate bilo kakvih problema s na\u0161om platformom ili vam je potrebna pomo\u0107 pri pristupu objavljenom sadr\u017eaju, slobodno nas kontaktirajte na <strong><a>support@thetheniv.com<\/a><\/strong><br>Ovdje smo kako bismo osigurali va\u0161e iskustvo s <strong>Theniv<\/strong> je \u0161to je mogu\u0107e glatkiji.<\/p>\n\n\n\n<h3 class=\"wp-block-heading\"><strong>Ostanite povezani<\/strong><\/h3>\n\n\n\n<p><strong>Theniv<\/strong> je platforma prvenstveno digitalna, izgra\u0111ena za profesionalce i \u010ditatelje diljem svijeta. Iako ne poslujemo iz fizi\u010dkog ureda, uvijek smo online - spremni slu\u0161ati, podr\u017eati vas i rasti s vama.<\/p>\n\n\n\n<p>Jo\u0161 jednom hvala \u0161to ste dio <strong>Theniv<\/strong> zajednice. Veselimo se va\u0161em odgovoru!<\/p>\n\n\n\n<p><strong>Srda\u010dan pozdrav,<\/strong><br><strong>Tim TheTheniv<\/strong><\/p>","protected":false},"excerpt":{"rendered":"<p>Thank you for visiting TheTheniv, your trusted platform for tech insights, digital communication, and content-driven innovation. We truly value your messages and are here to support, connect, and collaborate with you. General Inquiries Have a question about TheTheniv or just want to reach out? Email us at contact@thetheniv.comWe love hearing from our community and will [&hellip;]<\/p>","protected":false},"author":198,"featured_media":0,"parent":0,"menu_order":0,"comment_status":"closed","ping_status":"closed","template":"","meta":{"footnotes":""},"_links":{"self":[{"href":"https:\/\/thetheniv.com\/hr\/wp-json\/wp\/v2\/pages\/95"}],"collection":[{"href":"https:\/\/thetheniv.com\/hr\/wp-json\/wp\/v2\/pages"}],"about":[{"href":"https:\/\/thetheniv.com\/hr\/wp-json\/wp\/v2\/types\/page"}],"author":[{"embeddable":true,"href":"https:\/\/thetheniv.com\/hr\/wp-json\/wp\/v2\/users\/198"}],"replies":[{"embeddable":true,"href":"https:\/\/thetheniv.com\/hr\/wp-json\/wp\/v2\/comments?post=95"}],"version-history":[{"count":1,"href":"https:\/\/thetheniv.com\/hr\/wp-json\/wp\/v2\/pages\/95\/revisions"}],"predecessor-version":[{"id":96,"href":"https:\/\/thetheniv.com\/hr\/wp-json\/wp\/v2\/pages\/95\/revisions\/96"}],"wp:attachment":[{"href":"https:\/\/thetheniv.com\/hr\/wp-json\/wp\/v2\/media?parent=95"}],"curies":[{"name":"wp","href":"https:\/\/api.w.org\/{rel}","templated":true}]}}