    {"id":93,"date":"2025-06-29T16:54:22","date_gmt":"2025-06-29T16:54:22","guid":{"rendered":"https:\/\/thetheniv.com\/?page_id=93"},"modified":"2025-06-29T16:54:22","modified_gmt":"2025-06-29T16:54:22","slug":"about-us","status":"publish","type":"page","link":"https:\/\/thetheniv.com\/it\/about-us\/","title":{"rendered":"Chi siamo"},"content":{"rendered":"<p>Benvenuti a <strong>TheTheniv<\/strong> \u2013 il tuo hub di contenuti per l&#039;innovazione digitale, la comunicazione tecnologica e la trasformazione moderna. Che tu stia appena entrando nel settore tecnologico, evolvendo la tua strategia di contenuti o cercando nuove prospettive, <strong>TheTheniv<\/strong> \u00e8 qui per accompagnarti in ogni passo del cammino.<\/p>\n\n\n\n<h3 class=\"wp-block-heading\"><strong>Ci\u00f2 che ci spinge<\/strong><\/h3>\n\n\n\n<p>A <strong>TheTheniv<\/strong>Crediamo che le informazioni debbano essere approfondite, fruibili e in linea con il mondo digitale odierno. La nostra missione \u00e8 semplice: pubblicare contenuti di alta qualit\u00e0 e facili da seguire che aiutino creatori, professionisti e team a rimanere informati, ispirati e all&#039;avanguardia. La conoscenza non riguarda solo le tendenze, ma anche chiarezza e direzione.<\/p>\n\n\n\n<h3 class=\"wp-block-heading\"><strong>Chi siamo<\/strong><\/h3>\n\n\n\n<p>Siamo un team di scrittori, strateghi e appassionati di tecnologia che amano rendere semplici idee complesse. <strong>TheTheniv<\/strong> nasce dal desiderio di colmare il divario tra innovazione e comunicazione. Ci\u00f2 significa che ci concentriamo su contenuti non solo coinvolgenti, ma anche radicati nella realt\u00e0, che si tratti di tecnologie emergenti, strategie digitali, strumenti di comunicazione o progettazione di contenuti.<\/p>\n\n\n\n<p>Qui non sei solo un lettore. Fai parte di una comunit\u00e0 in crescita che apprezza la profondit\u00e0, la curiosit\u00e0 e il progresso.<\/p>\n\n\n\n<h3 class=\"wp-block-heading\"><strong>Partecipa<\/strong><\/h3>\n\n\n\n<p>Hai un&#039;idea per un articolo? Vuoi condividere la tua opinione o suggerire un argomento da trattare? Ci piacerebbe sentire la tua opinione. A <strong>TheTheniv<\/strong>, il tuo feedback alimenta i nostri prossimi passi e il tuo contributo contribuisce a definire la direzione dell&#039;editoria digitale moderna.<\/p>\n\n\n\n<p>Costruiamo insieme qualcosa di meglio: un argomento, un&#039;intuizione, una trasformazione alla volta.<\/p>","protected":false},"excerpt":{"rendered":"<p>Benvenuti a TheTheniv, il vostro hub di contenuti per l&#039;innovazione digitale, la comunicazione tecnologica e la trasformazione moderna. Che stiate appena entrando nel mondo della tecnologia, stiate evolvendo la vostra strategia di contenuti o siate alla ricerca di nuove prospettive, TheTheniv \u00e8 qui per accompagnarvi in ogni fase del vostro percorso. Cosa ci spinge? In TheTheniv, crediamo che le informazioni debbano essere approfondite, fruibili, [\u2026]<\/p>","protected":false},"author":198,"featured_media":0,"parent":0,"menu_order":0,"comment_status":"closed","ping_status":"closed","template":"","meta":{"footnotes":""},"_links":{"self":[{"href":"https:\/\/thetheniv.com\/it\/wp-json\/wp\/v2\/pages\/93"}],"collection":[{"href":"https:\/\/thetheniv.com\/it\/wp-json\/wp\/v2\/pages"}],"about":[{"href":"https:\/\/thetheniv.com\/it\/wp-json\/wp\/v2\/types\/page"}],"author":[{"embeddable":true,"href":"https:\/\/thetheniv.com\/it\/wp-json\/wp\/v2\/users\/198"}],"replies":[{"embeddable":true,"href":"https:\/\/thetheniv.com\/it\/wp-json\/wp\/v2\/comments?post=93"}],"version-history":[{"count":1,"href":"https:\/\/thetheniv.com\/it\/wp-json\/wp\/v2\/pages\/93\/revisions"}],"predecessor-version":[{"id":94,"href":"https:\/\/thetheniv.com\/it\/wp-json\/wp\/v2\/pages\/93\/revisions\/94"}],"wp:attachment":[{"href":"https:\/\/thetheniv.com\/it\/wp-json\/wp\/v2\/media?parent=93"}],"curies":[{"name":"wp","href":"https:\/\/api.w.org\/{rel}","templated":true}]}}