    {"id":90,"date":"2025-06-29T16:53:39","date_gmt":"2025-06-29T16:53:39","guid":{"rendered":"https:\/\/thetheniv.com\/?page_id=90"},"modified":"2025-10-23T14:35:30","modified_gmt":"2025-10-23T14:35:30","slug":"terms-of-use","status":"publish","type":"page","link":"https:\/\/thetheniv.com\/pl\/terms-of-use\/","title":{"rendered":"Warunki korzystania"},"content":{"rendered":"<p><strong>Ostatnia aktualizacja: 29 czerwca 2025 r.<\/strong><\/p>\n\n\n\n<p><strong>TheTheniv<\/strong> (<a class=\"\" href=\"https:\/\/thetheniv.com\/pl\/\">https:\/\/thetheniv.com<\/a>) dzia\u0142a jako niezale\u017cna platforma publikacji cyfrowych, oferuj\u0105ca tre\u015bci techniczne i artyku\u0142y po\u015bwi\u0119cone innowacjom, transformacji cyfrowej i komunikacji w bran\u017cy technologicznej. Uzyskuj\u0105c dost\u0119p do tej witryny lub korzystaj\u0105c z niej, zgadzasz si\u0119 przestrzega\u0107 poni\u017cszych warunk\u00f3w, zasad i zasad.<\/p>\n\n\n\n<p>Niniejsze Warunki korzystania okre\u015blaj\u0105 prawa i obowi\u0105zki u\u017cytkownik\u00f3w wchodz\u0105cych w interakcje z Serwisem. <strong>TheTheniv<\/strong> Platforma. Korzystanie z witryny podlega r\u00f3wnie\u017c naszej Polityce Prywatno\u015bci.<\/p>\n\n\n\n<p><strong>PROSIMY O UWA\u017bNE PRZECZYTANIE NINIEJSZYCH WARUNK\u00d3W. JE\u015aLI NIE ZGADZASZ SI\u0118 Z NIMI, NIE KORZYSTAJ Z THETHENIV ANI \u017bADNYCH JEGO US\u0141UG.<\/strong><\/p>\n\n\n\n<h3 class=\"wp-block-heading\"><strong>Artyku\u0142 I \u2013 Umowa u\u017cytkownika<\/strong><\/h3>\n\n\n\n<p>1.1 Za pomoc\u0105 <strong>TheTheniv<\/strong>, potwierdzasz pe\u0142n\u0105 akceptacj\u0119 niniejszych Warunk\u00f3w korzystania i naszej Polityki prywatno\u015bci.<br>1.2 Aby korzysta\u0107 z tej platformy, musisz mie\u0107 uko\u0144czone 18 lat lub posiada\u0107 zdolno\u015b\u0107 prawn\u0105 w swojej jurysdykcji.<br>1.3 Je\u017celi nie spe\u0142niasz tych warunk\u00f3w lub nie zgadzasz si\u0119 z jak\u0105kolwiek cz\u0119\u015bci\u0105 niniejszych warunk\u00f3w, nie mo\u017cesz uzyska\u0107 dost\u0119pu do naszych us\u0142ug ani z nich korzysta\u0107.<\/p>\n\n\n\n<h3 class=\"wp-block-heading\"><strong>Artyku\u0142 II \u2013 Komunikacja<\/strong><\/h3>\n\n\n\n<p>2.1 <strong>TheTheniv<\/strong> udost\u0119pnia kana\u0142y komunikacji, dzi\u0119ki kt\u00f3rym u\u017cytkownicy mog\u0105 zadawa\u0107 pytania, przesy\u0142a\u0107 sugestie lub zg\u0142asza\u0107 problemy techniczne.<br>2.2 Mo\u017cesz si\u0119 z nami skontaktowa\u0107 poprzez nasz\u0105 stron\u0119 kontaktow\u0105 lub korzystaj\u0105c z podanych tam adres\u00f3w e-mail.<\/p>\n\n\n\n<h3 class=\"wp-block-heading\"><strong>Artyku\u0142 III \u2013 Obowi\u0105zki Stron<\/strong><\/h3>\n\n\n\n<p>3.1 U\u017cytkownicy musz\u0105 wyrazi\u0107 zgod\u0119 na niniejsze Warunki korzystania i Polityk\u0119 prywatno\u015bci oraz ich przestrzega\u0107 podczas korzystania z Serwisu. <strong>TheTheniv<\/strong> tre\u015bci lub us\u0142ug.<br>3.2 <strong>TheTheniv<\/strong> mog\u0105 zawiera\u0107 linki do stron internetowych os\u00f3b trzecich, kt\u00f3re mog\u0105 zawiera\u0107 dodatkowe informacje lub odniesienia. S\u0105 one udost\u0119pniane wy\u0142\u0105cznie dla wygody.<br>3.3 Po przekierowaniu obowi\u0105zuj\u0105 Ci\u0119 zasady obowi\u0105zuj\u0105ce na stronach os\u00f3b trzecich. <strong>TheTheniv<\/strong> nie ponosi odpowiedzialno\u015bci za dok\u0142adno\u015b\u0107, praktyk\u0119 ani niezawodno\u015b\u0107 zewn\u0119trznych stron internetowych.<br>3.4 U\u017cytkownicy ponosz\u0105 wy\u0142\u0105czn\u0105 odpowiedzialno\u015b\u0107 za bezpiecze\u0144stwo swojego po\u0142\u0105czenia internetowego, urz\u0105dzenia i dost\u0119pu do konta podczas korzystania z Serwisu. <strong>TheTheniv<\/strong>.<br>3.5 <strong>TheTheniv<\/strong> nie ponosi odpowiedzialno\u015bci za szkody powsta\u0142e w wyniku awarii technicznych, nieautoryzowanego dost\u0119pu lub niew\u0142a\u015bciwego u\u017cycia platformy, na kt\u00f3re nie mamy wp\u0142ywu.<br>3.6 Nigdy nie b\u0119dziemy prosi\u0107 o przelewy bankowe, dane poufne ani wra\u017cliwe informacje osobiste za po\u015brednictwem nieoficjalnych kana\u0142\u00f3w.<br>3.7 Wszelkie podejrzane wiadomo\u015bci lub dzia\u0142ania w imieniu <strong>TheTheniv<\/strong> nale\u017cy niezw\u0142ocznie zg\u0142osi\u0107 poprzez nasz\u0105 stron\u0119 kontaktow\u0105.<\/p>\n\n\n\n<h3 class=\"wp-block-heading\"><strong>Artyku\u0142 IV \u2013 Zabronione zachowanie<\/strong><\/h3>\n\n\n\n<p>U\u017cytkownikom surowo zabrania si\u0119:<\/p>\n\n\n\n<ul>\n<li>Podejmowanie dzia\u0142a\u0144 niezgodnych z prawem, oszuka\u0144czych lub z\u0142o\u015bliwych;<\/li>\n\n\n\n<li>Naruszenie praw w\u0142asno\u015bci intelektualnej lub przepis\u00f3w o ochronie prywatno\u015bci;<\/li>\n\n\n\n<li>Przesy\u0142anie lub dystrybucja wirus\u00f3w lub szkodliwego kodu;<\/li>\n\n\n\n<li>Podszywanie si\u0119 pod osoby lub podmioty;<\/li>\n\n\n\n<li>Zbieranie danych bez zgody;<\/li>\n\n\n\n<li>Udost\u0119pnianie tre\u015bci wprowadzaj\u0105cych w b\u0142\u0105d lub nieautoryzowanych;<\/li>\n\n\n\n<li>N\u0119kanie, znies\u0142awianie lub gro\u017cenie innym;<\/li>\n\n\n\n<li>Pr\u00f3ba w\u0142amania si\u0119 do platformy lub zak\u0142\u00f3cenia jej dzia\u0142ania.<\/li>\n<\/ul>\n\n\n\n<p>Naruszenia mog\u0105 skutkowa\u0107 zawieszeniem lub trwa\u0142ym zablokowaniem dost\u0119pu do <strong>TheTheniv<\/strong>, bez wcze\u015bniejszego powiadomienia.<\/p>\n\n\n\n<h3 class=\"wp-block-heading\"><strong>Artyku\u0142 V \u2013 Ograniczenie odpowiedzialno\u015bci i gwarancji<\/strong><\/h3>\n\n\n\n<p><strong>TheTheniv<\/strong> udost\u0119pnia swoje us\u0142ugi i tre\u015bci \u201ew stanie, w jakim si\u0119 znajduj\u0105\u201d i \u201ew miar\u0119 dost\u0119pno\u015bci\u201d, bez \u017cadnych gwarancji wyra\u017anych ani dorozumianych.<br>Nie gwarantujemy nieprzerwanego dost\u0119pu, materia\u0142\u00f3w wolnych od b\u0142\u0119d\u00f3w ani tego, \u017ce tre\u015b\u0107 b\u0119dzie zawsze aktualna lub odpowiednia do wszelkich cel\u00f3w.<br>W najszerszym zakresie dozwolonym przez prawo, <strong>TheTheniv<\/strong> nie ponosi odpowiedzialno\u015bci za jakiekolwiek szkody bezpo\u015brednie, po\u015brednie, przypadkowe lub wynikowe zwi\u0105zane z korzystaniem ze strony lub jej zawarto\u015bci.<\/p>\n\n\n\n<h3 class=\"wp-block-heading\"><strong>Artyku\u0142 VI \u2013 Okres obowi\u0105zywania i ramy prawne<\/strong><\/h3>\n\n\n\n<p>Niniejsze Warunki Korzystania pozostaj\u0105 wa\u017cne bezterminowo. Wszelkie roszczenia prawne lub spory zwi\u0105zane z platform\u0105 musz\u0105 zosta\u0107 wniesione w ci\u0105gu 90 (dziewi\u0119\u0107dziesi\u0119ciu) dni od zdarzenia b\u0119d\u0105cego podstaw\u0105 roszczenia.<\/p>\n\n\n\n<h3 class=\"wp-block-heading\"><strong>Artyku\u0142 VII \u2013 Prawo w\u0142a\u015bciwe i jurysdykcja<\/strong><\/h3>\n\n\n\n<p>Niniejsze Warunki korzystania podlegaj\u0105 przepisom i interpretacji zgodnie z <strong>prawa Republiki Estonii<\/strong>Wszelkie spory, kontrowersje lub roszczenia wynikaj\u0105ce z niniejszych Warunk\u00f3w lub zwi\u0105zane z nimi lub korzystaniem z tej witryny internetowej b\u0119d\u0105 rozstrzygane zgodnie z prawem esto\u0144skim, zgodnie z <strong>wy\u0142\u0105czna jurysdykcja s\u0105d\u00f3w w Tallinie w Estonii<\/strong>.<br>Klauzula ta zapewnia przejrzysto\u015b\u0107 prawn\u0105 i zgodno\u015b\u0107 z najlepszymi praktykami w zakresie zgodno\u015bci z prawem mi\u0119dzynarodowym, zgodnie z przepisami prawa esto\u0144skiego <em>Ustawa o prawie zobowi\u0105za\u0144<\/em> I <em>Ustawa o prawie prywatnym mi\u0119dzynarodowym<\/em>.<\/p>\n\n\n\n<h3 class=\"wp-block-heading\"><strong>Artyku\u0142 VIII \u2013 W\u0142asno\u015b\u0107 intelektualna<\/strong><\/h3>\n\n\n\n<p>8.1 Ca\u0142a tre\u015b\u0107 na <strong>TheTheniv<\/strong>, w\u0142\u0105czaj\u0105c w to artyku\u0142y, grafik\u0119, tekst i branding, s\u0105 chronione prawami w\u0142asno\u015bci intelektualnej.<br>8.2. Nie wolno kopiowa\u0107, reprodukowa\u0107, ponownie publikowa\u0107 ani rozpowszechnia\u0107 \u017cadnej cz\u0119\u015bci tre\u015bci bez pisemnej zgody <strong>TheTheniv<\/strong>.<br>8.3 Tre\u015bci przes\u0142ane przez u\u017cytkownik\u00f3w pozostaj\u0105 odpowiedzialno\u015bci\u0105 ich autora. <strong>TheTheniv<\/strong> zastrzega sobie prawo do usuwania wszelkich tre\u015bci naruszaj\u0105cych normy prawne i etyczne.<\/p>\n\n\n\n<h3 class=\"wp-block-heading\"><strong>Artyku\u0142 IX \u2013 Zmiany w Warunkach<\/strong><\/h3>\n\n\n\n<p><strong>TheTheniv<\/strong> zastrzega sobie prawo do aktualizacji, modyfikacji lub zaprzestania \u015bwiadczenia dowolnej cz\u0119\u015bci niniejszych Warunk\u00f3w lub us\u0142ug w dowolnym momencie i bez wcze\u015bniejszego powiadomienia.<br>Obowi\u0105zkiem u\u017cytkownika jest okresowe przegl\u0105danie tej strony. Dalsze korzystanie z platformy oznacza akceptacj\u0119 wszelkich zmienionych warunk\u00f3w.<\/p>\n\n\n\n<h3 class=\"wp-block-heading\"><strong>Artyku\u0142 X \u2013 Kontakt<\/strong><\/h3>\n\n\n\n<p>W przypadku pyta\u0144 lub w\u0105tpliwo\u015bci dotycz\u0105cych niniejszych Warunk\u00f3w korzystania z serwisu, prosimy o kontakt pod adresem:<br><a>https:\/\/thetheniv.com\/contact<\/a><br>E-mail: <a>info@thetheniv.com<\/a><\/p>\n\n\n\n<p><strong>JE\u015aLI NIE ZGADZASZ SI\u0118 Z TYMI WARUNKAMI, PROSIMY O NIEKORZYSTANIE Z THETHENIV I JEGO US\u0141UG.<\/strong><\/p>","protected":false},"excerpt":{"rendered":"<p>Ostatnia aktualizacja: 29 czerwca 2025 r. TheTheniv (https:\/\/thetheniv.com) dzia\u0142a jako niezale\u017cna platforma publikacji cyfrowych, oferuj\u0105ca tre\u015bci techniczne i artyku\u0142y po\u015bwi\u0119cone innowacjom, transformacji cyfrowej i komunikacji w bran\u017cy technologicznej. Uzyskuj\u0105c dost\u0119p do tej witryny lub korzystaj\u0105c z niej, zgadzasz si\u0119 przestrzega\u0107 poni\u017cszych warunk\u00f3w, zasad i zasad. Niniejsze Warunki Korzystania okre\u015blaj\u0105 prawa [\u2026]<\/p>","protected":false},"author":198,"featured_media":0,"parent":0,"menu_order":0,"comment_status":"closed","ping_status":"closed","template":"","meta":{"footnotes":""},"_links":{"self":[{"href":"https:\/\/thetheniv.com\/pl\/wp-json\/wp\/v2\/pages\/90"}],"collection":[{"href":"https:\/\/thetheniv.com\/pl\/wp-json\/wp\/v2\/pages"}],"about":[{"href":"https:\/\/thetheniv.com\/pl\/wp-json\/wp\/v2\/types\/page"}],"author":[{"embeddable":true,"href":"https:\/\/thetheniv.com\/pl\/wp-json\/wp\/v2\/users\/198"}],"replies":[{"embeddable":true,"href":"https:\/\/thetheniv.com\/pl\/wp-json\/wp\/v2\/comments?post=90"}],"version-history":[{"count":2,"href":"https:\/\/thetheniv.com\/pl\/wp-json\/wp\/v2\/pages\/90\/revisions"}],"predecessor-version":[{"id":494,"href":"https:\/\/thetheniv.com\/pl\/wp-json\/wp\/v2\/pages\/90\/revisions\/494"}],"wp:attachment":[{"href":"https:\/\/thetheniv.com\/pl\/wp-json\/wp\/v2\/media?parent=90"}],"curies":[{"name":"wp","href":"https:\/\/api.w.org\/{rel}","templated":true}]}}