    {"id":93,"date":"2025-06-29T16:54:22","date_gmt":"2025-06-29T16:54:22","guid":{"rendered":"https:\/\/thetheniv.com\/?page_id=93"},"modified":"2025-06-29T16:54:22","modified_gmt":"2025-06-29T16:54:22","slug":"about-us","status":"publish","type":"page","link":"https:\/\/thetheniv.com\/pl\/about-us\/","title":{"rendered":"O nas"},"content":{"rendered":"<p>Witamy w <strong>TheTheniv<\/strong> \u2013 Twoje centrum tre\u015bci po\u015bwi\u0119cone innowacjom cyfrowym, komunikacji technologicznej i nowoczesnej transformacji. Niezale\u017cnie od tego, czy dopiero wkraczasz w \u015bwiat technologii, rozwijasz swoj\u0105 strategi\u0119 tre\u015bci, czy poszukujesz nowych perspektyw, <strong>TheTheniv<\/strong> jest tutaj, aby towarzyszy\u0107 Ci na ka\u017cdym kroku drogi.<\/p>\n\n\n\n<h3 class=\"wp-block-heading\"><strong>Co nas nap\u0119dza<\/strong><\/h3>\n\n\n\n<p>Na <strong>TheTheniv<\/strong>Wierzymy, \u017ce informacje powinny by\u0107 wnikliwe, praktyczne i dostosowane do dzisiejszego cyfrowego \u015bwiata. Nasza misja jest prosta: publikowa\u0107 wysokiej jako\u015bci, \u0142atwe w odbiorze tre\u015bci, kt\u00f3re pomagaj\u0105 tw\u00f3rcom, profesjonalistom i zespo\u0142om by\u0107 na bie\u017c\u0105co, inspirowa\u0107 si\u0119 i wyprzedza\u0107 trendy. Wiedza to nie tylko trendy \u2013 to jasno\u015b\u0107 i kierunek.<\/p>\n\n\n\n<h3 class=\"wp-block-heading\"><strong>Kim jeste\u015bmy<\/strong><\/h3>\n\n\n\n<p>Jeste\u015bmy zespo\u0142em pisarzy, strateg\u00f3w i entuzjast\u00f3w technologii, kt\u00f3rych pasj\u0105 jest upraszczanie skomplikowanych idei. <strong>TheTheniv<\/strong> zrodzi\u0142o si\u0119 z ch\u0119ci zniwelowania luki mi\u0119dzy innowacj\u0105 a komunikacj\u0105. Oznacza to, \u017ce koncentrujemy si\u0119 na tre\u015bciach, kt\u00f3re s\u0105 nie tylko anga\u017cuj\u0105ce, ale tak\u017ce zakorzenione w realnym \u015bwiecie \u2013 niezale\u017cnie od tego, czy chodzi o nowe technologie, strategi\u0119 cyfrow\u0105, narz\u0119dzia komunikacyjne, czy projektowanie tre\u015bci.<\/p>\n\n\n\n<p>Tutaj nie jeste\u015b tylko czytelnikiem. Jeste\u015b cz\u0119\u015bci\u0105 rosn\u0105cej spo\u0142eczno\u015bci, kt\u00f3ra ceni g\u0142\u0119bi\u0119, ciekawo\u015b\u0107 i post\u0119p.<\/p>\n\n\n\n<h3 class=\"wp-block-heading\"><strong>Zaanga\u017cowa\u0107 si\u0119<\/strong><\/h3>\n\n\n\n<p>Masz pomys\u0142 na artyku\u0142? Chcesz podzieli\u0107 si\u0119 swoj\u0105 opini\u0105 lub poleci\u0107 temat, kt\u00f3ry powinni\u015bmy poruszy\u0107? Ch\u0119tnie Ci\u0119 wys\u0142uchamy. <strong>TheTheniv<\/strong>, Twoja opinia jest dla nas impulsem do podejmowania kolejnych krok\u00f3w, a Tw\u00f3j wk\u0142ad pomaga kszta\u0142towa\u0107 kierunek rozwoju nowoczesnego wydawnictwa cyfrowego.<\/p>\n\n\n\n<p>Stw\u00f3rzmy razem co\u015b lepszego \u2013 jeden temat, jedna refleksja, jedna transformacja na raz.<\/p>","protected":false},"excerpt":{"rendered":"<p>Welcome to TheTheniv \u2013 your content hub for digital innovation, tech communication, and modern transformation. Whether you\u2019re just entering the tech space, evolving your content strategy, or seeking fresh perspectives, TheTheniv is here to walk with you every step of the way. What drives us At TheTheniv, we believe that information should be insightful, actionable, [&hellip;]<\/p>","protected":false},"author":198,"featured_media":0,"parent":0,"menu_order":0,"comment_status":"closed","ping_status":"closed","template":"","meta":{"footnotes":""},"_links":{"self":[{"href":"https:\/\/thetheniv.com\/pl\/wp-json\/wp\/v2\/pages\/93"}],"collection":[{"href":"https:\/\/thetheniv.com\/pl\/wp-json\/wp\/v2\/pages"}],"about":[{"href":"https:\/\/thetheniv.com\/pl\/wp-json\/wp\/v2\/types\/page"}],"author":[{"embeddable":true,"href":"https:\/\/thetheniv.com\/pl\/wp-json\/wp\/v2\/users\/198"}],"replies":[{"embeddable":true,"href":"https:\/\/thetheniv.com\/pl\/wp-json\/wp\/v2\/comments?post=93"}],"version-history":[{"count":1,"href":"https:\/\/thetheniv.com\/pl\/wp-json\/wp\/v2\/pages\/93\/revisions"}],"predecessor-version":[{"id":94,"href":"https:\/\/thetheniv.com\/pl\/wp-json\/wp\/v2\/pages\/93\/revisions\/94"}],"wp:attachment":[{"href":"https:\/\/thetheniv.com\/pl\/wp-json\/wp\/v2\/media?parent=93"}],"curies":[{"name":"wp","href":"https:\/\/api.w.org\/{rel}","templated":true}]}}