    {"id":95,"date":"2025-06-29T16:55:05","date_gmt":"2025-06-29T16:55:05","guid":{"rendered":"https:\/\/thetheniv.com\/?page_id=95"},"modified":"2025-06-29T16:55:05","modified_gmt":"2025-06-29T16:55:05","slug":"contact","status":"publish","type":"page","link":"https:\/\/thetheniv.com\/pl\/contact\/","title":{"rendered":"Kontakt"},"content":{"rendered":"<p>Dzi\u0119kujemy za odwiedziny <strong>TheTheniv<\/strong>, Twoja zaufana platforma do pozyskiwania informacji technicznych, komunikacji cyfrowej i innowacji opartych na tre\u015bciach. Naprawd\u0119 cenimy Twoje wiadomo\u015bci i jeste\u015bmy tu po to, aby Ci\u0119 wspiera\u0107, \u0142\u0105czy\u0107 si\u0119 z Tob\u0105 i wsp\u00f3\u0142pracowa\u0107 z Tob\u0105.<\/p>\n\n\n\n<h3 class=\"wp-block-heading\"><strong>Zapytania og\u00f3lne<\/strong><\/h3>\n\n\n\n<p>Masz pytanie dotycz\u0105ce <strong>TheTheniv<\/strong> lub po prostu chcesz si\u0119 z nami skontaktowa\u0107? Napisz do nas na adres <strong><a>kontakt@thetheniv.com<\/a><\/strong><br>Zawsze ch\u0119tnie poznamy opinie naszej spo\u0142eczno\u015bci. Skontaktujemy si\u0119 z Tob\u0105 najszybciej jak to mo\u017cliwe.<\/p>\n\n\n\n<h3 class=\"wp-block-heading\"><strong>Sugestie i uwagi dotycz\u0105ce tre\u015bci<\/strong><\/h3>\n\n\n\n<p>Masz pomys\u0142 na nowy artyku\u0142? Chcesz podzieli\u0107 si\u0119 swoj\u0105 wiedz\u0105 lub zasugerowa\u0107 temat, kt\u00f3ry powinni\u015bmy poruszy\u0107? Skontaktuj si\u0119 z nami. <strong><a>redaktor@thetheniv.com<\/a><\/strong><br>Zawsze szukamy nowych perspektyw i g\u0142os\u00f3w w \u015bwiecie technologii, komunikacji i publikacji cyfrowych.<\/p>\n\n\n\n<h3 class=\"wp-block-heading\"><strong>Wsparcie techniczne<\/strong><\/h3>\n\n\n\n<p>Je\u015bli masz jakiekolwiek problemy z nasz\u0105 platform\u0105 lub potrzebujesz pomocy w dost\u0119pie do opublikowanych tre\u015bci, nie wahaj si\u0119 skontaktowa\u0107 z nami pod adresem <strong><a>wsparcie@thetheniv.com<\/a><\/strong><br>Jeste\u015bmy tutaj, aby zapewni\u0107 Ci przyjemne do\u015bwiadczenie z <strong>TheTheniv<\/strong> jest tak g\u0142adka, jak to tylko mo\u017cliwe.<\/p>\n\n\n\n<h3 class=\"wp-block-heading\"><strong>Pozosta\u0144 w kontakcie<\/strong><\/h3>\n\n\n\n<p><strong>TheTheniv<\/strong> to cyfrowa platforma stworzona z my\u015bl\u0105 o profesjonalistach i czytelnikach na ca\u0142ym \u015bwiecie. Chocia\u017c nie dzia\u0142amy z fizycznego biura, zawsze jeste\u015bmy online \u2013 gotowi s\u0142ucha\u0107, wspiera\u0107 i rozwija\u0107 si\u0119 razem z Tob\u0105.<\/p>\n\n\n\n<p>Dzi\u0119kuj\u0119 jeszcze raz za udzia\u0142 w <strong>TheTheniv<\/strong> spo\u0142eczno\u015b\u0107. Czekamy na kontakt od Ciebie!<\/p>\n\n\n\n<p><strong>Serdeczne pozdrowienia,<\/strong><br><strong>Zesp\u00f3\u0142 TheTheniv<\/strong><\/p>","protected":false},"excerpt":{"rendered":"<p>Dzi\u0119kujemy za odwiedzenie TheTheniv, zaufanej platformy oferuj\u0105cej dost\u0119p do wiedzy technologicznej, komunikacji cyfrowej i innowacji opartych na tre\u015bciach. Cenimy Pa\u0144stwa wiadomo\u015bci i jeste\u015bmy tu po to, aby wspiera\u0107 Pa\u0144stwa, nawi\u0105zywa\u0107 z Pa\u0144stwem kontakt i wsp\u00f3\u0142pracowa\u0107. Zapytania og\u00f3lne: Masz pytanie dotycz\u0105ce TheTheniv lub po prostu chcesz si\u0119 z nami skontaktowa\u0107? Napisz do nas na adres contact@thetheniv.com. Zawsze ch\u0119tnie wys\u0142uchamy Pa\u0144stwa opinii i [\u2026]<\/p>","protected":false},"author":198,"featured_media":0,"parent":0,"menu_order":0,"comment_status":"closed","ping_status":"closed","template":"","meta":{"footnotes":""},"_links":{"self":[{"href":"https:\/\/thetheniv.com\/pl\/wp-json\/wp\/v2\/pages\/95"}],"collection":[{"href":"https:\/\/thetheniv.com\/pl\/wp-json\/wp\/v2\/pages"}],"about":[{"href":"https:\/\/thetheniv.com\/pl\/wp-json\/wp\/v2\/types\/page"}],"author":[{"embeddable":true,"href":"https:\/\/thetheniv.com\/pl\/wp-json\/wp\/v2\/users\/198"}],"replies":[{"embeddable":true,"href":"https:\/\/thetheniv.com\/pl\/wp-json\/wp\/v2\/comments?post=95"}],"version-history":[{"count":1,"href":"https:\/\/thetheniv.com\/pl\/wp-json\/wp\/v2\/pages\/95\/revisions"}],"predecessor-version":[{"id":96,"href":"https:\/\/thetheniv.com\/pl\/wp-json\/wp\/v2\/pages\/95\/revisions\/96"}],"wp:attachment":[{"href":"https:\/\/thetheniv.com\/pl\/wp-json\/wp\/v2\/media?parent=95"}],"curies":[{"name":"wp","href":"https:\/\/api.w.org\/{rel}","templated":true}]}}