    {"id":93,"date":"2025-06-29T16:54:22","date_gmt":"2025-06-29T16:54:22","guid":{"rendered":"https:\/\/thetheniv.com\/?page_id=93"},"modified":"2025-06-29T16:54:22","modified_gmt":"2025-06-29T16:54:22","slug":"about-us","status":"publish","type":"page","link":"https:\/\/thetheniv.com\/pt\/about-us\/","title":{"rendered":"Sobre n\u00f3s"},"content":{"rendered":"<p>Bem-vindo ao <strong>TheTheniv<\/strong> \u2013 seu centro de conte\u00fado para inova\u00e7\u00e3o digital, comunica\u00e7\u00e3o tecnol\u00f3gica e transforma\u00e7\u00e3o moderna. Seja para quem est\u00e1 entrando no mundo da tecnologia, evoluindo sua estrat\u00e9gia de conte\u00fado ou buscando novas perspectivas, <strong>TheTheniv<\/strong> est\u00e1 aqui para caminhar com voc\u00ea em cada passo do caminho.<\/p>\n\n\n\n<h3 class=\"wp-block-heading\"><strong>O que nos move<\/strong><\/h3>\n\n\n\n<p>No <strong>TheTheniv<\/strong>Acreditamos que a informa\u00e7\u00e3o deve ser perspicaz, acion\u00e1vel e alinhada ao mundo digital atual. Nossa miss\u00e3o \u00e9 simples: publicar conte\u00fado de alta qualidade e f\u00e1cil de acompanhar, que ajude criadores, profissionais e equipes a se manterem informados, inspirados e \u00e0 frente das tend\u00eancias. Conhecimento n\u00e3o se trata apenas de tend\u00eancias \u2013 trata-se de clareza e dire\u00e7\u00e3o.<\/p>\n\n\n\n<h3 class=\"wp-block-heading\"><strong>Quem somos<\/strong><\/h3>\n\n\n\n<p>Somos uma equipe de escritores, estrategistas e entusiastas de tecnologia apaixonados por simplificar ideias complexas. <strong>TheTheniv<\/strong> nasceu do desejo de estreitar a lacuna entre inova\u00e7\u00e3o e comunica\u00e7\u00e3o. Isso significa que nos concentramos em conte\u00fado que n\u00e3o seja apenas envolvente, mas tamb\u00e9m baseado em relev\u00e2ncia real \u2013 seja em tecnologias emergentes, estrat\u00e9gia digital, ferramentas de comunica\u00e7\u00e3o ou design de conte\u00fado.<\/p>\n\n\n\n<p>Aqui, voc\u00ea n\u00e3o \u00e9 apenas um leitor. Voc\u00ea faz parte de uma comunidade crescente que valoriza a profundidade, a curiosidade e o progresso.<\/p>\n\n\n\n<h3 class=\"wp-block-heading\"><strong>Envolva-se<\/strong><\/h3>\n\n\n\n<p>Tem uma ideia para um artigo? Quer compartilhar sua opini\u00e3o ou recomendar um t\u00f3pico que devemos abordar? Adorar\u00edamos ouvir sua opini\u00e3o. <strong>TheTheniv<\/strong>, seu feedback impulsiona nossos pr\u00f3ximos passos e sua contribui\u00e7\u00e3o ajuda a moldar a dire\u00e7\u00e3o da publica\u00e7\u00e3o digital moderna.<\/p>\n\n\n\n<p>Vamos construir algo melhor juntos \u2013 um t\u00f3pico, uma vis\u00e3o, uma transforma\u00e7\u00e3o de cada vez.<\/p>","protected":false},"excerpt":{"rendered":"<p>Bem-vindo ao TheTheniv \u2013 seu centro de conte\u00fado para inova\u00e7\u00e3o digital, comunica\u00e7\u00e3o tecnol\u00f3gica e transforma\u00e7\u00e3o moderna. Seja voc\u00ea um iniciante no mundo da tecnologia, esteja aprimorando sua estrat\u00e9gia de conte\u00fado ou buscando novas perspectivas, o TheTheniv est\u00e1 aqui para acompanh\u00e1-lo em cada etapa do processo. O que nos motiva? No TheTheniv, acreditamos que a informa\u00e7\u00e3o deve ser perspicaz, pr\u00e1tica e [\u2026]<\/p>","protected":false},"author":198,"featured_media":0,"parent":0,"menu_order":0,"comment_status":"closed","ping_status":"closed","template":"","meta":{"footnotes":""},"_links":{"self":[{"href":"https:\/\/thetheniv.com\/pt\/wp-json\/wp\/v2\/pages\/93"}],"collection":[{"href":"https:\/\/thetheniv.com\/pt\/wp-json\/wp\/v2\/pages"}],"about":[{"href":"https:\/\/thetheniv.com\/pt\/wp-json\/wp\/v2\/types\/page"}],"author":[{"embeddable":true,"href":"https:\/\/thetheniv.com\/pt\/wp-json\/wp\/v2\/users\/198"}],"replies":[{"embeddable":true,"href":"https:\/\/thetheniv.com\/pt\/wp-json\/wp\/v2\/comments?post=93"}],"version-history":[{"count":1,"href":"https:\/\/thetheniv.com\/pt\/wp-json\/wp\/v2\/pages\/93\/revisions"}],"predecessor-version":[{"id":94,"href":"https:\/\/thetheniv.com\/pt\/wp-json\/wp\/v2\/pages\/93\/revisions\/94"}],"wp:attachment":[{"href":"https:\/\/thetheniv.com\/pt\/wp-json\/wp\/v2\/media?parent=93"}],"curies":[{"name":"wp","href":"https:\/\/api.w.org\/{rel}","templated":true}]}}