    {"id":95,"date":"2025-06-29T16:55:05","date_gmt":"2025-06-29T16:55:05","guid":{"rendered":"https:\/\/thetheniv.com\/?page_id=95"},"modified":"2025-06-29T16:55:05","modified_gmt":"2025-06-29T16:55:05","slug":"contact","status":"publish","type":"page","link":"https:\/\/thetheniv.com\/pt\/contact\/","title":{"rendered":"Contato"},"content":{"rendered":"<p>Obrigado pela visita <strong>TheTheniv<\/strong>, sua plataforma confi\u00e1vel para insights de tecnologia, comunica\u00e7\u00e3o digital e inova\u00e7\u00e3o baseada em conte\u00fado. Valorizamos suas mensagens e estamos aqui para apoiar, conectar e colaborar com voc\u00ea.<\/p>\n\n\n\n<h3 class=\"wp-block-heading\"><strong>Consultas Gerais<\/strong><\/h3>\n\n\n\n<p>Tem alguma pergunta sobre <strong>TheTheniv<\/strong> ou apenas quer entrar em contato? Envie-nos um e-mail para <strong><a>contato@thetheniv.com<\/a><\/strong><br>Adoramos ouvir a opini\u00e3o da nossa comunidade e entraremos em contato com voc\u00ea o mais breve poss\u00edvel.<\/p>\n\n\n\n<h3 class=\"wp-block-heading\"><strong>Sugest\u00f5es e contribui\u00e7\u00f5es de conte\u00fado<\/strong><\/h3>\n\n\n\n<p>Tem uma ideia para um novo artigo? Quer compartilhar sua experi\u00eancia ou sugerir um t\u00f3pico que devemos abordar? Entre em contato conosco <strong><a>editor@thetheniv.com<\/a><\/strong><br>Estamos sempre buscando novas perspectivas e vozes no mundo da tecnologia, comunica\u00e7\u00e3o e publica\u00e7\u00e3o digital.<\/p>\n\n\n\n<h3 class=\"wp-block-heading\"><strong>Suporte t\u00e9cnico<\/strong><\/h3>\n\n\n\n<p>Se voc\u00ea estiver enfrentando algum problema com nossa plataforma ou precisar de ajuda para acessar o conte\u00fado publicado, n\u00e3o hesite em nos contatar em <strong><a>support@thetheniv.com<\/a><\/strong><br>Estamos aqui para garantir sua experi\u00eancia com <strong>TheTheniv<\/strong> \u00e9 o mais suave poss\u00edvel.<\/p>\n\n\n\n<h3 class=\"wp-block-heading\"><strong>Fique conectado<\/strong><\/h3>\n\n\n\n<p><strong>TheTheniv<\/strong> \u00e9 uma plataforma digital criada para profissionais e leitores do mundo todo. Embora n\u00e3o tenhamos um escrit\u00f3rio f\u00edsico, estamos sempre online \u2014 prontos para ouvir, apoiar e crescer com voc\u00ea.<\/p>\n\n\n\n<p>Obrigado novamente por fazer parte do <strong>TheTheniv<\/strong> comunidade. Aguardamos seu contato!<\/p>\n\n\n\n<p><strong>Atenciosamente,<\/strong><br><strong>A equipe TheTheniv<\/strong><\/p>","protected":false},"excerpt":{"rendered":"<p>Obrigado por visitar o TheTheniv, sua plataforma confi\u00e1vel para insights de tecnologia, comunica\u00e7\u00e3o digital e inova\u00e7\u00e3o baseada em conte\u00fado. Valorizamos muito suas mensagens e estamos aqui para apoi\u00e1-lo, conectar-se e colaborar com voc\u00ea. D\u00favidas gerais: Tem alguma d\u00favida sobre o TheTheniv ou apenas deseja entrar em contato? Envie um e-mail para contact@thetheniv.com. Adoramos ouvir a opini\u00e3o da nossa comunidade e [\u2026]<\/p>","protected":false},"author":198,"featured_media":0,"parent":0,"menu_order":0,"comment_status":"closed","ping_status":"closed","template":"","meta":{"footnotes":""},"_links":{"self":[{"href":"https:\/\/thetheniv.com\/pt\/wp-json\/wp\/v2\/pages\/95"}],"collection":[{"href":"https:\/\/thetheniv.com\/pt\/wp-json\/wp\/v2\/pages"}],"about":[{"href":"https:\/\/thetheniv.com\/pt\/wp-json\/wp\/v2\/types\/page"}],"author":[{"embeddable":true,"href":"https:\/\/thetheniv.com\/pt\/wp-json\/wp\/v2\/users\/198"}],"replies":[{"embeddable":true,"href":"https:\/\/thetheniv.com\/pt\/wp-json\/wp\/v2\/comments?post=95"}],"version-history":[{"count":1,"href":"https:\/\/thetheniv.com\/pt\/wp-json\/wp\/v2\/pages\/95\/revisions"}],"predecessor-version":[{"id":96,"href":"https:\/\/thetheniv.com\/pt\/wp-json\/wp\/v2\/pages\/95\/revisions\/96"}],"wp:attachment":[{"href":"https:\/\/thetheniv.com\/pt\/wp-json\/wp\/v2\/media?parent=95"}],"curies":[{"name":"wp","href":"https:\/\/api.w.org\/{rel}","templated":true}]}}