    {"id":93,"date":"2025-06-29T16:54:22","date_gmt":"2025-06-29T16:54:22","guid":{"rendered":"https:\/\/thetheniv.com\/?page_id=93"},"modified":"2025-06-29T16:54:22","modified_gmt":"2025-06-29T16:54:22","slug":"about-us","status":"publish","type":"page","link":"https:\/\/thetheniv.com\/ro\/about-us\/","title":{"rendered":"Despre noi"},"content":{"rendered":"<p>Bine a\u021bi venit la <strong>TheTheniv<\/strong> \u2013 centrul t\u0103u de con\u021binut pentru inova\u021bie digital\u0103, comunicare tehnologic\u0103 \u0219i transformare modern\u0103. Indiferent dac\u0103 abia intri \u00een spa\u021biul tehnologic, \u00ee\u021bi dezvol\u021bi strategia de con\u021binut sau cau\u021bi perspective noi, <strong>TheTheniv<\/strong> este aici s\u0103 te \u00eenso\u021beasc\u0103 la fiecare pas.<\/p>\n\n\n\n<h3 class=\"wp-block-heading\"><strong>Ce ne motiveaz\u0103<\/strong><\/h3>\n\n\n\n<p>La <strong>TheTheniv<\/strong>, credem c\u0103 informa\u021biile ar trebui s\u0103 fie pertinente, practice \u0219i aliniate cu lumea digital\u0103 de ast\u0103zi. Misiunea noastr\u0103 este simpl\u0103: s\u0103 public\u0103m con\u021binut de \u00eenalt\u0103 calitate, u\u0219or de urm\u0103rit, care s\u0103 ajute creatorii, profesioni\u0219tii \u0219i echipele s\u0103 r\u0103m\u00e2n\u0103 informa\u021bi, inspira\u021bi \u0219i cu un pas \u00eenainte. Cunoa\u0219terea nu \u00eenseamn\u0103 doar tendin\u021be - este vorba despre claritate \u0219i direc\u021bie.<\/p>\n\n\n\n<h3 class=\"wp-block-heading\"><strong>Cine suntem<\/strong><\/h3>\n\n\n\n<p>Suntem o echip\u0103 de scriitori, strategi \u0219i entuzia\u0219ti ai tehnologiei, pasiona\u021bi de simplificarea ideilor complexe. <strong>TheTheniv<\/strong> s-a n\u0103scut din dorin\u021ba de a reduce decalajul dintre inova\u021bie \u0219i comunicare. Asta \u00eenseamn\u0103 c\u0103 ne concentr\u0103m pe con\u021binut care nu este doar captivant, ci \u0219i \u00eenr\u0103d\u0103cinat \u00een relevan\u021ba pentru lumea real\u0103 - fie c\u0103 este vorba de tehnologie emergent\u0103, strategie digital\u0103, instrumente de comunicare sau design de con\u021binut.<\/p>\n\n\n\n<p>Aici, nu e\u0219ti doar un cititor. Faci parte dintr-o comunitate \u00een cre\u0219tere care valorizeaz\u0103 profunzimea, curiozitatea \u0219i progresul.<\/p>\n\n\n\n<h3 class=\"wp-block-heading\"><strong>Implic\u0103-te<\/strong><\/h3>\n\n\n\n<p>Ai o idee pentru un articol? Vrei s\u0103-\u021bi \u00eemp\u0103rt\u0103\u0219e\u0219ti p\u0103rerea sau s\u0103 recomanzi un subiect pe care ar trebui s\u0103-l abord\u0103m? Ne-ar pl\u0103cea s\u0103 auzim de tine. La <strong>TheTheniv<\/strong>, feedback-ul dumneavoastr\u0103 ne motiveaz\u0103 urm\u0103torii pa\u0219i, iar contribu\u021bia dumneavoastr\u0103 contribuie la conturarea direc\u021biei public\u0103rii digitale moderne.<\/p>\n\n\n\n<p>Hai s\u0103 construim ceva mai bun, \u00eempreun\u0103 \u2013 c\u00e2te un subiect, c\u00e2te o perspectiv\u0103, c\u00e2te o transformare pe r\u00e2nd.<\/p>","protected":false},"excerpt":{"rendered":"<p>Bun venit la TheTheniv \u2013 centrul t\u0103u de con\u021binut pentru inova\u021bie digital\u0103, comunicare tehnologic\u0103 \u0219i transformare modern\u0103. Indiferent dac\u0103 abia intri \u00een spa\u021biul tehnologic, \u00ee\u021bi dezvol\u021bi strategia de con\u021binut sau cau\u021bi perspective noi, TheTheniv este aici pentru a te \u00eenso\u021bi la fiecare pas. Ceea ce ne motiveaz\u0103 La TheTheniv, credem c\u0103 informa\u021biile ar trebui s\u0103 fie pertinente, practice, [\u2026]<\/p>","protected":false},"author":198,"featured_media":0,"parent":0,"menu_order":0,"comment_status":"closed","ping_status":"closed","template":"","meta":{"footnotes":""},"_links":{"self":[{"href":"https:\/\/thetheniv.com\/ro\/wp-json\/wp\/v2\/pages\/93"}],"collection":[{"href":"https:\/\/thetheniv.com\/ro\/wp-json\/wp\/v2\/pages"}],"about":[{"href":"https:\/\/thetheniv.com\/ro\/wp-json\/wp\/v2\/types\/page"}],"author":[{"embeddable":true,"href":"https:\/\/thetheniv.com\/ro\/wp-json\/wp\/v2\/users\/198"}],"replies":[{"embeddable":true,"href":"https:\/\/thetheniv.com\/ro\/wp-json\/wp\/v2\/comments?post=93"}],"version-history":[{"count":1,"href":"https:\/\/thetheniv.com\/ro\/wp-json\/wp\/v2\/pages\/93\/revisions"}],"predecessor-version":[{"id":94,"href":"https:\/\/thetheniv.com\/ro\/wp-json\/wp\/v2\/pages\/93\/revisions\/94"}],"wp:attachment":[{"href":"https:\/\/thetheniv.com\/ro\/wp-json\/wp\/v2\/media?parent=93"}],"curies":[{"name":"wp","href":"https:\/\/api.w.org\/{rel}","templated":true}]}}