    {"id":90,"date":"2025-06-29T16:53:39","date_gmt":"2025-06-29T16:53:39","guid":{"rendered":"https:\/\/thetheniv.com\/?page_id=90"},"modified":"2025-10-23T14:35:30","modified_gmt":"2025-10-23T14:35:30","slug":"terms-of-use","status":"publish","type":"page","link":"https:\/\/thetheniv.com\/tr\/terms-of-use\/","title":{"rendered":"Kullan\u0131m \u015eartlar\u0131"},"content":{"rendered":"<p><strong>Son g\u00fcncelleme: 29 Haziran 2025<\/strong><\/p>\n\n\n\n<p><strong>TheTheniv<\/strong> (<a class=\"\" href=\"https:\/\/thetheniv.com\/tr\/\">https:\/\/thetheniv.com<\/a>) teknoloji alan\u0131nda inovasyon, dijital d\u00f6n\u00fc\u015f\u00fcm ve ileti\u015fime odaklanan teknik i\u00e7erik ve makaleler sunan ba\u011f\u0131ms\u0131z bir dijital yay\u0131n platformu olarak faaliyet g\u00f6stermektedir. Bu web sitesine eri\u015ferek veya bu web sitesini kullanarak, a\u015fa\u011f\u0131da belirtilen h\u00fck\u00fcm, ko\u015ful ve politikalara uymay\u0131 kabul etmi\u015f olursunuz.<\/p>\n\n\n\n<p>Bu Kullan\u0131m Ko\u015fullar\u0131, Site ile etkile\u015fimde bulunan kullan\u0131c\u0131lar\u0131n haklar\u0131n\u0131 ve sorumluluklar\u0131n\u0131 tan\u0131mlar. <strong>TheTheniv<\/strong> platform. Web sitesinin kullan\u0131m\u0131 Gizlilik Politikam\u0131za tabidir.<\/p>\n\n\n\n<p><strong>L\u00dcTFEN BU \u015eARTLARI D\u0130KKATL\u0130CE OKUYUN. BUNLARI KABUL ETM\u0130YORSANIZ, L\u00dcTFEN THETHENIV&#039;\u0130 VEYA H\u0130ZMETLER\u0130NDEN HERHANG\u0130 B\u0130R\u0130N\u0130 KULLANMAYIN.<\/strong><\/p>\n\n\n\n<h3 class=\"wp-block-heading\"><strong>Madde I \u2013 Kullan\u0131c\u0131 S\u00f6zle\u015fmesi<\/strong><\/h3>\n\n\n\n<p>1.1 Kullanarak <strong>TheTheniv<\/strong>, bu Kullan\u0131m Ko\u015fullar\u0131n\u0131 ve Gizlilik Politikam\u0131z\u0131 tamamen kabul etti\u011finizi onayl\u0131yorsunuz.<br>1.2 Bu platformu kullanmak i\u00e7in en az 18 ya\u015f\u0131nda olman\u0131z veya bulundu\u011funuz yarg\u0131 b\u00f6lgesinde yasal kapasiteye sahip olman\u0131z gerekir.<br>1.3 Bu ko\u015fullar\u0131 kar\u015f\u0131lam\u0131yorsan\u0131z veya bu ko\u015fullar\u0131n herhangi bir k\u0131sm\u0131n\u0131 kabul etmiyorsan\u0131z, hizmetlerimize eri\u015femez veya bunlar\u0131 kullanamazs\u0131n\u0131z.<\/p>\n\n\n\n<h3 class=\"wp-block-heading\"><strong>Madde II \u2013 \u0130leti\u015fim<\/strong><\/h3>\n\n\n\n<p>2.1 <strong>TheTheniv<\/strong> kullan\u0131c\u0131lar\u0131n soru sorabilecekleri, \u00f6nerilerde bulunabilecekleri veya teknik sorunlar\u0131 bildirebilecekleri ileti\u015fim kanallar\u0131 sa\u011flar.<br>2.2 Bizimle \u0130leti\u015fim Sayfam\u0131z \u00fczerinden veya orada bulunan belirtilen e-posta adresleri arac\u0131l\u0131\u011f\u0131yla ileti\u015fime ge\u00e7ebilirsiniz.<\/p>\n\n\n\n<h3 class=\"wp-block-heading\"><strong>Madde III \u2013 Taraflar\u0131n Sorumluluklar\u0131<\/strong><\/h3>\n\n\n\n<p>3.1 Kullan\u0131c\u0131lar, a\u015fa\u011f\u0131dakilerle etkile\u015fime girerken bu Kullan\u0131m Ko\u015fullar\u0131 ve Gizlilik Politikas\u0131&#039;n\u0131 kabul etmeli ve bunlara uymal\u0131d\u0131r: <strong>TheTheniv<\/strong> i\u00e7erik veya hizmetler.<br>3.2 <strong>TheTheniv<\/strong> Ek bilgi veya referans amac\u0131yla \u00fc\u00e7\u00fcnc\u00fc taraf web sitelerine ba\u011flant\u0131lar i\u00e7erebilir. Bunlar yaln\u0131zca kolayl\u0131k sa\u011flamak amac\u0131yla sunulmaktad\u0131r.<br>3.3 Y\u00f6nlendirildi\u011finizde \u00fc\u00e7\u00fcnc\u00fc taraf sitenin politikalar\u0131na tabi olursunuz. <strong>TheTheniv<\/strong> harici web sitelerinin do\u011frulu\u011fu, uygulamalar\u0131 veya g\u00fcvenilirli\u011finden sorumlu de\u011fildir.<br>3.4 Kullan\u0131c\u0131lar, \u0130nternet ba\u011flant\u0131s\u0131, cihaz ve hesap eri\u015fiminin g\u00fcvenli\u011finden yaln\u0131zca kendileri sorumludur. <strong>TheTheniv<\/strong>.<br>3.5 <strong>TheTheniv<\/strong> Platformun kontrol\u00fcm\u00fcz d\u0131\u015f\u0131nda teknik ar\u0131zalardan, yetkisiz eri\u015fimlerden veya k\u00f6t\u00fcye kullan\u0131m\u0131ndan kaynaklanan hasarlardan sorumlu de\u011fildir.<br>3.6 Resmi olmayan kanallar arac\u0131l\u0131\u011f\u0131yla hi\u00e7bir zaman banka havalesi, gizli veri veya hassas ki\u015fisel bilgi talep etmeyece\u011fiz.<br>3.7 Ad\u0131na herhangi bir \u015f\u00fcpheli mesaj veya etkinlik <strong>TheTheniv<\/strong> \u0130leti\u015fim sayfam\u0131z arac\u0131l\u0131\u011f\u0131yla derhal bildirilmelidir.<\/p>\n\n\n\n<h3 class=\"wp-block-heading\"><strong>Madde IV \u2013 Yasaklanm\u0131\u015f Davran\u0131\u015flar<\/strong><\/h3>\n\n\n\n<p>Kullan\u0131c\u0131lar\u0131n \u015funlar\u0131 yapmas\u0131 kesinlikle yasakt\u0131r:<\/p>\n\n\n\n<ul>\n<li>Yasad\u0131\u015f\u0131, hileli veya k\u00f6t\u00fc niyetli davran\u0131\u015flarda bulunmak;<\/li>\n\n\n\n<li>Fikri m\u00fclkiyet haklar\u0131n\u0131 veya gizlilik yasalar\u0131n\u0131 ihlal etmek;<\/li>\n\n\n\n<li>Vir\u00fcs veya zararl\u0131 kodlar\u0131n y\u00fcklenmesi veya da\u011f\u0131t\u0131lmas\u0131;<\/li>\n\n\n\n<li>Ki\u015fi veya kurumlar\u0131 taklit etmek;<\/li>\n\n\n\n<li>R\u0131za olmaks\u0131z\u0131n veri toplanmas\u0131;<\/li>\n\n\n\n<li>Yan\u0131lt\u0131c\u0131 veya izinsiz i\u00e7erik payla\u015f\u0131m\u0131;<\/li>\n\n\n\n<li>Ba\u015fkalar\u0131n\u0131 taciz etmek, iftira atmak veya tehdit etmek;<\/li>\n\n\n\n<li>Platformun i\u015fleyi\u015fini bozmaya veya hacklemeye te\u015febb\u00fcs etmek.<\/li>\n<\/ul>\n\n\n\n<p>\u0130hlaller, eri\u015fimin ask\u0131ya al\u0131nmas\u0131 veya kal\u0131c\u0131 olarak sonland\u0131r\u0131lmas\u0131yla sonu\u00e7lanabilir. <strong>TheTheniv<\/strong>, \u00f6nceden haber verilmeksizin.<\/p>\n\n\n\n<h3 class=\"wp-block-heading\"><strong>Madde V \u2013 Sorumlulu\u011fun S\u0131n\u0131rland\u0131r\u0131lmas\u0131 ve Garantiler<\/strong><\/h3>\n\n\n\n<p><strong>TheTheniv<\/strong> hizmetlerini ve i\u00e7eri\u011fini a\u00e7\u0131k veya z\u0131mni garantiler olmaks\u0131z\u0131n &quot;oldu\u011fu gibi&quot; ve &quot;mevcut oldu\u011fu \u015fekilde&quot; sa\u011flar.<br>Kesintisiz eri\u015fim, hatas\u0131z materyaller veya i\u00e7eri\u011fin her zaman g\u00fcncel veya t\u00fcm ama\u00e7lara uygun olaca\u011f\u0131n\u0131 garanti etmiyoruz.<br>Yasan\u0131n izin verdi\u011fi azami \u00f6l\u00e7\u00fcde, <strong>TheTheniv<\/strong> Sitenin veya i\u00e7eri\u011finin kullan\u0131m\u0131yla ilgili olarak do\u011frudan, dolayl\u0131, tesad\u00fcfi veya sonu\u00e7sal zararlardan do\u011fan sorumlulu\u011fu reddeder.<\/p>\n\n\n\n<h3 class=\"wp-block-heading\"><strong>Madde VI \u2013 S\u00fcre ve Yasal S\u00fcre<\/strong><\/h3>\n\n\n\n<p>Bu Kullan\u0131m Ko\u015fullar\u0131 s\u00fcresiz olarak ge\u00e7erlidir. Platformla ilgili her t\u00fcrl\u00fc yasal talep veya uyu\u015fmazl\u0131k, talebin ortaya \u00e7\u0131kmas\u0131na neden olan olay\u0131n meydana gelmesinden itibaren 90 (doksan) g\u00fcn i\u00e7inde ba\u015flat\u0131lmal\u0131d\u0131r.<\/p>\n\n\n\n<h3 class=\"wp-block-heading\"><strong>Madde VII \u2013 Ge\u00e7erli Hukuk ve Yarg\u0131 Yetkisi<\/strong><\/h3>\n\n\n\n<p>Bu Kullan\u0131m Ko\u015fullar\u0131 a\u015fa\u011f\u0131dakilere g\u00f6re y\u00f6netilecek ve yorumlanacakt\u0131r: <strong>Estonya Cumhuriyeti yasalar\u0131<\/strong>Bu \u015eartlar veya bu web sitesinin kullan\u0131m\u0131yla ilgili veya bunlardan kaynaklanan herhangi bir anla\u015fmazl\u0131k, ihtilaf veya talep, Estonya yasalar\u0131na uygun olarak \u00e7\u00f6z\u00fclecektir. <strong>Estonya&#039;n\u0131n Tallinn kentinde bulunan mahkemelerin m\u00fcnhas\u0131r yarg\u0131 yetkisi<\/strong>.<br>Bu madde, Estonya&#039;n\u0131n sa\u011flad\u0131\u011f\u0131 gibi yasal \u015feffafl\u0131\u011f\u0131 ve uluslararas\u0131 uyumluluk en iyi uygulamalar\u0131yla uyumu garanti eder. <em>Bor\u00e7lar Hukuku Kanunu<\/em> Ve <em>Uluslararas\u0131 \u00d6zel Hukuk Kanunu<\/em>.<\/p>\n\n\n\n<h3 class=\"wp-block-heading\"><strong>Madde VIII \u2013 Fikri M\u00fclkiyet<\/strong><\/h3>\n\n\n\n<p>8.1 T\u00fcm i\u00e7erik <strong>TheTheniv<\/strong>Makaleler, grafikler, metinler ve markalama dahil olmak \u00fczere t\u00fcm i\u00e7erik fikri m\u00fclkiyet yasalar\u0131yla korunmaktad\u0131r.<br>8.2 \u0130\u00e7eri\u011fin herhangi bir b\u00f6l\u00fcm\u00fcn\u00fc, yaz\u0131l\u0131 izin olmaks\u0131z\u0131n kopyalayamaz, \u00e7o\u011faltamaz, yeniden yay\u0131nlayamaz veya da\u011f\u0131tamazs\u0131n\u0131z. <strong>TheTheniv<\/strong>.<br>8.3 Kullan\u0131c\u0131 taraf\u0131ndan g\u00f6nderilen i\u00e7erikler, katk\u0131da bulunan ki\u015finin sorumlulu\u011fundad\u0131r. <strong>TheTheniv<\/strong> yasal veya etik standartlar\u0131 ihlal eden herhangi bir i\u00e7eri\u011fi kald\u0131rma hakk\u0131n\u0131 sakl\u0131 tutar.<\/p>\n\n\n\n<h3 class=\"wp-block-heading\"><strong>Madde IX \u2013 \u015eartlarda De\u011fi\u015fiklikler<\/strong><\/h3>\n\n\n\n<p><strong>TheTheniv<\/strong> bu \u015eartlar veya hizmetlerin herhangi bir b\u00f6l\u00fcm\u00fcn\u00fc herhangi bir zamanda \u00f6nceden bildirimde bulunmaks\u0131z\u0131n g\u00fcncelleme, de\u011fi\u015ftirme veya durdurma hakk\u0131n\u0131 sakl\u0131 tutar.<br>Bu sayfay\u0131 d\u00fczenli olarak incelemek sizin sorumlulu\u011funuzdad\u0131r. Platformun kullan\u0131lmaya devam edilmesi, revize edilen t\u00fcm \u015fartlar\u0131n kabul edildi\u011fi anlam\u0131na gelir.<\/p>\n\n\n\n<h3 class=\"wp-block-heading\"><strong>Madde X \u2013 \u0130leti\u015fim<\/strong><\/h3>\n\n\n\n<p>Bu Kullan\u0131m Ko\u015fullar\u0131 ile ilgili soru veya endi\u015feleriniz varsa bizimle \u015fu adresten ileti\u015fime ge\u00e7ebilirsiniz:<br><a>https:\/\/thetheniv.com\/contact<\/a><br>E-posta: <a>info@thetheniv.com<\/a><\/p>\n\n\n\n<p><strong>BU \u015eARTLARI KABUL ETM\u0130YORSANIZ, L\u00dcTFEN THETHENIV VE H\u0130ZMETLER\u0130N\u0130 KULLANMAKTAN KA\u00c7ININ.<\/strong><\/p>","protected":false},"excerpt":{"rendered":"<p>Last updated: June 29, 2025 TheTheniv (https:\/\/thetheniv.com) operates as an independent digital publishing platform offering technical content and articles focused on innovation, digital transformation, and communication in the tech space. By accessing or using this website, you agree to abide by the terms, conditions, and policies outlined below. These Terms of Use define the rights [&hellip;]<\/p>","protected":false},"author":198,"featured_media":0,"parent":0,"menu_order":0,"comment_status":"closed","ping_status":"closed","template":"","meta":{"footnotes":""},"_links":{"self":[{"href":"https:\/\/thetheniv.com\/tr\/wp-json\/wp\/v2\/pages\/90"}],"collection":[{"href":"https:\/\/thetheniv.com\/tr\/wp-json\/wp\/v2\/pages"}],"about":[{"href":"https:\/\/thetheniv.com\/tr\/wp-json\/wp\/v2\/types\/page"}],"author":[{"embeddable":true,"href":"https:\/\/thetheniv.com\/tr\/wp-json\/wp\/v2\/users\/198"}],"replies":[{"embeddable":true,"href":"https:\/\/thetheniv.com\/tr\/wp-json\/wp\/v2\/comments?post=90"}],"version-history":[{"count":2,"href":"https:\/\/thetheniv.com\/tr\/wp-json\/wp\/v2\/pages\/90\/revisions"}],"predecessor-version":[{"id":494,"href":"https:\/\/thetheniv.com\/tr\/wp-json\/wp\/v2\/pages\/90\/revisions\/494"}],"wp:attachment":[{"href":"https:\/\/thetheniv.com\/tr\/wp-json\/wp\/v2\/media?parent=90"}],"curies":[{"name":"wp","href":"https:\/\/api.w.org\/{rel}","templated":true}]}}