    {"id":93,"date":"2025-06-29T16:54:22","date_gmt":"2025-06-29T16:54:22","guid":{"rendered":"https:\/\/thetheniv.com\/?page_id=93"},"modified":"2025-06-29T16:54:22","modified_gmt":"2025-06-29T16:54:22","slug":"about-us","status":"publish","type":"page","link":"https:\/\/thetheniv.com\/tr\/about-us\/","title":{"rendered":"Hakk\u0131m\u0131zda"},"content":{"rendered":"<p>Ho\u015f geldiniz <strong>TheTheniv<\/strong> \u2013 dijital inovasyon, teknoloji ileti\u015fimi ve modern d\u00f6n\u00fc\u015f\u00fcm i\u00e7in i\u00e7erik merkeziniz. \u0130ster teknoloji d\u00fcnyas\u0131na yeni giriyor olun, ister i\u00e7erik stratejinizi geli\u015ftiriyor olun, ister yeni bak\u0131\u015f a\u00e7\u0131lar\u0131 ar\u0131yor olun, <strong>TheTheniv<\/strong> yolun her ad\u0131m\u0131nda sizinle birlikte y\u00fcr\u00fcmek i\u00e7in burada.<\/p>\n\n\n\n<h3 class=\"wp-block-heading\"><strong>Bizi ne motive ediyor?<\/strong><\/h3>\n\n\n\n<p>\u015eu anda <strong>TheTheniv<\/strong>Bilginin i\u00e7g\u00f6r\u00fc dolu, eyleme d\u00f6n\u00fc\u015ft\u00fcr\u00fclebilir ve g\u00fcn\u00fcm\u00fcz\u00fcn dijital d\u00fcnyas\u0131yla uyumlu olmas\u0131 gerekti\u011fine inan\u0131yoruz. Misyonumuz basit: \u0130\u00e7erik \u00fcreticilerinin, profesyonellerin ve ekiplerin bilgili, ilham verici ve trendlerin \u00f6n\u00fcnde kalmas\u0131na yard\u0131mc\u0131 olan, y\u00fcksek kaliteli ve takip etmesi kolay i\u00e7erikler yay\u0131nlamak. Bilgi sadece trendlerle ilgili de\u011fil; ayn\u0131 zamanda netlik ve y\u00f6nle de ilgilidir.<\/p>\n\n\n\n<h3 class=\"wp-block-heading\"><strong>Biz kimiz<\/strong><\/h3>\n\n\n\n<p>Biz, karma\u015f\u0131k fikirleri basitle\u015ftirmeye tutkuyla ba\u011fl\u0131 yazarlardan, stratejistlerden ve teknoloji merakl\u0131lar\u0131ndan olu\u015fan bir ekibiz. <strong>TheTheniv<\/strong> \u0130novasyon ve ileti\u015fim aras\u0131ndaki bo\u015flu\u011fu kapatma arzusundan do\u011fdu. Bu, yaln\u0131zca ilgi \u00e7ekici de\u011fil, ayn\u0131 zamanda ger\u00e7ek d\u00fcnyayla da alakal\u0131 i\u00e7eriklere odakland\u0131\u011f\u0131m\u0131z anlam\u0131na geliyor; ister yeni teknolojiler, ister dijital stratejiler, ister ileti\u015fim ara\u00e7lar\u0131 veya i\u00e7erik tasar\u0131m\u0131 olsun.<\/p>\n\n\n\n<p>Burada sadece bir okuyucu de\u011filsiniz. Derinli\u011fe, meraka ve ilerlemeye de\u011fer veren, b\u00fcy\u00fcyen bir toplulu\u011fun par\u00e7as\u0131s\u0131n\u0131z.<\/p>\n\n\n\n<h3 class=\"wp-block-heading\"><strong>Kat\u0131l\u0131n<\/strong><\/h3>\n\n\n\n<p>Bir makale fikriniz mi var? Sesinizi payla\u015fmak veya ele almam\u0131z gereken bir konu \u00f6nermek ister misiniz? Sizden haber almak isteriz. <strong>TheTheniv<\/strong>Geri bildirimleriniz bir sonraki ad\u0131mlar\u0131m\u0131za g\u00fc\u00e7 veriyor ve girdileriniz modern dijital yay\u0131nc\u0131l\u0131\u011f\u0131n y\u00f6n\u00fcn\u00fc \u015fekillendirmeye yard\u0131mc\u0131 oluyor.<\/p>\n\n\n\n<p>Birlikte daha iyi bir \u015fey in\u015fa edelim; bir konu, bir bak\u0131\u015f a\u00e7\u0131s\u0131, bir d\u00f6n\u00fc\u015f\u00fcmle.<\/p>","protected":false},"excerpt":{"rendered":"<p>Welcome to TheTheniv \u2013 your content hub for digital innovation, tech communication, and modern transformation. Whether you\u2019re just entering the tech space, evolving your content strategy, or seeking fresh perspectives, TheTheniv is here to walk with you every step of the way. What drives us At TheTheniv, we believe that information should be insightful, actionable, [&hellip;]<\/p>","protected":false},"author":198,"featured_media":0,"parent":0,"menu_order":0,"comment_status":"closed","ping_status":"closed","template":"","meta":{"footnotes":""},"_links":{"self":[{"href":"https:\/\/thetheniv.com\/tr\/wp-json\/wp\/v2\/pages\/93"}],"collection":[{"href":"https:\/\/thetheniv.com\/tr\/wp-json\/wp\/v2\/pages"}],"about":[{"href":"https:\/\/thetheniv.com\/tr\/wp-json\/wp\/v2\/types\/page"}],"author":[{"embeddable":true,"href":"https:\/\/thetheniv.com\/tr\/wp-json\/wp\/v2\/users\/198"}],"replies":[{"embeddable":true,"href":"https:\/\/thetheniv.com\/tr\/wp-json\/wp\/v2\/comments?post=93"}],"version-history":[{"count":1,"href":"https:\/\/thetheniv.com\/tr\/wp-json\/wp\/v2\/pages\/93\/revisions"}],"predecessor-version":[{"id":94,"href":"https:\/\/thetheniv.com\/tr\/wp-json\/wp\/v2\/pages\/93\/revisions\/94"}],"wp:attachment":[{"href":"https:\/\/thetheniv.com\/tr\/wp-json\/wp\/v2\/media?parent=93"}],"curies":[{"name":"wp","href":"https:\/\/api.w.org\/{rel}","templated":true}]}}