    {"id":95,"date":"2025-06-29T16:55:05","date_gmt":"2025-06-29T16:55:05","guid":{"rendered":"https:\/\/thetheniv.com\/?page_id=95"},"modified":"2025-06-29T16:55:05","modified_gmt":"2025-06-29T16:55:05","slug":"contact","status":"publish","type":"page","link":"https:\/\/thetheniv.com\/tr\/contact\/","title":{"rendered":"Temas etmek"},"content":{"rendered":"<p>Ziyaretiniz i\u00e7in te\u015fekk\u00fcr ederiz <strong>TheTheniv<\/strong>Teknoloji i\u00e7g\u00f6r\u00fcleri, dijital ileti\u015fim ve i\u00e7erik odakl\u0131 inovasyon i\u00e7in g\u00fcvenilir platformunuz. Mesajlar\u0131n\u0131za ger\u00e7ekten de\u011fer veriyoruz ve sizi desteklemek, sizinle ba\u011flant\u0131 kurmak ve i\u015f birli\u011fi yapmak i\u00e7in buraday\u0131z.<\/p>\n\n\n\n<h3 class=\"wp-block-heading\"><strong>Genel Sorular<\/strong><\/h3>\n\n\n\n<p>Bir sorunuz mu var? <strong>TheTheniv<\/strong> veya sadece bize ula\u015fmak m\u0131 istiyorsunuz? Bize \u015fu adresten e-posta g\u00f6nderin: <strong><a>ileti\u015fim@thetheniv.com<\/a><\/strong><br>Toplulu\u011fumuzdan haber almaktan mutluluk duyuyoruz ve en k\u0131sa s\u00fcrede size geri d\u00f6n\u00fc\u015f yapaca\u011f\u0131z.<\/p>\n\n\n\n<h3 class=\"wp-block-heading\"><strong>\u0130\u00e7erik \u00d6nerileri ve Katk\u0131lar\u0131<\/strong><\/h3>\n\n\n\n<p>Yeni bir makale fikriniz mi var? Uzmanl\u0131\u011f\u0131n\u0131z\u0131 payla\u015fmak veya ele almam\u0131z gereken bir konu \u00f6nermek mi istiyorsunuz? Bize ula\u015f\u0131n <strong><a>edit\u00f6r@thetheniv.com<\/a><\/strong><br>Teknoloji, ileti\u015fim ve dijital yay\u0131nc\u0131l\u0131k d\u00fcnyas\u0131nda her zaman yeni bak\u0131\u015f a\u00e7\u0131lar\u0131 ve sesler ar\u0131yoruz.<\/p>\n\n\n\n<h3 class=\"wp-block-heading\"><strong>Teknik Destek<\/strong><\/h3>\n\n\n\n<p>Platformumuzla ilgili herhangi bir sorun ya\u015f\u0131yorsan\u0131z veya yay\u0131nlanan i\u00e7eriklere eri\u015fim konusunda yard\u0131ma ihtiyac\u0131n\u0131z varsa bizimle ileti\u015fime ge\u00e7mekten \u00e7ekinmeyin. <strong><a>destek@thetheniv.com<\/a><\/strong><br>Deneyiminizi garantilemek i\u00e7in buraday\u0131z <strong>TheTheniv<\/strong> m\u00fcmk\u00fcn oldu\u011funca p\u00fcr\u00fczs\u00fcz.<\/p>\n\n\n\n<h3 class=\"wp-block-heading\"><strong>Ba\u011flant\u0131da Kal\u0131n<\/strong><\/h3>\n\n\n\n<p><strong>TheTheniv<\/strong> d\u00fcnya \u00e7ap\u0131ndaki profesyoneller ve okuyucular i\u00e7in olu\u015fturulmu\u015f, dijital odakl\u0131 bir platformdur. Fiziksel bir ofisten faaliyet g\u00f6stermesek de, her zaman \u00e7evrimi\u00e7iyiz; sizi dinlemeye, desteklemeye ve sizinle birlikte b\u00fcy\u00fcmeye haz\u0131r\u0131z.<\/p>\n\n\n\n<p>Bir par\u00e7as\u0131 oldu\u011funuz i\u00e7in tekrar te\u015fekk\u00fcrler <strong>TheTheniv<\/strong> Topluluk. Sizden haber almay\u0131 d\u00f6rt g\u00f6zle bekliyoruz!<\/p>\n\n\n\n<p><strong>Sevgilerimle,<\/strong><br><strong>TheTheniv Ekibi<\/strong><\/p>","protected":false},"excerpt":{"rendered":"<p>Thank you for visiting TheTheniv, your trusted platform for tech insights, digital communication, and content-driven innovation. We truly value your messages and are here to support, connect, and collaborate with you. General Inquiries Have a question about TheTheniv or just want to reach out? Email us at contact@thetheniv.comWe love hearing from our community and will [&hellip;]<\/p>","protected":false},"author":198,"featured_media":0,"parent":0,"menu_order":0,"comment_status":"closed","ping_status":"closed","template":"","meta":{"footnotes":""},"_links":{"self":[{"href":"https:\/\/thetheniv.com\/tr\/wp-json\/wp\/v2\/pages\/95"}],"collection":[{"href":"https:\/\/thetheniv.com\/tr\/wp-json\/wp\/v2\/pages"}],"about":[{"href":"https:\/\/thetheniv.com\/tr\/wp-json\/wp\/v2\/types\/page"}],"author":[{"embeddable":true,"href":"https:\/\/thetheniv.com\/tr\/wp-json\/wp\/v2\/users\/198"}],"replies":[{"embeddable":true,"href":"https:\/\/thetheniv.com\/tr\/wp-json\/wp\/v2\/comments?post=95"}],"version-history":[{"count":1,"href":"https:\/\/thetheniv.com\/tr\/wp-json\/wp\/v2\/pages\/95\/revisions"}],"predecessor-version":[{"id":96,"href":"https:\/\/thetheniv.com\/tr\/wp-json\/wp\/v2\/pages\/95\/revisions\/96"}],"wp:attachment":[{"href":"https:\/\/thetheniv.com\/tr\/wp-json\/wp\/v2\/media?parent=95"}],"curies":[{"name":"wp","href":"https:\/\/api.w.org\/{rel}","templated":true}]}}