    {"id":90,"date":"2025-06-29T16:53:39","date_gmt":"2025-06-29T16:53:39","guid":{"rendered":"https:\/\/thetheniv.com\/?page_id=90"},"modified":"2025-10-23T14:35:30","modified_gmt":"2025-10-23T14:35:30","slug":"terms-of-use","status":"publish","type":"page","link":"https:\/\/thetheniv.com\/vi\/terms-of-use\/","title":{"rendered":"\u0110i\u1ec1u kho\u1ea3n s\u1eed d\u1ee5ng"},"content":{"rendered":"<p><strong>C\u1eadp nh\u1eadt l\u1ea7n cu\u1ed1i: 29 th\u00e1ng 6 n\u0103m 2025<\/strong><\/p>\n\n\n\n<p><strong>TheTheniv<\/strong> (<a class=\"\" href=\"https:\/\/thetheniv.com\/vi\/\">https:\/\/thetheniv.com<\/a>) ho\u1ea1t \u0111\u1ed9ng nh\u01b0 m\u1ed9t n\u1ec1n t\u1ea3ng xu\u1ea5t b\u1ea3n k\u1ef9 thu\u1eadt s\u1ed1 \u0111\u1ed9c l\u1eadp, cung c\u1ea5p n\u1ed9i dung k\u1ef9 thu\u1eadt v\u00e0 b\u00e0i vi\u1ebft t\u1eadp trung v\u00e0o \u0111\u1ed5i m\u1edbi, chuy\u1ec3n \u0111\u1ed5i s\u1ed1 v\u00e0 truy\u1ec1n th\u00f4ng trong l\u0129nh v\u1ef1c c\u00f4ng ngh\u1ec7. B\u1eb1ng vi\u1ec7c truy c\u1eadp ho\u1eb7c s\u1eed d\u1ee5ng trang web n\u00e0y, b\u1ea1n \u0111\u1ed3ng \u00fd tu\u00e2n th\u1ee7 c\u00e1c \u0111i\u1ec1u kho\u1ea3n, \u0111i\u1ec1u ki\u1ec7n v\u00e0 ch\u00ednh s\u00e1ch \u0111\u01b0\u1ee3c n\u00eau d\u01b0\u1edbi \u0111\u00e2y.<\/p>\n\n\n\n<p>C\u00e1c \u0110i\u1ec1u kho\u1ea3n s\u1eed d\u1ee5ng n\u00e0y x\u00e1c \u0111\u1ecbnh c\u00e1c quy\u1ec1n v\u00e0 tr\u00e1ch nhi\u1ec7m c\u1ee7a ng\u01b0\u1eddi d\u00f9ng t\u01b0\u01a1ng t\u00e1c v\u1edbi <strong>TheTheniv<\/strong> n\u1ec1n t\u1ea3ng. Vi\u1ec7c s\u1eed d\u1ee5ng trang web c\u0169ng ph\u1ea3i tu\u00e2n theo Ch\u00ednh s\u00e1ch quy\u1ec1n ri\u00eang t\u01b0 c\u1ee7a ch\u00fang t\u00f4i.<\/p>\n\n\n\n<p><strong>VUI L\u00d2NG \u0110\u1eccC K\u1ef8 C\u00c1C \u0110I\u1ec0U KHO\u1ea2N N\u00c0Y. N\u1ebeU B\u1ea0N KH\u00d4NG \u0110\u1ed2NG \u00dd V\u1edaI CH\u00daNG, VUI L\u00d2NG KH\u00d4NG S\u1eec D\u1ee4NG THETHENIV HO\u1eb6C B\u1ea4T K\u1ef2 D\u1ecaCH V\u1ee4 N\u00c0O C\u1ee6A THETHENIV.<\/strong><\/p>\n\n\n\n<h3 class=\"wp-block-heading\"><strong>\u0110i\u1ec1u I \u2013 Th\u1ecfa thu\u1eadn ng\u01b0\u1eddi d\u00f9ng<\/strong><\/h3>\n\n\n\n<p>1.1 B\u1eb1ng c\u00e1ch s\u1eed d\u1ee5ng <strong>TheTheniv<\/strong>, b\u1ea1n x\u00e1c nh\u1eadn r\u1eb1ng b\u1ea1n ho\u00e0n to\u00e0n ch\u1ea5p nh\u1eadn c\u00e1c \u0110i\u1ec1u kho\u1ea3n s\u1eed d\u1ee5ng n\u00e0y v\u00e0 Ch\u00ednh s\u00e1ch quy\u1ec1n ri\u00eang t\u01b0 c\u1ee7a ch\u00fang t\u00f4i.<br>1.2 B\u1ea1n ph\u1ea3i \u00edt nh\u1ea5t 18 tu\u1ed5i ho\u1eb7c c\u00f3 n\u0103ng l\u1ef1c ph\u00e1p l\u00fd t\u1ea1i khu v\u1ef1c ph\u00e1p l\u00fd c\u1ee7a m\u00ecnh \u0111\u1ec3 s\u1eed d\u1ee5ng n\u1ec1n t\u1ea3ng n\u00e0y.<br>1.3 N\u1ebfu b\u1ea1n kh\u00f4ng \u0111\u00e1p \u1ee9ng c\u00e1c \u0111i\u1ec1u ki\u1ec7n n\u00e0y ho\u1eb7c kh\u00f4ng \u0111\u1ed3ng \u00fd v\u1edbi b\u1ea5t k\u1ef3 ph\u1ea7n n\u00e0o trong c\u00e1c \u0111i\u1ec1u kho\u1ea3n n\u00e0y, b\u1ea1n kh\u00f4ng \u0111\u01b0\u1ee3c truy c\u1eadp ho\u1eb7c s\u1eed d\u1ee5ng d\u1ecbch v\u1ee5 c\u1ee7a ch\u00fang t\u00f4i.<\/p>\n\n\n\n<h3 class=\"wp-block-heading\"><strong>\u0110i\u1ec1u II \u2013 Truy\u1ec1n th\u00f4ng<\/strong><\/h3>\n\n\n\n<p>2.1 <strong>TheTheniv<\/strong> cung c\u1ea5p k\u00eanh li\u00ean l\u1ea1c cho ng\u01b0\u1eddi d\u00f9ng \u0111\u1ec3 \u0111\u1eb7t c\u00e2u h\u1ecfi, g\u1eedi \u0111\u1ec1 xu\u1ea5t ho\u1eb7c b\u00e1o c\u00e1o c\u00e1c v\u1ea5n \u0111\u1ec1 k\u1ef9 thu\u1eadt.<br>2.2 B\u1ea1n c\u00f3 th\u1ec3 li\u00ean h\u1ec7 v\u1edbi ch\u00fang t\u00f4i qua Trang li\u00ean h\u1ec7 ho\u1eb7c qua c\u00e1c \u0111\u1ecba ch\u1ec9 email \u0111\u01b0\u1ee3c ch\u1ec9 \u0111\u1ecbnh t\u1ea1i \u0111\u00f3.<\/p>\n\n\n\n<h3 class=\"wp-block-heading\"><strong>\u0110i\u1ec1u III \u2013 Tr\u00e1ch nhi\u1ec7m c\u1ee7a c\u00e1c b\u00ean<\/strong><\/h3>\n\n\n\n<p>3.1 Ng\u01b0\u1eddi d\u00f9ng ph\u1ea3i \u0111\u1ed3ng \u00fd v\u00e0 tu\u00e2n th\u1ee7 c\u00e1c \u0110i\u1ec1u kho\u1ea3n s\u1eed d\u1ee5ng n\u00e0y v\u00e0 Ch\u00ednh s\u00e1ch b\u1ea3o m\u1eadt khi tham gia <strong>TheTheniv<\/strong> n\u1ed9i dung ho\u1eb7c d\u1ecbch v\u1ee5.<br>3.2 <strong>TheTheniv<\/strong> c\u00f3 th\u1ec3 bao g\u1ed3m c\u00e1c li\u00ean k\u1ebft \u0111\u1ebfn c\u00e1c trang web c\u1ee7a b\u00ean th\u1ee9 ba \u0111\u1ec3 bi\u1ebft th\u00eam th\u00f4ng tin ho\u1eb7c tham kh\u1ea3o. Nh\u1eefng li\u00ean k\u1ebft n\u00e0y ch\u1ec9 \u0111\u01b0\u1ee3c cung c\u1ea5p \u0111\u1ec3 thu\u1eadn ti\u1ec7n.<br>3.3 Sau khi \u0111\u01b0\u1ee3c chuy\u1ec3n h\u01b0\u1edbng, b\u1ea1n s\u1ebd ph\u1ea3i tu\u00e2n theo ch\u00ednh s\u00e1ch c\u1ee7a trang web b\u00ean th\u1ee9 ba. <strong>TheTheniv<\/strong> kh\u00f4ng ch\u1ecbu tr\u00e1ch nhi\u1ec7m v\u1ec1 t\u00ednh ch\u00ednh x\u00e1c, ho\u1ea1t \u0111\u1ed9ng ho\u1eb7c \u0111\u1ed9 tin c\u1eady c\u1ee7a c\u00e1c trang web b\u00ean ngo\u00e0i.<br>3.4 Ng\u01b0\u1eddi d\u00f9ng ho\u00e0n to\u00e0n ch\u1ecbu tr\u00e1ch nhi\u1ec7m v\u1ec1 t\u00ednh b\u1ea3o m\u1eadt c\u1ee7a k\u1ebft n\u1ed1i internet, thi\u1ebft b\u1ecb v\u00e0 quy\u1ec1n truy c\u1eadp t\u00e0i kho\u1ea3n c\u1ee7a h\u1ecd trong khi s\u1eed d\u1ee5ng <strong>TheTheniv<\/strong>.<br>3.5 <strong>TheTheniv<\/strong> kh\u00f4ng ch\u1ecbu tr\u00e1ch nhi\u1ec7m v\u1ec1 nh\u1eefng thi\u1ec7t h\u1ea1i do l\u1ed7i k\u1ef9 thu\u1eadt, truy c\u1eadp tr\u00e1i ph\u00e9p ho\u1eb7c s\u1eed d\u1ee5ng sai n\u1ec1n t\u1ea3ng ngo\u00e0i t\u1ea7m ki\u1ec3m so\u00e1t c\u1ee7a ch\u00fang t\u00f4i.<br>3.6 Ch\u00fang t\u00f4i s\u1ebd kh\u00f4ng bao gi\u1edd y\u00eau c\u1ea7u chuy\u1ec3n kho\u1ea3n ng\u00e2n h\u00e0ng, d\u1eef li\u1ec7u b\u00ed m\u1eadt ho\u1eb7c th\u00f4ng tin c\u00e1 nh\u00e2n nh\u1ea1y c\u1ea3m th\u00f4ng qua c\u00e1c k\u00eanh kh\u00f4ng ch\u00ednh th\u1ee9c.<br>3.7 B\u1ea5t k\u1ef3 tin nh\u1eafn ho\u1eb7c ho\u1ea1t \u0111\u1ed9ng \u0111\u00e1ng ng\u1edd n\u00e0o mang t\u00ean <strong>TheTheniv<\/strong> ph\u1ea3i \u0111\u01b0\u1ee3c b\u00e1o c\u00e1o ngay l\u1eadp t\u1ee9c th\u00f4ng qua trang li\u00ean h\u1ec7 c\u1ee7a ch\u00fang t\u00f4i.<\/p>\n\n\n\n<h3 class=\"wp-block-heading\"><strong>\u0110i\u1ec1u IV \u2013 H\u00e0nh vi b\u1ecb c\u1ea5m<\/strong><\/h3>\n\n\n\n<p>Ng\u01b0\u1eddi d\u00f9ng b\u1ecb nghi\u00eam c\u1ea5m:<\/p>\n\n\n\n<ul>\n<li>Tham gia v\u00e0o h\u00e0nh vi b\u1ea5t h\u1ee3p ph\u00e1p, gian l\u1eadn ho\u1eb7c \u00e1c \u00fd;<\/li>\n\n\n\n<li>Vi ph\u1ea1m quy\u1ec1n s\u1edf h\u1eefu tr\u00ed tu\u1ec7 ho\u1eb7c lu\u1eadt ri\u00eang t\u01b0;<\/li>\n\n\n\n<li>T\u1ea3i l\u00ean ho\u1eb7c ph\u00e2n ph\u1ed1i vi-r\u00fat ho\u1eb7c m\u00e3 \u0111\u1ed9c h\u1ea1i;<\/li>\n\n\n\n<li>M\u1ea1o danh c\u00e1 nh\u00e2n ho\u1eb7c t\u1ed5 ch\u1ee9c;<\/li>\n\n\n\n<li>Thu th\u1eadp d\u1eef li\u1ec7u m\u00e0 kh\u00f4ng c\u00f3 s\u1ef1 \u0111\u1ed3ng \u00fd;<\/li>\n\n\n\n<li>Chia s\u1ebb n\u1ed9i dung g\u00e2y hi\u1ec3u l\u1ea7m ho\u1eb7c tr\u00e1i ph\u00e9p;<\/li>\n\n\n\n<li>Qu\u1ea5y r\u1ed1i, ph\u1ec9 b\u00e1ng ho\u1eb7c \u0111e d\u1ecda ng\u01b0\u1eddi kh\u00e1c;<\/li>\n\n\n\n<li>C\u1ed1 g\u1eafng t\u1ea5n c\u00f4ng ho\u1eb7c ph\u00e1 ho\u1ea1i ho\u1ea1t \u0111\u1ed9ng c\u1ee7a n\u1ec1n t\u1ea3ng.<\/li>\n<\/ul>\n\n\n\n<p>Vi ph\u1ea1m c\u00f3 th\u1ec3 d\u1eabn \u0111\u1ebfn vi\u1ec7c \u0111\u00ecnh ch\u1ec9 ho\u1eb7c ch\u1ea5m d\u1ee9t v\u0129nh vi\u1ec5n quy\u1ec1n truy c\u1eadp v\u00e0o <strong>TheTheniv<\/strong>, m\u00e0 kh\u00f4ng c\u1ea7n th\u00f4ng b\u00e1o tr\u01b0\u1edbc.<\/p>\n\n\n\n<h3 class=\"wp-block-heading\"><strong>\u0110i\u1ec1u V \u2013 Gi\u1edbi h\u1ea1n tr\u00e1ch nhi\u1ec7m v\u00e0 b\u1ea3o h\u00e0nh<\/strong><\/h3>\n\n\n\n<p><strong>TheTheniv<\/strong> cung c\u1ea5p c\u00e1c d\u1ecbch v\u1ee5 v\u00e0 n\u1ed9i dung c\u1ee7a m\u00ecnh \u201cnguy\u00ean tr\u1ea1ng\u201d v\u00e0 \u201ckhi c\u00f3 s\u1eb5n\u201d, m\u00e0 kh\u00f4ng c\u00f3 b\u1ea5t k\u1ef3 b\u1ea3o \u0111\u1ea3m r\u00f5 r\u00e0ng hay ng\u1ee5 \u00fd n\u00e0o.<br>Ch\u00fang t\u00f4i kh\u00f4ng \u0111\u1ea3m b\u1ea3o quy\u1ec1n truy c\u1eadp kh\u00f4ng b\u1ecb gi\u00e1n \u0111o\u1ea1n, t\u00e0i li\u1ec7u kh\u00f4ng c\u00f3 l\u1ed7i ho\u1eb7c n\u1ed9i dung lu\u00f4n \u0111\u01b0\u1ee3c c\u1eadp nh\u1eadt ho\u1eb7c ph\u00f9 h\u1ee3p v\u1edbi m\u1ecdi m\u1ee5c \u0111\u00edch.<br>Trong ph\u1ea1m vi t\u1ed1i \u0111a \u0111\u01b0\u1ee3c ph\u00e1p lu\u1eadt cho ph\u00e9p, <strong>TheTheniv<\/strong> t\u1eeb ch\u1ed1i tr\u00e1ch nhi\u1ec7m \u0111\u1ed1i v\u1edbi b\u1ea5t k\u1ef3 thi\u1ec7t h\u1ea1i tr\u1ef1c ti\u1ebfp, gi\u00e1n ti\u1ebfp, ng\u1eabu nhi\u00ean ho\u1eb7c h\u1eadu qu\u1ea3 n\u00e0o li\u00ean quan \u0111\u1ebfn vi\u1ec7c s\u1eed d\u1ee5ng trang web ho\u1eb7c n\u1ed9i dung c\u1ee7a trang web.<\/p>\n\n\n\n<h3 class=\"wp-block-heading\"><strong>\u0110i\u1ec1u VI \u2013 Th\u1eddi h\u1ea1n v\u00e0 Khung th\u1eddi gian ph\u00e1p l\u00fd<\/strong><\/h3>\n\n\n\n<p>\u0110i\u1ec1u kho\u1ea3n S\u1eed d\u1ee5ng n\u00e0y c\u00f3 hi\u1ec7u l\u1ef1c v\u00f4 th\u1eddi h\u1ea1n. M\u1ecdi khi\u1ebfu n\u1ea1i ho\u1eb7c tranh ch\u1ea5p ph\u00e1p l\u00fd li\u00ean quan \u0111\u1ebfn n\u1ec1n t\u1ea3ng ph\u1ea3i \u0111\u01b0\u1ee3c kh\u1edfi ki\u1ec7n trong v\u00f2ng 90 (ch\u00edn m\u01b0\u01a1i) ng\u00e0y k\u1ec3 t\u1eeb ng\u00e0y x\u1ea3y ra s\u1ef1 ki\u1ec7n d\u1eabn \u0111\u1ebfn khi\u1ebfu n\u1ea1i.<\/p>\n\n\n\n<h3 class=\"wp-block-heading\"><strong>\u0110i\u1ec1u VII \u2013 Lu\u1eadt \u0111i\u1ec1u ch\u1ec9nh v\u00e0 th\u1ea9m quy\u1ec1n<\/strong><\/h3>\n\n\n\n<p>C\u00e1c \u0110i\u1ec1u kho\u1ea3n s\u1eed d\u1ee5ng n\u00e0y s\u1ebd \u0111\u01b0\u1ee3c \u0111i\u1ec1u ch\u1ec9nh v\u00e0 di\u1ec5n gi\u1ea3i theo <strong>lu\u1eadt ph\u00e1p c\u1ee7a C\u1ed9ng h\u00f2a Estonia<\/strong>. M\u1ecdi tranh ch\u1ea5p, b\u1ea5t \u0111\u1ed3ng ho\u1eb7c khi\u1ebfu n\u1ea1i ph\u00e1t sinh t\u1eeb ho\u1eb7c li\u00ean quan \u0111\u1ebfn c\u00e1c \u0110i\u1ec1u kho\u1ea3n n\u00e0y ho\u1eb7c vi\u1ec7c s\u1eed d\u1ee5ng trang web n\u00e0y s\u1ebd \u0111\u01b0\u1ee3c gi\u1ea3i quy\u1ebft theo lu\u1eadt ph\u00e1p Estonia, theo <strong>quy\u1ec1n t\u00e0i ph\u00e1n \u0111\u1ed9c quy\u1ec1n c\u1ee7a t\u00f2a \u00e1n c\u00f3 tr\u1ee5 s\u1edf t\u1ea1i Tallinn, Estonia<\/strong>.<br>\u0110i\u1ec1u kho\u1ea3n n\u00e0y \u0111\u1ea3m b\u1ea3o t\u00ednh minh b\u1ea1ch v\u1ec1 m\u1eb7t ph\u00e1p l\u00fd v\u00e0 s\u1ef1 ph\u00f9 h\u1ee3p v\u1edbi c\u00e1c th\u00f4ng l\u1ec7 tu\u00e2n th\u1ee7 qu\u1ed1c t\u1ebf t\u1ed1t nh\u1ea5t, theo quy \u0111\u1ecbnh c\u1ee7a Estonia <em>\u0110\u1ea1o lu\u1eadt v\u1ec1 ngh\u0129a v\u1ee5<\/em> V\u00e0 <em>\u0110\u1ea1o lu\u1eadt Lu\u1eadt Qu\u1ed1c t\u1ebf T\u01b0 nh\u00e2n<\/em>.<\/p>\n\n\n\n<h3 class=\"wp-block-heading\"><strong>\u0110i\u1ec1u VIII \u2013 S\u1edf h\u1eefu tr\u00ed tu\u1ec7<\/strong><\/h3>\n\n\n\n<p>8.1 T\u1ea5t c\u1ea3 n\u1ed9i dung tr\u00ean <strong>TheTheniv<\/strong>, bao g\u1ed3m c\u00e1c b\u00e0i vi\u1ebft, \u0111\u1ed3 h\u1ecda, v\u0103n b\u1ea3n v\u00e0 th\u01b0\u01a1ng hi\u1ec7u, \u0111\u01b0\u1ee3c b\u1ea3o v\u1ec7 b\u1edfi lu\u1eadt s\u1edf h\u1eefu tr\u00ed tu\u1ec7.<br>8.2 B\u1ea1n kh\u00f4ng \u0111\u01b0\u1ee3c sao ch\u00e9p, t\u00e1i b\u1ea3n, xu\u1ea5t b\u1ea3n l\u1ea1i ho\u1eb7c ph\u00e2n ph\u1ed1i b\u1ea5t k\u1ef3 ph\u1ea7n n\u00e0o c\u1ee7a n\u1ed9i dung m\u00e0 kh\u00f4ng c\u00f3 s\u1ef1 cho ph\u00e9p b\u1eb1ng v\u0103n b\u1ea3n t\u1eeb <strong>TheTheniv<\/strong>.<br>8.3 N\u1ed9i dung do ng\u01b0\u1eddi d\u00f9ng g\u1eedi v\u1eabn thu\u1ed9c tr\u00e1ch nhi\u1ec7m c\u1ee7a ng\u01b0\u1eddi \u0111\u00f3ng g\u00f3p. <strong>TheTheniv<\/strong> c\u00f3 quy\u1ec1n x\u00f3a b\u1ea5t k\u1ef3 n\u1ed9i dung n\u00e0o vi ph\u1ea1m c\u00e1c ti\u00eau chu\u1ea9n ph\u00e1p l\u00fd ho\u1eb7c \u0111\u1ea1o \u0111\u1ee9c.<\/p>\n\n\n\n<h3 class=\"wp-block-heading\"><strong>\u0110i\u1ec1u IX \u2013 S\u1eeda \u0111\u1ed5i \u0110i\u1ec1u kho\u1ea3n<\/strong><\/h3>\n\n\n\n<p><strong>TheTheniv<\/strong> c\u00f3 quy\u1ec1n c\u1eadp nh\u1eadt, s\u1eeda \u0111\u1ed5i ho\u1eb7c ng\u1eebng b\u1ea5t k\u1ef3 ph\u1ea7n n\u00e0o c\u1ee7a c\u00e1c \u0110i\u1ec1u kho\u1ea3n ho\u1eb7c d\u1ecbch v\u1ee5 n\u00e0y b\u1ea5t c\u1ee9 l\u00fac n\u00e0o m\u00e0 kh\u00f4ng c\u1ea7n th\u00f4ng b\u00e1o tr\u01b0\u1edbc.<br>B\u1ea1n c\u00f3 tr\u00e1ch nhi\u1ec7m xem l\u1ea1i trang n\u00e0y \u0111\u1ecbnh k\u1ef3. Vi\u1ec7c ti\u1ebfp t\u1ee5c s\u1eed d\u1ee5ng n\u1ec1n t\u1ea3ng n\u00e0y \u0111\u1ed3ng ngh\u0129a v\u1edbi vi\u1ec7c ch\u1ea5p nh\u1eadn b\u1ea5t k\u1ef3 \u0111i\u1ec1u kho\u1ea3n s\u1eeda \u0111\u1ed5i n\u00e0o.<\/p>\n\n\n\n<h3 class=\"wp-block-heading\"><strong>\u0110i\u1ec1u X \u2013 Li\u00ean h\u1ec7<\/strong><\/h3>\n\n\n\n<p>\u0110\u1ed1i v\u1edbi c\u00e1c c\u00e2u h\u1ecfi ho\u1eb7c th\u1eafc m\u1eafc li\u00ean quan \u0111\u1ebfn \u0110i\u1ec1u kho\u1ea3n s\u1eed d\u1ee5ng n\u00e0y, b\u1ea1n c\u00f3 th\u1ec3 li\u00ean h\u1ec7 v\u1edbi ch\u00fang t\u00f4i t\u1ea1i:<br><a>https:\/\/thetheniv.com\/contact<\/a><br>E-mail: <a>info@thetheniv.com<\/a><\/p>\n\n\n\n<p><strong>N\u1ebeU B\u1ea0N KH\u00d4NG \u0110\u1ed2NG \u00dd V\u1edaI C\u00c1C \u0110I\u1ec0U KHO\u1ea2N N\u00c0Y, VUI L\u00d2NG KH\u00d4NG S\u1eec D\u1ee4NG THETHENIV V\u00c0 C\u00c1C D\u1ecaCH V\u1ee4 C\u1ee6A THETHENIV.<\/strong><\/p>","protected":false},"excerpt":{"rendered":"<p>C\u1eadp nh\u1eadt l\u1ea7n cu\u1ed1i: 29 th\u00e1ng 6 n\u0103m 2025 TheTheniv (https:\/\/thetheniv.com) ho\u1ea1t \u0111\u1ed9ng nh\u01b0 m\u1ed9t n\u1ec1n t\u1ea3ng xu\u1ea5t b\u1ea3n k\u1ef9 thu\u1eadt s\u1ed1 \u0111\u1ed9c l\u1eadp, cung c\u1ea5p n\u1ed9i dung k\u1ef9 thu\u1eadt v\u00e0 c\u00e1c b\u00e0i vi\u1ebft t\u1eadp trung v\u00e0o \u0111\u1ed5i m\u1edbi, chuy\u1ec3n \u0111\u1ed5i s\u1ed1 v\u00e0 truy\u1ec1n th\u00f4ng trong l\u0129nh v\u1ef1c c\u00f4ng ngh\u1ec7. B\u1eb1ng vi\u1ec7c truy c\u1eadp ho\u1eb7c s\u1eed d\u1ee5ng trang web n\u00e0y, b\u1ea1n \u0111\u1ed3ng \u00fd tu\u00e2n th\u1ee7 c\u00e1c \u0111i\u1ec1u kho\u1ea3n, \u0111i\u1ec1u ki\u1ec7n v\u00e0 ch\u00ednh s\u00e1ch \u0111\u01b0\u1ee3c n\u00eau d\u01b0\u1edbi \u0111\u00e2y. C\u00e1c \u0110i\u1ec1u kho\u1ea3n S\u1eed d\u1ee5ng n\u00e0y x\u00e1c \u0111\u1ecbnh c\u00e1c quy\u1ec1n [\u2026]<\/p>","protected":false},"author":198,"featured_media":0,"parent":0,"menu_order":0,"comment_status":"closed","ping_status":"closed","template":"","meta":{"footnotes":""},"_links":{"self":[{"href":"https:\/\/thetheniv.com\/vi\/wp-json\/wp\/v2\/pages\/90"}],"collection":[{"href":"https:\/\/thetheniv.com\/vi\/wp-json\/wp\/v2\/pages"}],"about":[{"href":"https:\/\/thetheniv.com\/vi\/wp-json\/wp\/v2\/types\/page"}],"author":[{"embeddable":true,"href":"https:\/\/thetheniv.com\/vi\/wp-json\/wp\/v2\/users\/198"}],"replies":[{"embeddable":true,"href":"https:\/\/thetheniv.com\/vi\/wp-json\/wp\/v2\/comments?post=90"}],"version-history":[{"count":2,"href":"https:\/\/thetheniv.com\/vi\/wp-json\/wp\/v2\/pages\/90\/revisions"}],"predecessor-version":[{"id":494,"href":"https:\/\/thetheniv.com\/vi\/wp-json\/wp\/v2\/pages\/90\/revisions\/494"}],"wp:attachment":[{"href":"https:\/\/thetheniv.com\/vi\/wp-json\/wp\/v2\/media?parent=90"}],"curies":[{"name":"wp","href":"https:\/\/api.w.org\/{rel}","templated":true}]}}