    {"id":93,"date":"2025-06-29T16:54:22","date_gmt":"2025-06-29T16:54:22","guid":{"rendered":"https:\/\/thetheniv.com\/?page_id=93"},"modified":"2025-06-29T16:54:22","modified_gmt":"2025-06-29T16:54:22","slug":"about-us","status":"publish","type":"page","link":"https:\/\/thetheniv.com\/vi\/about-us\/","title":{"rendered":"Gi\u1edbi thi\u1ec7u v\u1ec1 ch\u00fang t\u00f4i"},"content":{"rendered":"<p>Ch\u00e0o m\u1eebng \u0111\u1ebfn v\u1edbi <strong>TheTheniv<\/strong> \u2013 trung t\u00e2m n\u1ed9i dung c\u1ee7a b\u1ea1n v\u1ec1 \u0111\u1ed5i m\u1edbi k\u1ef9 thu\u1eadt s\u1ed1, truy\u1ec1n th\u00f4ng c\u00f4ng ngh\u1ec7 v\u00e0 chuy\u1ec3n \u0111\u1ed5i hi\u1ec7n \u0111\u1ea1i. Cho d\u00f9 b\u1ea1n m\u1edbi b\u01b0\u1edbc v\u00e0o l\u0129nh v\u1ef1c c\u00f4ng ngh\u1ec7, \u0111ang ph\u00e1t tri\u1ec3n chi\u1ebfn l\u01b0\u1ee3c n\u1ed9i dung hay \u0111ang t\u00ecm ki\u1ebfm nh\u1eefng g\u00f3c nh\u00ecn m\u1edbi m\u1ebb, <strong>TheTheniv<\/strong> lu\u00f4n \u1edf \u0111\u00e2y \u0111\u1ec3 \u0111\u1ed3ng h\u00e0nh c\u00f9ng b\u1ea1n tr\u00ean m\u1ecdi ch\u1eb7ng \u0111\u01b0\u1eddng.<\/p>\n\n\n\n<h3 class=\"wp-block-heading\"><strong>\u0110i\u1ec1u g\u00ec th\u00fac \u0111\u1ea9y ch\u00fang ta<\/strong><\/h3>\n\n\n\n<p>T\u1ea1i <strong>TheTheniv<\/strong>Ch\u00fang t\u00f4i tin r\u1eb1ng th\u00f4ng tin ph\u1ea3i s\u00e2u s\u1eafc, thi\u1ebft th\u1ef1c v\u00e0 ph\u00f9 h\u1ee3p v\u1edbi th\u1ebf gi\u1edbi s\u1ed1 ng\u00e0y nay. S\u1ee9 m\u1ec7nh c\u1ee7a ch\u00fang t\u00f4i r\u1ea5t \u0111\u01a1n gi\u1ea3n: xu\u1ea5t b\u1ea3n n\u1ed9i dung ch\u1ea5t l\u01b0\u1ee3ng cao, d\u1ec5 theo d\u00f5i, gi\u00fap c\u00e1c nh\u00e0 s\u00e1ng t\u1ea1o, chuy\u00ean gia v\u00e0 \u0111\u1ed9i ng\u0169 lu\u00f4n c\u1eadp nh\u1eadt th\u00f4ng tin, \u0111\u01b0\u1ee3c truy\u1ec1n c\u1ea3m h\u1ee9ng v\u00e0 d\u1eabn \u0111\u1ea7u xu h\u01b0\u1edbng. Ki\u1ebfn th\u1ee9c kh\u00f4ng ch\u1ec9 l\u00e0 xu h\u01b0\u1edbng \u2013 m\u00e0 c\u00f2n l\u00e0 s\u1ef1 r\u00f5 r\u00e0ng v\u00e0 \u0111\u1ecbnh h\u01b0\u1edbng.<\/p>\n\n\n\n<h3 class=\"wp-block-heading\"><strong>Ch\u00fang t\u00f4i l\u00e0 ai<\/strong><\/h3>\n\n\n\n<p>Ch\u00fang t\u00f4i l\u00e0 m\u1ed9t nh\u00f3m g\u1ed3m c\u00e1c nh\u00e0 v\u0103n, nh\u00e0 chi\u1ebfn l\u01b0\u1ee3c v\u00e0 nh\u1eefng ng\u01b0\u1eddi \u0111am m\u00ea c\u00f4ng ngh\u1ec7, c\u00f3 ni\u1ec1m \u0111am m\u00ea bi\u1ebfn nh\u1eefng \u00fd t\u01b0\u1edfng ph\u1ee9c t\u1ea1p th\u00e0nh \u0111\u01a1n gi\u1ea3n. <strong>TheTheniv<\/strong> ra \u0111\u1eddi t\u1eeb mong mu\u1ed1n thu h\u1eb9p kho\u1ea3ng c\u00e1ch gi\u1eefa \u0111\u1ed5i m\u1edbi v\u00e0 truy\u1ec1n th\u00f4ng. \u0110i\u1ec1u \u0111\u00f3 c\u00f3 ngh\u0129a l\u00e0 ch\u00fang t\u00f4i t\u1eadp trung v\u00e0o n\u1ed9i dung kh\u00f4ng ch\u1ec9 h\u1ea5p d\u1eabn m\u00e0 c\u00f2n g\u1eafn li\u1ec1n v\u1edbi th\u1ef1c t\u1ebf \u2013 d\u00f9 \u0111\u00f3 l\u00e0 c\u00f4ng ngh\u1ec7 m\u1edbi n\u1ed5i, chi\u1ebfn l\u01b0\u1ee3c s\u1ed1, c\u00f4ng c\u1ee5 truy\u1ec1n th\u00f4ng hay thi\u1ebft k\u1ebf n\u1ed9i dung.<\/p>\n\n\n\n<p>\u1ede \u0111\u00e2y, b\u1ea1n kh\u00f4ng ch\u1ec9 l\u00e0 m\u1ed9t \u0111\u1ed9c gi\u1ea3. B\u1ea1n l\u00e0 m\u1ed9t ph\u1ea7n c\u1ee7a m\u1ed9t c\u1ed9ng \u0111\u1ed3ng \u0111ang ph\u00e1t tri\u1ec3n, coi tr\u1ecdng chi\u1ec1u s\u00e2u, s\u1ef1 t\u00f2 m\u00f2 v\u00e0 s\u1ef1 ti\u1ebfn b\u1ed9.<\/p>\n\n\n\n<h3 class=\"wp-block-heading\"><strong>Tham gia<\/strong><\/h3>\n\n\n\n<p>B\u1ea1n c\u00f3 \u00fd t\u01b0\u1edfng cho m\u1ed9t b\u00e0i vi\u1ebft? B\u1ea1n mu\u1ed1n chia s\u1ebb quan \u0111i\u1ec3m c\u1ee7a m\u00ecnh ho\u1eb7c \u0111\u1ec1 xu\u1ea5t m\u1ed9t ch\u1ee7 \u0111\u1ec1 m\u00e0 ch\u00fang t\u00f4i n\u00ean \u0111\u1ec1 c\u1eadp? Ch\u00fang t\u00f4i r\u1ea5t mong nh\u1eadn \u0111\u01b0\u1ee3c ph\u1ea3n h\u1ed3i t\u1eeb b\u1ea1n. T\u1ea1i <strong>TheTheniv<\/strong>Ph\u1ea3n h\u1ed3i c\u1ee7a b\u1ea1n s\u1ebd th\u00fac \u0111\u1ea9y ch\u00fang t\u00f4i th\u1ef1c hi\u1ec7n c\u00e1c b\u01b0\u1edbc ti\u1ebfp theo v\u00e0 \u00fd ki\u1ebfn \u0111\u00f3ng g\u00f3p c\u1ee7a b\u1ea1n s\u1ebd gi\u00fap \u0111\u1ecbnh h\u00ecnh h\u01b0\u1edbng \u0111i c\u1ee7a ng\u00e0nh xu\u1ea5t b\u1ea3n k\u1ef9 thu\u1eadt s\u1ed1 hi\u1ec7n \u0111\u1ea1i.<\/p>\n\n\n\n<p>H\u00e3y c\u00f9ng nhau x\u00e2y d\u1ef1ng \u0111i\u1ec1u g\u00ec \u0111\u00f3 t\u1ed1t \u0111\u1eb9p h\u01a1n \u2013 t\u1eebng ch\u1ee7 \u0111\u1ec1, t\u1eebng hi\u1ec3u bi\u1ebft, t\u1eebng s\u1ef1 chuy\u1ec3n \u0111\u1ed5i.<\/p>","protected":false},"excerpt":{"rendered":"<p>Ch\u00e0o m\u1eebng b\u1ea1n \u0111\u1ebfn v\u1edbi TheTheniv \u2013 trung t\u00e2m n\u1ed9i dung c\u1ee7a b\u1ea1n v\u1ec1 \u0111\u1ed5i m\u1edbi k\u1ef9 thu\u1eadt s\u1ed1, truy\u1ec1n th\u00f4ng c\u00f4ng ngh\u1ec7 v\u00e0 chuy\u1ec3n \u0111\u1ed5i hi\u1ec7n \u0111\u1ea1i. D\u00f9 b\u1ea1n m\u1edbi b\u01b0\u1edbc ch\u00e2n v\u00e0o l\u0129nh v\u1ef1c c\u00f4ng ngh\u1ec7, \u0111ang ph\u00e1t tri\u1ec3n chi\u1ebfn l\u01b0\u1ee3c n\u1ed9i dung hay \u0111ang t\u00ecm ki\u1ebfm nh\u1eefng g\u00f3c nh\u00ecn m\u1edbi m\u1ebb, TheTheniv lu\u00f4n \u0111\u1ed3ng h\u00e0nh c\u00f9ng b\u1ea1n tr\u00ean t\u1eebng b\u01b0\u1edbc \u0111\u01b0\u1eddng. \u0110\u1ed9ng l\u1ef1c c\u1ee7a ch\u00fang t\u00f4i T\u1ea1i TheTheniv, ch\u00fang t\u00f4i tin r\u1eb1ng th\u00f4ng tin ph\u1ea3i s\u00e2u s\u1eafc, c\u00f3 th\u1ec3 h\u00e0nh \u0111\u1ed9ng, [\u2026]<\/p>","protected":false},"author":198,"featured_media":0,"parent":0,"menu_order":0,"comment_status":"closed","ping_status":"closed","template":"","meta":{"footnotes":""},"_links":{"self":[{"href":"https:\/\/thetheniv.com\/vi\/wp-json\/wp\/v2\/pages\/93"}],"collection":[{"href":"https:\/\/thetheniv.com\/vi\/wp-json\/wp\/v2\/pages"}],"about":[{"href":"https:\/\/thetheniv.com\/vi\/wp-json\/wp\/v2\/types\/page"}],"author":[{"embeddable":true,"href":"https:\/\/thetheniv.com\/vi\/wp-json\/wp\/v2\/users\/198"}],"replies":[{"embeddable":true,"href":"https:\/\/thetheniv.com\/vi\/wp-json\/wp\/v2\/comments?post=93"}],"version-history":[{"count":1,"href":"https:\/\/thetheniv.com\/vi\/wp-json\/wp\/v2\/pages\/93\/revisions"}],"predecessor-version":[{"id":94,"href":"https:\/\/thetheniv.com\/vi\/wp-json\/wp\/v2\/pages\/93\/revisions\/94"}],"wp:attachment":[{"href":"https:\/\/thetheniv.com\/vi\/wp-json\/wp\/v2\/media?parent=93"}],"curies":[{"name":"wp","href":"https:\/\/api.w.org\/{rel}","templated":true}]}}